{"id":35914,"date":"2025-03-05T18:24:55","date_gmt":"2025-03-05T18:24:55","guid":{"rendered":"https:\/\/marqalicante-admin.qwair.com\/item\/noven-anos-1252-1284\/"},"modified":"2025-03-05T18:27:55","modified_gmt":"2025-03-05T18:27:55","slug":"noven-anos-1252-1284","status":"publish","type":"product","link":"https:\/\/marqalicante-admin.qwair.com\/va\/producte\/noven-anos-1252-1284\/","title":{"rendered":"<b>Nou<\/b>   Anys 1252-1284."},"content":{"rendered":"","protected":false},"excerpt":{"rendered":"<h3>Feudal<\/h3>\n<p><b>Metall:<\/b> Plata.<br \/><b>Entitat emissora: <\/b> Corona de Castella. Alfons X.<br \/><b>Seca:<\/b> No \u00e9s precisable.<br \/><b>Data:<\/b> Anys 1252-1284.<br \/><b>Anvers:<\/b><br \/> Castell al centre. Llegenda: MONETA CASTELLE. Presenta un punt a sota del castell.<br \/>\n<br \/><b>Revers:<\/b><br \/> Lle\u00f3 a esquerra. Llegenda: ET LEGIONIS.<br \/><b>Pes:<\/b> 0.79 g \u2013 <b>Di\u00e0metre:<\/b> 18 mm \u2013 <b>Eixos:<\/b> 9 h.<br \/><b>Descrita a:<\/b> \u00c1lvarez Burgos, F., 1980: Cat\u00e0leg general de la moneda medieval hispanocristiana, Madrid, p. 37, n\u00fam. 207.<br \/>\n<br \/><b>Publicada a:<\/b><br \/>Dom\u00e8nech Belda, C., Ramon S\u00e1nchez, JJ, Ahuir Dom\u00ednguez, JA, 2010: \u00abCat\u00e0leg. Edat Mitjana\u00bb, a Ram\u00f3n S\u00e1nchez, JJ (ed.), Monedes. Totes les cares de la Hist\u00f2ria. Col\u00b7leccions numism\u00e0tiques del MARQ, Alacant, p.145.<br \/><b>N\u00famero Inventari Monetari:<\/b> 395.<br \/>Compra. Col\u00b7lecci\u00f3 Isidro Albert<\/p>","protected":false},"featured_media":35516,"template":"","meta":{"kia_subtitle":""},"product_brand":[],"product_cat":[2316],"product_tag":[],"class_list":{"0":"post-35914","1":"product","2":"type-product","3":"status-publish","4":"has-post-thumbnail","6":"product_cat-catalogo-numismatico","8":"first","9":"instock","10":"virtual","11":"product-type-simple"},"meta_box":{"ia_expediente":"","ia_ano":"","ia_fechas_de_actuacion":"","ia_municipios_comarcas":"","ia_directores":"","ia_periodos_culturales":"","ia_tipos_de_intervencion":"","ia_equipo_tecnico":"","ia_autores":"","ia_promotores":"","ia_deposito_de_materiales":"","ia_coordenadas_utm":""},"_links":{"self":[{"href":"https:\/\/marqalicante-admin.qwair.com\/va\/wp-json\/wp\/v2\/product\/35914","targetHints":{"allow":["GET"]}}],"collection":[{"href":"https:\/\/marqalicante-admin.qwair.com\/va\/wp-json\/wp\/v2\/product"}],"about":[{"href":"https:\/\/marqalicante-admin.qwair.com\/va\/wp-json\/wp\/v2\/types\/product"}],"wp:featuredmedia":[{"embeddable":true,"href":"https:\/\/marqalicante-admin.qwair.com\/va\/wp-json\/wp\/v2\/media\/35516"}],"wp:attachment":[{"href":"https:\/\/marqalicante-admin.qwair.com\/va\/wp-json\/wp\/v2\/media?parent=35914"}],"wp:term":[{"taxonomy":"product_brand","embeddable":true,"href":"https:\/\/marqalicante-admin.qwair.com\/va\/wp-json\/wp\/v2\/product_brand?post=35914"},{"taxonomy":"product_cat","embeddable":true,"href":"https:\/\/marqalicante-admin.qwair.com\/va\/wp-json\/wp\/v2\/product_cat?post=35914"},{"taxonomy":"product_tag","embeddable":true,"href":"https:\/\/marqalicante-admin.qwair.com\/va\/wp-json\/wp\/v2\/product_tag?post=35914"}],"curies":[{"name":"wp","href":"https:\/\/api.w.org\/{rel}","templated":true}]}}