{"id":35908,"date":"2025-03-05T18:24:53","date_gmt":"2025-03-05T18:24:53","guid":{"rendered":"https:\/\/marqalicante-admin.qwair.com\/item\/moneda-ae2-anos-378-383-d-c-2\/"},"modified":"2025-03-05T18:27:54","modified_gmt":"2025-03-05T18:27:54","slug":"moneda-ae2-anos-378-383-d-c-2","status":"publish","type":"product","link":"https:\/\/marqalicante-admin.qwair.com\/va\/producte\/moneda-ae2-anos-378-383-d-c-2\/","title":{"rendered":"<b>Moneda (Ae2)<\/b>   Anys 378-383 d. C."},"content":{"rendered":"","protected":false},"excerpt":{"rendered":"<h3>Imperi rom\u00e0<\/h3>\n<p><b>Metall:<\/b> Bronze.<br \/><b>Entitat emissora: <\/b> Roma. Graci\u00e0.<br \/><b>Seca:<\/b> Aquilea (It\u00e0lia).<br \/><b>Data:<\/b> Anys 378-383 d. C.<br \/><b>Anvers:<\/b><br \/> Bust amb diadema de perles i drapejat a dreta. Llegenda: DN GRATIA \u2013 NVS PF AVG.<br \/>\n<br \/><b>Revers:<\/b><br \/> Emperador de peu i de front, amb cap a esquerra, amb m\u00e0 dreta incorporant figura femenina agenollada i sostenint amb la m\u00e0 esquerra una Vict\u00f2ria sobre globus. Llegenda: REPARATIO \u2013 REI PVB. Marca de seca: SMAQ.<br \/>\n<br \/><b>Pes:<\/b> 4.3 g \u2013 <b>Di\u00e0metre:<\/b> 22 mm \u2013 <b>Eixos:<\/b> 1 h.<br \/><b>Descrita a:<\/b> RIC IX 30 a.<br \/><b>Publicada a:<\/b><br \/>Rosell\u00f3 Cremades, N., 1990: \u201cCatalogaci\u00f3 dels fons numism\u00e0tics ib\u00e8rics i romans de les col\u00b7leccions de: D. Isidro Albert, D. Ram\u00f3n Quiles i d&#039;un tresoret de monedes tardoromanes\u201d, Ajudes a la investigaci\u00f3 1986-1987. Institut de Cultura Juan Gil-Albert, p. 198, n\u00fam. 39; Ramon S\u00e1nchez, JJ, Garc\u00eda Barrachina, A., Verd\u00fa Parra, E., Bayo Fuentes, S., 2010: \u00abCat\u00e0leg. Antiguitat\u00bb, a Ram\u00f3n S\u00e1nchez, JJ (ed.), Monedes. Totes les cares de la Hist\u00f2ria. Col\u00b7leccions numism\u00e0tiques del MARQ, Alacant, p. 124.<br \/><b>N\u00famero Inventari Monetari:<\/b> 637.<br \/>Compra. Tresor baix imperial de proced\u00e8ncia desconeguda<\/p>","protected":false},"featured_media":35498,"template":"","meta":{"kia_subtitle":""},"product_brand":[],"product_cat":[2316],"product_tag":[],"class_list":{"0":"post-35908","1":"product","2":"type-product","3":"status-publish","4":"has-post-thumbnail","6":"product_cat-catalogo-numismatico","8":"first","9":"instock","10":"virtual","11":"product-type-simple"},"meta_box":{"ia_expediente":"","ia_ano":"","ia_fechas_de_actuacion":"","ia_municipios_comarcas":"","ia_directores":"","ia_periodos_culturales":"","ia_tipos_de_intervencion":"","ia_equipo_tecnico":"","ia_autores":"","ia_promotores":"","ia_deposito_de_materiales":"","ia_coordenadas_utm":""},"_links":{"self":[{"href":"https:\/\/marqalicante-admin.qwair.com\/va\/wp-json\/wp\/v2\/product\/35908","targetHints":{"allow":["GET"]}}],"collection":[{"href":"https:\/\/marqalicante-admin.qwair.com\/va\/wp-json\/wp\/v2\/product"}],"about":[{"href":"https:\/\/marqalicante-admin.qwair.com\/va\/wp-json\/wp\/v2\/types\/product"}],"wp:featuredmedia":[{"embeddable":true,"href":"https:\/\/marqalicante-admin.qwair.com\/va\/wp-json\/wp\/v2\/media\/35498"}],"wp:attachment":[{"href":"https:\/\/marqalicante-admin.qwair.com\/va\/wp-json\/wp\/v2\/media?parent=35908"}],"wp:term":[{"taxonomy":"product_brand","embeddable":true,"href":"https:\/\/marqalicante-admin.qwair.com\/va\/wp-json\/wp\/v2\/product_brand?post=35908"},{"taxonomy":"product_cat","embeddable":true,"href":"https:\/\/marqalicante-admin.qwair.com\/va\/wp-json\/wp\/v2\/product_cat?post=35908"},{"taxonomy":"product_tag","embeddable":true,"href":"https:\/\/marqalicante-admin.qwair.com\/va\/wp-json\/wp\/v2\/product_tag?post=35908"}],"curies":[{"name":"wp","href":"https:\/\/api.w.org\/{rel}","templated":true}]}}