{"id":35895,"date":"2025-03-05T18:24:48","date_gmt":"2025-03-05T18:24:48","guid":{"rendered":"https:\/\/marqalicante-admin.qwair.com\/item\/semis-inicios-del-siglo-i-a-c\/"},"modified":"2025-03-05T18:27:51","modified_gmt":"2025-03-05T18:27:51","slug":"semis-inicios-del-siglo-i-a-c","status":"publish","type":"product","link":"https:\/\/marqalicante-admin.qwair.com\/va\/producte\/semis-inicios-del-siglo-i-a-c\/","title":{"rendered":"<b>Semis<\/b>   Inicis del segle I a. C."},"content":{"rendered":"","protected":false},"excerpt":{"rendered":"<h3>Ib\u00e8ric final o Tardorrepublic\u00e0<\/h3>\n<p><b>Metall:<\/b> Bronze.<br \/><b>Entitat emissora: <\/b> Gades (Cadis).<br \/><b>Seca:<\/b> Gades (Cadis).<br \/><b>Data:<\/b> Inicis del segle I a. C.<br \/><b>Anvers:<\/b><br \/> Cap de Melqart a esquerra coberta amb pell de lle\u00f3. Davant clava.<br \/><b>Revers:<\/b><br \/> Dues tonyines a esquerra, entre els caps creixent extern amb punt central, entre les cues lletra fen\u00edcia aleph. Punt central, sobre ell inscripci\u00f3 fen\u00edcia MP&#039;L, sota &#039;GDR.<br \/>\n<br \/><b>Pes:<\/b> 4.7 g \u2013 <b>Di\u00e0metre:<\/b> 19 mm \u2013 <b>Eixos:<\/b> 11 h.<br \/><b>Descrita a:<\/b> CNH, 89, n\u00fam. 58; Vives, 79-6.<br \/><b>Publicada a:<\/b><br \/>Ripoll\u00e8s Alegre, PP, 1982: La circulaci\u00f3 monet\u00e0ria a la Tarraconense Mediterr\u00e0nia, Val\u00e8ncia, p. 223, llum. 34, n\u00fam. 149; Ramon S\u00e1nchez, JJ, Garc\u00eda Barrachina, A., Verd\u00fa Parra, E., Bayo Fuentes, S., 2010: \u00abCat\u00e0leg. Antiguitat\u00bb, a Ram\u00f3n S\u00e1nchez, JJ (ed.), Monedes. Totes les cares de la Hist\u00f2ria. Col\u00b7leccions numism\u00e0tiques del MARQ, Alacant, p. 104.<br \/><b>N\u00famero Inventari Monetari:<\/b> 106.<br \/>Compra. Col\u00b7lecci\u00f3 Isidro Albert<\/p>","protected":false},"featured_media":35459,"template":"","meta":{"kia_subtitle":""},"product_brand":[],"product_cat":[2316],"product_tag":[],"class_list":{"0":"post-35895","1":"product","2":"type-product","3":"status-publish","4":"has-post-thumbnail","6":"product_cat-catalogo-numismatico","8":"first","9":"instock","10":"virtual","11":"product-type-simple"},"meta_box":{"ia_expediente":"","ia_ano":"","ia_fechas_de_actuacion":"","ia_municipios_comarcas":"","ia_directores":"","ia_periodos_culturales":"","ia_tipos_de_intervencion":"","ia_equipo_tecnico":"","ia_autores":"","ia_promotores":"","ia_deposito_de_materiales":"","ia_coordenadas_utm":""},"_links":{"self":[{"href":"https:\/\/marqalicante-admin.qwair.com\/va\/wp-json\/wp\/v2\/product\/35895","targetHints":{"allow":["GET"]}}],"collection":[{"href":"https:\/\/marqalicante-admin.qwair.com\/va\/wp-json\/wp\/v2\/product"}],"about":[{"href":"https:\/\/marqalicante-admin.qwair.com\/va\/wp-json\/wp\/v2\/types\/product"}],"wp:featuredmedia":[{"embeddable":true,"href":"https:\/\/marqalicante-admin.qwair.com\/va\/wp-json\/wp\/v2\/media\/35459"}],"wp:attachment":[{"href":"https:\/\/marqalicante-admin.qwair.com\/va\/wp-json\/wp\/v2\/media?parent=35895"}],"wp:term":[{"taxonomy":"product_brand","embeddable":true,"href":"https:\/\/marqalicante-admin.qwair.com\/va\/wp-json\/wp\/v2\/product_brand?post=35895"},{"taxonomy":"product_cat","embeddable":true,"href":"https:\/\/marqalicante-admin.qwair.com\/va\/wp-json\/wp\/v2\/product_cat?post=35895"},{"taxonomy":"product_tag","embeddable":true,"href":"https:\/\/marqalicante-admin.qwair.com\/va\/wp-json\/wp\/v2\/product_tag?post=35895"}],"curies":[{"name":"wp","href":"https:\/\/api.w.org\/{rel}","templated":true}]}}