{"id":35892,"date":"2025-03-05T18:24:47","date_gmt":"2025-03-05T18:24:47","guid":{"rendered":"https:\/\/marqalicante-admin.qwair.com\/item\/divisor-cuarto-anos-130-72-a-c\/"},"modified":"2025-03-05T18:27:51","modified_gmt":"2025-03-05T18:27:51","slug":"divisor-cuarto-anos-130-72-a-c","status":"publish","type":"product","link":"https:\/\/marqalicante-admin.qwair.com\/va\/producte\/divisor-cuarto-anos-130-72-a-c\/","title":{"rendered":"<b>Divisor (quart)<\/b>   Anys 130-72 a. C."},"content":{"rendered":"","protected":false},"excerpt":{"rendered":"<h3>Ib\u00e8ric final o Tardorrepublic\u00e0<\/h3>\n<p><b>Metall:<\/b> Bronze.<br \/><b>Entitat emissora: <\/b> Arse\/Saguntum (Sagunt).<br \/><b>Seca:<\/b> Arse\/Saguntum (Sagunt).<br \/><b>Data:<\/b> Anys 130-72 a. C.<br \/><b>Anvers:<\/b><br \/> Venera.<br \/><b>Revers:<\/b><br \/> Dof\u00ed a dreta, a sobre tres gl\u00f2buls; a sota sobre l\u00ednia, inscripci\u00f3 ib\u00e8rica nexada AIU.BAS.<br \/><b>Pes:<\/b> 3.12 g \u2013 <b>Di\u00e0metre:<\/b> 18 mm \u2013 <b>Eixos:<\/b> 10 h.<br \/><b>Descrita a:<\/b> CNH, 308, n\u00fam. 32; Vives, 19-6; Ripoll\u00e8s Alegre, PP i Llorens Forcada, MM, 2002: Arse-Saguntum. Hist\u00f2ria monet\u00e0ria de la ciutat i el seu territori, Sagunt, p. 454, 353a.<br \/><b>Publicada a:<\/b><br \/>Ripoll\u00e8s Alegre, PP i Llorens Forcada, MM, 2002: Arse-Saguntum. Hist\u00f2ria monet\u00e0ria de la ciutat i el seu territori, Sagunt, p. 454, 353a; Ramon S\u00e1nchez, JJ, Garc\u00eda Barrachina, A., Verd\u00fa Parra, E., Bayo Fuentes, S., 2010: \u00abCat\u00e0leg. Antiguitat\u00bb, a Ram\u00f3n S\u00e1nchez, JJ (ed.), Monedes. Totes les cares de la Hist\u00f2ria. Col\u00b7leccions numism\u00e0tiques del MARQ, Alacant, p. 102.<br \/><b>N\u00famero Inventari Monetari:<\/b> 4302.<br \/>Excavaci\u00f3. Tossal de Manises<\/p>","protected":false},"featured_media":35450,"template":"","meta":{"kia_subtitle":""},"product_brand":[],"product_cat":[2316],"product_tag":[],"class_list":{"0":"post-35892","1":"product","2":"type-product","3":"status-publish","4":"has-post-thumbnail","6":"product_cat-catalogo-numismatico","8":"first","9":"instock","10":"virtual","11":"product-type-simple"},"meta_box":{"ia_expediente":"","ia_ano":"","ia_fechas_de_actuacion":"","ia_municipios_comarcas":"","ia_directores":"","ia_periodos_culturales":"","ia_tipos_de_intervencion":"","ia_equipo_tecnico":"","ia_autores":"","ia_promotores":"","ia_deposito_de_materiales":"","ia_coordenadas_utm":""},"_links":{"self":[{"href":"https:\/\/marqalicante-admin.qwair.com\/va\/wp-json\/wp\/v2\/product\/35892","targetHints":{"allow":["GET"]}}],"collection":[{"href":"https:\/\/marqalicante-admin.qwair.com\/va\/wp-json\/wp\/v2\/product"}],"about":[{"href":"https:\/\/marqalicante-admin.qwair.com\/va\/wp-json\/wp\/v2\/types\/product"}],"wp:featuredmedia":[{"embeddable":true,"href":"https:\/\/marqalicante-admin.qwair.com\/va\/wp-json\/wp\/v2\/media\/35450"}],"wp:attachment":[{"href":"https:\/\/marqalicante-admin.qwair.com\/va\/wp-json\/wp\/v2\/media?parent=35892"}],"wp:term":[{"taxonomy":"product_brand","embeddable":true,"href":"https:\/\/marqalicante-admin.qwair.com\/va\/wp-json\/wp\/v2\/product_brand?post=35892"},{"taxonomy":"product_cat","embeddable":true,"href":"https:\/\/marqalicante-admin.qwair.com\/va\/wp-json\/wp\/v2\/product_cat?post=35892"},{"taxonomy":"product_tag","embeddable":true,"href":"https:\/\/marqalicante-admin.qwair.com\/va\/wp-json\/wp\/v2\/product_tag?post=35892"}],"curies":[{"name":"wp","href":"https:\/\/api.w.org\/{rel}","templated":true}]}}