{"id":35890,"date":"2025-03-05T18:24:46","date_gmt":"2025-03-05T18:24:46","guid":{"rendered":"https:\/\/marqalicante-admin.qwair.com\/item\/unidad-primera-mitad-del-siglo-ii-a-c\/"},"modified":"2025-03-05T18:27:50","modified_gmt":"2025-03-05T18:27:50","slug":"unidad-primera-mitad-del-siglo-ii-a-c","status":"publish","type":"product","link":"https:\/\/marqalicante-admin.qwair.com\/va\/producte\/unidad-primera-mitad-del-siglo-ii-a-c\/","title":{"rendered":"<b>Unitat<\/b>   Primera meitat del segle II aC C."},"content":{"rendered":"","protected":false},"excerpt":{"rendered":"<h3>Ib\u00e8ric final o Tardorrepublic\u00e0<\/h3>\n<p><b>Metall:<\/b> Bronze.<br \/><b>Entitat emissora: <\/b> Kese (Tarragona).<br \/><b>Seca:<\/b> Kese (Tarragona).<br \/><b>Data:<\/b> Primera meitat del segle II aC C.<br \/><b>Anvers:<\/b><br \/> Cap viril a dreta, darrere \u00e0mfora. Orla de punts al voltant.<br \/><b>Revers:<\/b><br \/> Genet amb palmell a dreta, a sota, sobre l\u00ednia, inscripci\u00f3 ib\u00e8rica KESE.<br \/><b>Pes:<\/b> 14.8 g \u2013 <b>Di\u00e0metre:<\/b> 25 mm \u2013 <b>Eixos:<\/b> 12 h.<br \/><b>Descrita a:<\/b> CNH, 165, n\u00fam. 51; Vives, 32-14.<br \/><b>Publicada a:<\/b><br \/>Ripoll\u00e8s Alegre, PP, 1982: La circulaci\u00f3 monet\u00e0ria a la Tarraconense Mediterr\u00e0nia, Val\u00e8ncia, p. 218, llum. 28, n\u00fam. 62; Ramon S\u00e1nchez, JJ, Garc\u00eda Barrachina, A., Verd\u00fa Parra, E., Bayo Fuentes, S., 2010: \u00abCat\u00e0leg. Antiguitat\u00bb, a Ram\u00f3n S\u00e1nchez, JJ (ed.), Monedes. Totes les cares de la Hist\u00f2ria. Col\u00b7leccions numism\u00e0tiques del MARQ, Alacant, p. 100.<br \/><b>N\u00famero Inventari Monetari:<\/b> 757.<br \/>Fons del MARQ. Fons Numism\u00e0tic Antic<\/p>","protected":false},"featured_media":35444,"template":"","meta":{"kia_subtitle":""},"product_brand":[],"product_cat":[2316],"product_tag":[],"class_list":{"0":"post-35890","1":"product","2":"type-product","3":"status-publish","4":"has-post-thumbnail","6":"product_cat-catalogo-numismatico","8":"first","9":"instock","10":"virtual","11":"product-type-simple"},"meta_box":{"ia_expediente":"","ia_ano":"","ia_fechas_de_actuacion":"","ia_municipios_comarcas":"","ia_directores":"","ia_periodos_culturales":"","ia_tipos_de_intervencion":"","ia_equipo_tecnico":"","ia_autores":"","ia_promotores":"","ia_deposito_de_materiales":"","ia_coordenadas_utm":""},"_links":{"self":[{"href":"https:\/\/marqalicante-admin.qwair.com\/va\/wp-json\/wp\/v2\/product\/35890","targetHints":{"allow":["GET"]}}],"collection":[{"href":"https:\/\/marqalicante-admin.qwair.com\/va\/wp-json\/wp\/v2\/product"}],"about":[{"href":"https:\/\/marqalicante-admin.qwair.com\/va\/wp-json\/wp\/v2\/types\/product"}],"wp:featuredmedia":[{"embeddable":true,"href":"https:\/\/marqalicante-admin.qwair.com\/va\/wp-json\/wp\/v2\/media\/35444"}],"wp:attachment":[{"href":"https:\/\/marqalicante-admin.qwair.com\/va\/wp-json\/wp\/v2\/media?parent=35890"}],"wp:term":[{"taxonomy":"product_brand","embeddable":true,"href":"https:\/\/marqalicante-admin.qwair.com\/va\/wp-json\/wp\/v2\/product_brand?post=35890"},{"taxonomy":"product_cat","embeddable":true,"href":"https:\/\/marqalicante-admin.qwair.com\/va\/wp-json\/wp\/v2\/product_cat?post=35890"},{"taxonomy":"product_tag","embeddable":true,"href":"https:\/\/marqalicante-admin.qwair.com\/va\/wp-json\/wp\/v2\/product_tag?post=35890"}],"curies":[{"name":"wp","href":"https:\/\/api.w.org\/{rel}","templated":true}]}}