{"id":35889,"date":"2025-03-05T18:24:46","date_gmt":"2025-03-05T18:24:46","guid":{"rendered":"https:\/\/marqalicante-admin.qwair.com\/item\/unidad-fines-del-siglo-iii-a-c\/"},"modified":"2025-03-05T18:27:50","modified_gmt":"2025-03-05T18:27:50","slug":"unidad-fines-del-siglo-iii-a-c","status":"publish","type":"product","link":"https:\/\/marqalicante-admin.qwair.com\/va\/producte\/unidad-fines-del-siglo-iii-a-c\/","title":{"rendered":"<b>Unitat<\/b>   Fins del segle III a. C."},"content":{"rendered":"","protected":false},"excerpt":{"rendered":"<h3>Ib\u00e8ric ple<\/h3>\n<p><b>Metall:<\/b> Bronze.<br \/><b>Entitat emissora: <\/b> Baria (Villaricos, Almeria).<br \/><b>Seca:<\/b> Baria (Villaricos, Almeria).<br \/><b>Data:<\/b> Fins del segle III a. C.<br \/><b>Anvers:<\/b><br \/> Cap cobert per leont\u00e9 o pell de lle\u00f3, de manera versemblant Herakles-Melqart, envoltada per una orla de punts.<br \/>\n<br \/><b>Revers:<\/b><br \/> Gran palmera amb fruits i orla de gruixuts punts al voltant.<br \/><b>Pes:<\/b> 17.14 g \u2013 <b>Di\u00e0metre:<\/b> 26 mm \u2013 <b>Eixos:<\/b> 2 h.<br \/><b>Descrita a:<\/b> CNH, 74, n\u00fam. 88; Vives 8-9; Villaronga Garrigues, L., 1973, Les monedes hispanocartagineses, Barcelona, classe XII.<br \/><b>Publicada a:<\/b><br \/>Nordstr\u00f6m, S., 1961: Els cartaginesos de la costa alacantina, Alacant, p. 62, fig. 19; Ripoll\u00e8s Alegre, PP, 1982: La circulaci\u00f3 monet\u00e0ria a la Tarraconense<br \/>\nMediterr\u00e0nia, Val\u00e8ncia, p. 218, llum. 27, n\u00fam. 57; Ramon S\u00e1nchez, JJ, Garc\u00eda Barrachina, A., Verd\u00fa Parra, E., Bayo Fuentes, S., 2010: \u00abCat\u00e0leg. Antiguitat\u00bb, a Ram\u00f3n S\u00e1nchez, JJ (ed.), Monedes. Totes les cares de la Hist\u00f2ria. Col\u00b7leccions numism\u00e0tiques del MARQ, Alacant, p. 99; Verd\u00fa Parra, E. (2010): \u201cSobre la pres\u00e8ncia de monedes p\u00faniques en sepultures de la necr\u00f2polis de l&#039;Albufereta (Alacant) i les seves implicacions al ritual funerari\u201d, Els P\u00fanics d&#039;Iberia: projectes, revisions i s\u00edntesi. VI Col\u00b7loqui Internacional del Centre d&#039;Estudis Fenicis i P\u00fanics, Sevilla (30 de setembre-2 d&#039;octubre del 2009), Mainake 32, 1, M\u00e0laga, p. 304, 310 s., l\u00e0m. IX.<br \/><b>N\u00famero Inventari Monetari:<\/b> 689.<br \/>Excavaci\u00f3. Necr\u00f2polis de l&#039;Albufereta<\/p>","protected":false},"featured_media":35441,"template":"","meta":{"kia_subtitle":""},"product_brand":[],"product_cat":[2316],"product_tag":[],"class_list":{"0":"post-35889","1":"product","2":"type-product","3":"status-publish","4":"has-post-thumbnail","6":"product_cat-catalogo-numismatico","8":"first","9":"instock","10":"virtual","11":"product-type-simple"},"meta_box":{"ia_expediente":"","ia_ano":"","ia_fechas_de_actuacion":"","ia_municipios_comarcas":"","ia_directores":"","ia_periodos_culturales":"","ia_tipos_de_intervencion":"","ia_equipo_tecnico":"","ia_autores":"","ia_promotores":"","ia_deposito_de_materiales":"","ia_coordenadas_utm":""},"_links":{"self":[{"href":"https:\/\/marqalicante-admin.qwair.com\/va\/wp-json\/wp\/v2\/product\/35889","targetHints":{"allow":["GET"]}}],"collection":[{"href":"https:\/\/marqalicante-admin.qwair.com\/va\/wp-json\/wp\/v2\/product"}],"about":[{"href":"https:\/\/marqalicante-admin.qwair.com\/va\/wp-json\/wp\/v2\/types\/product"}],"wp:featuredmedia":[{"embeddable":true,"href":"https:\/\/marqalicante-admin.qwair.com\/va\/wp-json\/wp\/v2\/media\/35441"}],"wp:attachment":[{"href":"https:\/\/marqalicante-admin.qwair.com\/va\/wp-json\/wp\/v2\/media?parent=35889"}],"wp:term":[{"taxonomy":"product_brand","embeddable":true,"href":"https:\/\/marqalicante-admin.qwair.com\/va\/wp-json\/wp\/v2\/product_brand?post=35889"},{"taxonomy":"product_cat","embeddable":true,"href":"https:\/\/marqalicante-admin.qwair.com\/va\/wp-json\/wp\/v2\/product_cat?post=35889"},{"taxonomy":"product_tag","embeddable":true,"href":"https:\/\/marqalicante-admin.qwair.com\/va\/wp-json\/wp\/v2\/product_tag?post=35889"}],"curies":[{"name":"wp","href":"https:\/\/api.w.org\/{rel}","templated":true}]}}