{"id":35885,"date":"2025-03-05T18:24:45","date_gmt":"2025-03-05T18:24:45","guid":{"rendered":"https:\/\/marqalicante-admin.qwair.com\/item\/dirham-siglos-xii-xiii-2\/"},"modified":"2025-03-05T18:27:50","modified_gmt":"2025-03-05T18:27:50","slug":"dirham-siglos-xii-xiii-2","status":"publish","type":"product","link":"https:\/\/marqalicante-admin.qwair.com\/va\/producte\/dirham-siglos-xii-xiii-2\/","title":{"rendered":"<b>Dirham<\/b>   Segles XII-XIII."},"content":{"rendered":"","protected":false},"excerpt":{"rendered":"<h3>Medieval isl\u00e0mic<\/h3>\n<p><b>Metall:<\/b> Plata.<br \/><b>Entitat emissora: <\/b> Coix\u00ed. An\u00f2nim.<br \/><b>Seca:<\/b> No \u00e9s precisable.<br \/><b>Data:<\/b> Segles XII-XIII.<br \/><b>Anvers:<\/b><br \/> IA: \u0644\u0627 \u0627\u0644\u0647 \u0627\u0644\u0627 \u0627\u0644\u0644\u0647<br \/>\n        &#1575;&#1604;&#1575;&#1605;&#1585; &#1603;&#1604;&#1607; &#1604;&#1604;&#1607;<br \/>\n        &#1604;&#1575; &#1602;&#1608;&#1577; &#1575;&#1604;&#1575; &#1576;&#1575;&#1604;&#1604;&#1607;<br \/>\n    <br \/><b>Revers:<\/b><br \/> IIA: \u0627\u0644\u0644\u0647 \u0631\u0628\u0646\u0627<br \/>\n           &#1605;&#1581;&#1605;&#1583; &#1585;&#1587;&#1608;&#1604;&#1606;&#1575;<br \/>\n           &#1575;&#1604;&#1605;&#1607;&#1583;&#1609; &#1575;&#1605;&#1575;&#1605;&#1606;&#1575;<br \/><b>Pes:<\/b> 1.45 g \u2013 <b>Di\u00e0metre:<\/b> 15 mm \u2013 <b>Eixos:<\/b> 6 h.<br \/><b>Descrita a:<\/b> Vives 2088.<br \/><b>Publicada a:<\/b><br \/>Dom\u00e8nech Belda, C., Ramon S\u00e1nchez, JJ, Ahuir Dom\u00ednguez, JA, 2010: \u00abCat\u00e0leg. Edat Mitjana\u00bb, a Ram\u00f3n S\u00e1nchez, JJ (ed.), Monedes. Totes les cares de la Hist\u00f2ria. Col\u00b7leccions numism\u00e0tiques del MARQ, Alacant, p. 142.<br \/><b>N\u00famero Inventari Monetari:<\/b> 7443.<br \/>Cessi\u00f3. Col\u00b7lecci\u00f3 Julio Furg\u00fas<\/p>","protected":false},"featured_media":35429,"template":"","meta":{"kia_subtitle":""},"product_brand":[],"product_cat":[2316],"product_tag":[],"class_list":{"0":"post-35885","1":"product","2":"type-product","3":"status-publish","4":"has-post-thumbnail","6":"product_cat-catalogo-numismatico","8":"first","9":"instock","10":"virtual","11":"product-type-simple"},"meta_box":{"ia_expediente":"","ia_ano":"","ia_fechas_de_actuacion":"","ia_municipios_comarcas":"","ia_directores":"","ia_periodos_culturales":"","ia_tipos_de_intervencion":"","ia_equipo_tecnico":"","ia_autores":"","ia_promotores":"","ia_deposito_de_materiales":"","ia_coordenadas_utm":""},"_links":{"self":[{"href":"https:\/\/marqalicante-admin.qwair.com\/va\/wp-json\/wp\/v2\/product\/35885","targetHints":{"allow":["GET"]}}],"collection":[{"href":"https:\/\/marqalicante-admin.qwair.com\/va\/wp-json\/wp\/v2\/product"}],"about":[{"href":"https:\/\/marqalicante-admin.qwair.com\/va\/wp-json\/wp\/v2\/types\/product"}],"wp:featuredmedia":[{"embeddable":true,"href":"https:\/\/marqalicante-admin.qwair.com\/va\/wp-json\/wp\/v2\/media\/35429"}],"wp:attachment":[{"href":"https:\/\/marqalicante-admin.qwair.com\/va\/wp-json\/wp\/v2\/media?parent=35885"}],"wp:term":[{"taxonomy":"product_brand","embeddable":true,"href":"https:\/\/marqalicante-admin.qwair.com\/va\/wp-json\/wp\/v2\/product_brand?post=35885"},{"taxonomy":"product_cat","embeddable":true,"href":"https:\/\/marqalicante-admin.qwair.com\/va\/wp-json\/wp\/v2\/product_cat?post=35885"},{"taxonomy":"product_tag","embeddable":true,"href":"https:\/\/marqalicante-admin.qwair.com\/va\/wp-json\/wp\/v2\/product_tag?post=35885"}],"curies":[{"name":"wp","href":"https:\/\/api.w.org\/{rel}","templated":true}]}}