{"id":35882,"date":"2025-03-05T18:24:44","date_gmt":"2025-03-05T18:24:44","guid":{"rendered":"https:\/\/marqalicante-admin.qwair.com\/item\/felus-siglos-viii-ix-2\/"},"modified":"2025-03-05T18:27:49","modified_gmt":"2025-03-05T18:27:49","slug":"felus-siglos-viii-ix-2","status":"publish","type":"product","link":"https:\/\/marqalicante-admin.qwair.com\/va\/producte\/felus-siglos-viii-ix-2\/","title":{"rendered":"<b>Fel\u00fas<\/b>   Segles VIII-IX."},"content":{"rendered":"","protected":false},"excerpt":{"rendered":"<h3>Medieval isl\u00e0mic<\/h3>\n<p><b>Metall:<\/b> Coure.<br \/><b>Entitat emissora: <\/b> Emirat.<br \/><b>Seca:<\/b> No \u00e9s precisable.<br \/><b>Data:<\/b> Segles VIII-IX.<br \/><b>Anvers:<\/b><br \/> IA: \u0644\u0627 \u0627\u0644\u0647<br \/>\n        &#1575;&#1604;&#1575; &#1575;&#1604;&#1604;&#1607;<br \/>\n        &#1608;&#1581;&#1583;&#1607;<br \/><b>Revers:<\/b><br \/> IIA: \u0645\u062d\u0645\u062f<br \/>\n        &#1585;&#1587;&#1608;&#1604;<br \/>\n         &#1575;&#1604;&#1604;&#1607;<br \/><b>Pes:<\/b> 5.26 g \u2013 <b>Di\u00e0metre:<\/b> 20 mm \u2013 <b>Eixos:<\/b> 9 h.<br \/><b>Descrita a:<\/b> Frochoso, 2001, VI-b.<br \/><b>Publicada a:<\/b><br \/>Dom\u00e8nech Belda, C., Ramon S\u00e1nchez, JJ, Ahuir Dom\u00ednguez, JA, 2010: \u00abCat\u00e0leg. Edat Mitjana\u00bb, a Ram\u00f3n S\u00e1nchez, JJ (ed.), Monedes. Totes les cares de la Hist\u00f2ria. Col\u00b7leccions numism\u00e0tiques del MARQ, Alacant, p. 132.<br \/><b>N\u00famero Inventari Monetari:<\/b> 6106.<br \/>Donaci\u00f3. Col\u00b7lecci\u00f3 Andrea Azuar<\/p>","protected":false},"featured_media":35420,"template":"","meta":{"kia_subtitle":""},"product_brand":[],"product_cat":[2316],"product_tag":[],"class_list":{"0":"post-35882","1":"product","2":"type-product","3":"status-publish","4":"has-post-thumbnail","6":"product_cat-catalogo-numismatico","8":"first","9":"instock","10":"virtual","11":"product-type-simple"},"meta_box":{"ia_expediente":"","ia_ano":"","ia_fechas_de_actuacion":"","ia_municipios_comarcas":"","ia_directores":"","ia_periodos_culturales":"","ia_tipos_de_intervencion":"","ia_equipo_tecnico":"","ia_autores":"","ia_promotores":"","ia_deposito_de_materiales":"","ia_coordenadas_utm":""},"_links":{"self":[{"href":"https:\/\/marqalicante-admin.qwair.com\/va\/wp-json\/wp\/v2\/product\/35882","targetHints":{"allow":["GET"]}}],"collection":[{"href":"https:\/\/marqalicante-admin.qwair.com\/va\/wp-json\/wp\/v2\/product"}],"about":[{"href":"https:\/\/marqalicante-admin.qwair.com\/va\/wp-json\/wp\/v2\/types\/product"}],"wp:featuredmedia":[{"embeddable":true,"href":"https:\/\/marqalicante-admin.qwair.com\/va\/wp-json\/wp\/v2\/media\/35420"}],"wp:attachment":[{"href":"https:\/\/marqalicante-admin.qwair.com\/va\/wp-json\/wp\/v2\/media?parent=35882"}],"wp:term":[{"taxonomy":"product_brand","embeddable":true,"href":"https:\/\/marqalicante-admin.qwair.com\/va\/wp-json\/wp\/v2\/product_brand?post=35882"},{"taxonomy":"product_cat","embeddable":true,"href":"https:\/\/marqalicante-admin.qwair.com\/va\/wp-json\/wp\/v2\/product_cat?post=35882"},{"taxonomy":"product_tag","embeddable":true,"href":"https:\/\/marqalicante-admin.qwair.com\/va\/wp-json\/wp\/v2\/product_tag?post=35882"}],"curies":[{"name":"wp","href":"https:\/\/api.w.org\/{rel}","templated":true}]}}