{"id":35880,"date":"2025-03-05T18:24:43","date_gmt":"2025-03-05T18:24:43","guid":{"rendered":"https:\/\/marqalicante-admin.qwair.com\/item\/dirham-anos-524-558-h-1129-1163-d-c\/"},"modified":"2025-03-05T18:27:49","modified_gmt":"2025-03-05T18:27:49","slug":"dirham-anos-524-558-h-1129-1163-d-c","status":"publish","type":"product","link":"https:\/\/marqalicante-admin.qwair.com\/va\/producte\/dirham-anos-524-558-h-1129-1163-d-c\/","title":{"rendered":"<b>Dirham<\/b>   Anys 524-558 H. \/ 1129-1163 d. C."},"content":{"rendered":"","protected":false},"excerpt":{"rendered":"<h3>Medieval isl\u00e0mic<\/h3>\n<p><b>Metall:<\/b> Vell\u00f3n.<br \/><b>Entitat emissora: <\/b> Coix\u00ed. Abd al-Mumin ibn Ali.<br \/><b>Seca:<\/b> No \u00e9s precisable.<br \/><b>Data:<\/b> Anys 524-558 H. \/ 1129-1163 d. C.<br \/><b>Anvers:<\/b><br \/> IA: \u0627\u0644\u062d\u0645\u062f \u0644\u0644\u0647<br \/>\n        &#1585;&#1576;<br \/>\n        &#1575;&#1604;&#1593;&#1575;&#1604;&#1605;&#1610;&#1606;<br \/><b>Revers:<\/b><br \/> IIA: \u0627\u0628\u0648\u0645\u062d\u0645\u062f\u0639\u0628\u062f<br \/>\n         &#1575;&#1604;&#1605;&#1608;&#1605;&#1606; &#1576;&#1606; &#1593;&#1604;&#1609;<br \/>\n          &#1575;&#1605;&#1610;&#1585; &#1575;&#1604;&#1605;&#1608;&#1605;&#1606;&#1610;&#1606;<br \/><b>Pes:<\/b> 1.36 g \u2013 <b>Di\u00e0metre:<\/b> 18 mm \u2013 <b>Eixos:<\/b> 12 h.<br \/><b>Descrita a:<\/b> Vives 2046.<br \/><b>Publicada a:<\/b><br \/>Dom\u00e8nech Belda, C., Ramon S\u00e1nchez, JJ, Ahuir Dom\u00ednguez, JA, 2010: \u00abCat\u00e0leg. Edat Mitjana\u00bb, a Ram\u00f3n S\u00e1nchez, JJ (ed.), Monedes. Totes les cares de la Hist\u00f2ria. Col\u00b7leccions numism\u00e0tiques del MARQ, Alacant, p. 141.<br \/><b>N\u00famero Inventari Monetari:<\/b> 5829.<br \/>Compra. Col\u00b7lecci\u00f3 P\u00e9rez Cort\u00e9s<\/p>","protected":false},"featured_media":35414,"template":"","meta":{"kia_subtitle":""},"product_brand":[],"product_cat":[2316],"product_tag":[],"class_list":{"0":"post-35880","1":"product","2":"type-product","3":"status-publish","4":"has-post-thumbnail","6":"product_cat-catalogo-numismatico","8":"first","9":"instock","10":"virtual","11":"product-type-simple"},"meta_box":{"ia_expediente":"","ia_ano":"","ia_fechas_de_actuacion":"","ia_municipios_comarcas":"","ia_directores":"","ia_periodos_culturales":"","ia_tipos_de_intervencion":"","ia_equipo_tecnico":"","ia_autores":"","ia_promotores":"","ia_deposito_de_materiales":"","ia_coordenadas_utm":""},"_links":{"self":[{"href":"https:\/\/marqalicante-admin.qwair.com\/va\/wp-json\/wp\/v2\/product\/35880","targetHints":{"allow":["GET"]}}],"collection":[{"href":"https:\/\/marqalicante-admin.qwair.com\/va\/wp-json\/wp\/v2\/product"}],"about":[{"href":"https:\/\/marqalicante-admin.qwair.com\/va\/wp-json\/wp\/v2\/types\/product"}],"wp:featuredmedia":[{"embeddable":true,"href":"https:\/\/marqalicante-admin.qwair.com\/va\/wp-json\/wp\/v2\/media\/35414"}],"wp:attachment":[{"href":"https:\/\/marqalicante-admin.qwair.com\/va\/wp-json\/wp\/v2\/media?parent=35880"}],"wp:term":[{"taxonomy":"product_brand","embeddable":true,"href":"https:\/\/marqalicante-admin.qwair.com\/va\/wp-json\/wp\/v2\/product_brand?post=35880"},{"taxonomy":"product_cat","embeddable":true,"href":"https:\/\/marqalicante-admin.qwair.com\/va\/wp-json\/wp\/v2\/product_cat?post=35880"},{"taxonomy":"product_tag","embeddable":true,"href":"https:\/\/marqalicante-admin.qwair.com\/va\/wp-json\/wp\/v2\/product_tag?post=35880"}],"curies":[{"name":"wp","href":"https:\/\/api.w.org\/{rel}","templated":true}]}}