{"id":35874,"date":"2025-03-05T18:24:41","date_gmt":"2025-03-05T18:24:41","guid":{"rendered":"https:\/\/marqalicante-admin.qwair.com\/item\/medio-shekel-anos-218-212-a-c\/"},"modified":"2025-03-05T18:27:48","modified_gmt":"2025-03-05T18:27:48","slug":"medio-shekel-anos-218-212-a-c","status":"publish","type":"product","link":"https:\/\/marqalicante-admin.qwair.com\/va\/producte\/medio-shekel-anos-218-212-a-c\/","title":{"rendered":"<b>Mitj\u00e0 x\u00e9quel<\/b>   Anys 218-212 a. C."},"content":{"rendered":"","protected":false},"excerpt":{"rendered":"<h3>Ib\u00e8ric ple<\/h3>\n<p><b>Metall:<\/b> Plata.<br \/><b>Entitat emissora: <\/b> Carthago (Tun\u00edsia).<br \/><b>Seca:<\/b> Hispanocartaginesa.<br \/><b>Data:<\/b> Anys 218-212 a. C.<br \/><b>Anvers:<\/b><br \/> Cap nu a esquerra.<br \/><b>Revers:<\/b><br \/> Cavall aturat a dreta.<br \/><b>Pes:<\/b> 17 g \u2013 <b>Di\u00e0metre:<\/b> 3.57 mm \u2013 <b>Eixos:<\/b> 12 h.<br \/><b>Descrita a:<\/b> CNH, 71, n\u00fam. 65; Vives, 7-3; Villaronga Garrigues, L., 1973, Les monedes hispanocartagineses, Barcelona, n\u00fam. 166-178.<br \/><b>Publicada a:<\/b><br \/>Llobregat Conesa, EA, 1973: Troballa d&#039;una moneda b\u00e0rkida a L&#039;Albufereta (Alacant), Gaseta Numism\u00e0tica, 31, desembre 1973, pp. 10 s.; Llobregat Conesa, EA, 1973-74: \u201cRecents troballes de monedes de l&#039;Edat Antiga a Alacant\u201d, Numisma, 120-131, pp. 91-104; Ramon S\u00e1nchez, JJ, Garc\u00eda Barrachina, A., Verd\u00fa Parra, E., Bayo Fuentes, S.: 2010: \u00abCat\u00e0leg. Antiguitat\u00bb, a Ram\u00f3n S\u00e1nchez, JJ (ed.), Monedes. Totes les cares de la Hist\u00f2ria. Col\u00b7leccions numism\u00e0tiques del MARQ, Alacant, p. 98.<br \/><b>N\u00famero Inventari Monetari:<\/b> 4580.<br \/>Compra. Troballa casual a l&#039;Albufereta<\/p>","protected":false},"featured_media":35396,"template":"","meta":{"kia_subtitle":""},"product_brand":[],"product_cat":[2316],"product_tag":[],"class_list":{"0":"post-35874","1":"product","2":"type-product","3":"status-publish","4":"has-post-thumbnail","6":"product_cat-catalogo-numismatico","8":"first","9":"instock","10":"virtual","11":"product-type-simple"},"meta_box":{"ia_expediente":"","ia_ano":"","ia_fechas_de_actuacion":"","ia_municipios_comarcas":"","ia_directores":"","ia_periodos_culturales":"","ia_tipos_de_intervencion":"","ia_equipo_tecnico":"","ia_autores":"","ia_promotores":"","ia_deposito_de_materiales":"","ia_coordenadas_utm":""},"_links":{"self":[{"href":"https:\/\/marqalicante-admin.qwair.com\/va\/wp-json\/wp\/v2\/product\/35874","targetHints":{"allow":["GET"]}}],"collection":[{"href":"https:\/\/marqalicante-admin.qwair.com\/va\/wp-json\/wp\/v2\/product"}],"about":[{"href":"https:\/\/marqalicante-admin.qwair.com\/va\/wp-json\/wp\/v2\/types\/product"}],"wp:featuredmedia":[{"embeddable":true,"href":"https:\/\/marqalicante-admin.qwair.com\/va\/wp-json\/wp\/v2\/media\/35396"}],"wp:attachment":[{"href":"https:\/\/marqalicante-admin.qwair.com\/va\/wp-json\/wp\/v2\/media?parent=35874"}],"wp:term":[{"taxonomy":"product_brand","embeddable":true,"href":"https:\/\/marqalicante-admin.qwair.com\/va\/wp-json\/wp\/v2\/product_brand?post=35874"},{"taxonomy":"product_cat","embeddable":true,"href":"https:\/\/marqalicante-admin.qwair.com\/va\/wp-json\/wp\/v2\/product_cat?post=35874"},{"taxonomy":"product_tag","embeddable":true,"href":"https:\/\/marqalicante-admin.qwair.com\/va\/wp-json\/wp\/v2\/product_tag?post=35874"}],"curies":[{"name":"wp","href":"https:\/\/api.w.org\/{rel}","templated":true}]}}