{"id":35873,"date":"2025-03-05T18:24:40","date_gmt":"2025-03-05T18:24:40","guid":{"rendered":"https:\/\/marqalicante-admin.qwair.com\/item\/dracma-anos-218-212-a-c\/"},"modified":"2025-03-05T18:27:48","modified_gmt":"2025-03-05T18:27:48","slug":"dracma-anos-218-212-a-c","status":"publish","type":"product","link":"https:\/\/marqalicante-admin.qwair.com\/va\/producte\/dracma-anos-218-212-a-c\/","title":{"rendered":"<b>Dracma<\/b>   Anys 218-212 a. C."},"content":{"rendered":"","protected":false},"excerpt":{"rendered":"<h3>Ib\u00e8ric ple<\/h3>\n<p><b>Metall:<\/b> Plata.<br \/><b>Entitat emissora: <\/b> Pobles ib\u00e8rics.<br \/><b>Seca:<\/b> No \u00e9s precisable.<br \/><b>Data:<\/b> Anys 218-212 a. C.<br \/><b>Anvers:<\/b><br \/> Cap femen\u00ed a dreta, estil tosc, envoltat per tres dofins.<br \/><b>Revers:<\/b><br \/> Peg\u00e0s a dreta amb ales desplegades i cap modificat. Sota inscripci\u00f3 indeterminada.<br \/><b>Pes:<\/b> 4.47 g \u2013 <b>Di\u00e0metre:<\/b> 18 mm \u2013 <b>Eixos:<\/b> 6 h.<br \/><b>Descrita a:<\/b> CNH, 54-55, dracmes ib\u00e8rics n\u00fam. 121.<br \/><b>Publicada a:<\/b><br \/>Rosell\u00f3 Cremades, N., 1990: \u201cCatalogaci\u00f3 dels fons numism\u00e0tics ib\u00e8rics i romans de les col\u00b7leccions de: D. Isidro Albert, D. Ram\u00f3n Quiles i d&#039;un tresoret de monedes tardoromanes\u201d, Ajudes a la investigaci\u00f3 1986-1987. Institut de Cultura Juan Gil-Albert, pp. 178 ss., n\u00fam. 177; Ramon S\u00e1nchez, JJ, Garc\u00eda Barrachina, A., Verd\u00fa Parra, E., Bayo Fuentes, S., 2010: \u00abCat\u00e0leg. Antiguitat\u00bb, a Ram\u00f3n S\u00e1nchez, JJ (ed.), Monedes. Totes les cares de la Hist\u00f2ria. Col\u00b7leccions numism\u00e0tiques del MARQ, Alacant, p. 97.<br \/><b>N\u00famero Inventari Monetari:<\/b> 178.<br \/>Compra. Col\u00b7lecci\u00f3 Isidro Albert<\/p>","protected":false},"featured_media":35393,"template":"","meta":{"kia_subtitle":""},"product_brand":[],"product_cat":[2316],"product_tag":[],"class_list":{"0":"post-35873","1":"product","2":"type-product","3":"status-publish","4":"has-post-thumbnail","6":"product_cat-catalogo-numismatico","8":"first","9":"instock","10":"virtual","11":"product-type-simple"},"meta_box":{"ia_expediente":"","ia_ano":"","ia_fechas_de_actuacion":"","ia_municipios_comarcas":"","ia_directores":"","ia_periodos_culturales":"","ia_tipos_de_intervencion":"","ia_equipo_tecnico":"","ia_autores":"","ia_promotores":"","ia_deposito_de_materiales":"","ia_coordenadas_utm":""},"_links":{"self":[{"href":"https:\/\/marqalicante-admin.qwair.com\/va\/wp-json\/wp\/v2\/product\/35873","targetHints":{"allow":["GET"]}}],"collection":[{"href":"https:\/\/marqalicante-admin.qwair.com\/va\/wp-json\/wp\/v2\/product"}],"about":[{"href":"https:\/\/marqalicante-admin.qwair.com\/va\/wp-json\/wp\/v2\/types\/product"}],"wp:featuredmedia":[{"embeddable":true,"href":"https:\/\/marqalicante-admin.qwair.com\/va\/wp-json\/wp\/v2\/media\/35393"}],"wp:attachment":[{"href":"https:\/\/marqalicante-admin.qwair.com\/va\/wp-json\/wp\/v2\/media?parent=35873"}],"wp:term":[{"taxonomy":"product_brand","embeddable":true,"href":"https:\/\/marqalicante-admin.qwair.com\/va\/wp-json\/wp\/v2\/product_brand?post=35873"},{"taxonomy":"product_cat","embeddable":true,"href":"https:\/\/marqalicante-admin.qwair.com\/va\/wp-json\/wp\/v2\/product_cat?post=35873"},{"taxonomy":"product_tag","embeddable":true,"href":"https:\/\/marqalicante-admin.qwair.com\/va\/wp-json\/wp\/v2\/product_tag?post=35873"}],"curies":[{"name":"wp","href":"https:\/\/api.w.org\/{rel}","templated":true}]}}