{"id":35870,"date":"2025-03-05T18:24:39","date_gmt":"2025-03-05T18:24:39","guid":{"rendered":"https:\/\/marqalicante-admin.qwair.com\/item\/medalla-conmemorativa-de-la-inauguracion-de-la-via-de-ferrocarril-barcelona-mataro-ano-1848\/"},"modified":"2025-03-05T18:27:46","modified_gmt":"2025-03-05T18:27:46","slug":"medalla-conmemorativa-de-la-inauguracion-de-la-via-de-ferrocarril-barcelona-mataro-ano-1848","status":"publish","type":"product","link":"https:\/\/marqalicante-admin.qwair.com\/va\/producte\/medalla-conmemorativa-de-la-inauguracion-de-la-via-de-ferrocarril-barcelona-mataro-ano-1848\/","title":{"rendered":"<b>Medalla commemorativa de la inauguraci\u00f3 de la via de ferrocarril Barcelona-Matar\u00f3<\/b>   Any 1848."},"content":{"rendered":"","protected":false},"excerpt":{"rendered":"<h3>Edat contempor\u00e0nia<\/h3>\n<p><b>Metall:<\/b> Coure.<br \/><b>Entitat emissora: <\/b> Ajuntament de Barcelona.<br \/><b>Seca:<\/b> Barcelona.<br \/><b>Data:<\/b> Any 1848.<br \/><b>Anvers:<\/b><br \/> Acte de la benedicci\u00f3 del tren i del primer tram de la l\u00ednia, amb locomotora a primer terme, altar i bisbes de Barcelona i Puerto Rico a l&#039;esquerra d&#039;un segon pla i capit\u00e0 general, governador civil i alcaldes i altres autoritats civils i militars, a la dreta. Llegenda: NIHIL IPSA VELOCIUS \/ YNAUGURATA DIE XXVIII OCTOBRIS ANNI MDCCCXLVIII. Marca de dissenyador: LORENZALE D. Marca de gravador: JUBANY D.<br \/><b>Revers:<\/b><br \/> Llegenda en vuit l\u00ednies: OPTIMAE SOCIETATI \/ QUAE PRIMA IN HISPANIA \/ VIAM FERREAM AD YLLURUM USQUE DUCENTEM \/ SUMMO LABORE VIGILIS SUMPTIBUSQUE \/ CONSTRUIR FECIT \/ BARCINONENSIS SENATUS \/ HOC CIVIUM LAUDIS ET GRATI ANI<br \/><b>Pes:<\/b> 74.55 g \u2013 <b>Di\u00e0metre:<\/b> 54 mm \u2013 <b>Eixos:<\/b> 12 h.<br \/><b>Descrita a:<\/b> Borr\u00e0s Costa, R., 1984: \u201cMedalles commemoratives del Carril de Matar\u00f3\u201d, Acta Numism\u00e0tica, 14, p. 280.<br \/><b>Publicada a:<\/b><br \/>Bayo Fuentes, S., Ram\u00f3n S\u00e1nchez, JJ, 2010: \u00abCat\u00e0leg. Col\u00b7leccions\u00bb, a Ram\u00f3n S\u00e1nchez, JJ (ed.), Monedes. Totes les cares de la Hist\u00f2ria. Col\u00b7leccions numism\u00e0tiques del MARQ, Alacant, p. 180.<br \/><b>N\u00famero Inventari Monetari:<\/b> 7948.<br \/>Cessi\u00f3. Col\u00b7lecci\u00f3 Julio Furg\u00fas<\/p>","protected":false},"featured_media":35384,"template":"","meta":{"kia_subtitle":""},"product_brand":[],"product_cat":[2316],"product_tag":[],"class_list":{"0":"post-35870","1":"product","2":"type-product","3":"status-publish","4":"has-post-thumbnail","6":"product_cat-catalogo-numismatico","8":"first","9":"instock","10":"virtual","11":"product-type-simple"},"meta_box":{"ia_expediente":"","ia_ano":"","ia_fechas_de_actuacion":"","ia_municipios_comarcas":"","ia_directores":"","ia_periodos_culturales":"","ia_tipos_de_intervencion":"","ia_equipo_tecnico":"","ia_autores":"","ia_promotores":"","ia_deposito_de_materiales":"","ia_coordenadas_utm":""},"_links":{"self":[{"href":"https:\/\/marqalicante-admin.qwair.com\/va\/wp-json\/wp\/v2\/product\/35870","targetHints":{"allow":["GET"]}}],"collection":[{"href":"https:\/\/marqalicante-admin.qwair.com\/va\/wp-json\/wp\/v2\/product"}],"about":[{"href":"https:\/\/marqalicante-admin.qwair.com\/va\/wp-json\/wp\/v2\/types\/product"}],"wp:featuredmedia":[{"embeddable":true,"href":"https:\/\/marqalicante-admin.qwair.com\/va\/wp-json\/wp\/v2\/media\/35384"}],"wp:attachment":[{"href":"https:\/\/marqalicante-admin.qwair.com\/va\/wp-json\/wp\/v2\/media?parent=35870"}],"wp:term":[{"taxonomy":"product_brand","embeddable":true,"href":"https:\/\/marqalicante-admin.qwair.com\/va\/wp-json\/wp\/v2\/product_brand?post=35870"},{"taxonomy":"product_cat","embeddable":true,"href":"https:\/\/marqalicante-admin.qwair.com\/va\/wp-json\/wp\/v2\/product_cat?post=35870"},{"taxonomy":"product_tag","embeddable":true,"href":"https:\/\/marqalicante-admin.qwair.com\/va\/wp-json\/wp\/v2\/product_tag?post=35870"}],"curies":[{"name":"wp","href":"https:\/\/api.w.org\/{rel}","templated":true}]}}