{"id":35869,"date":"2025-03-05T18:24:39","date_gmt":"2025-03-05T18:24:39","guid":{"rendered":"https:\/\/marqalicante-admin.qwair.com\/item\/medalla-conmemorativa-de-la-inauguracion-del-edificio-de-la-manufactura-de-tabacos-de-roma-ano-1863\/"},"modified":"2025-03-05T18:27:46","modified_gmt":"2025-03-05T18:27:46","slug":"medalla-conmemorativa-de-la-inauguracion-del-edificio-de-la-manufactura-de-tabacos-de-roma-ano-1863","status":"publish","type":"product","link":"https:\/\/marqalicante-admin.qwair.com\/va\/producte\/medalla-conmemorativa-de-la-inauguracion-del-edificio-de-la-manufactura-de-tabacos-de-roma-ano-1863\/","title":{"rendered":"<b>Medalla commemorativa de la inauguraci\u00f3 de l&#039;edifici de la Manufactura de Tabacs de Roma<\/b>   Any 1863."},"content":{"rendered":"","protected":false},"excerpt":{"rendered":"<h3>Edat contempor\u00e0nia<\/h3>\n<p><b>Metall:<\/b> Plata.<br \/><b>Entitat emissora: <\/b> Estat Vatic\u00e0. Pius IX.<br \/><b>Seca:<\/b> Roma.<br \/><b>Data:<\/b> Any 1863.<br \/><b>Anvers:<\/b><br \/> Bust a esquerra de Pius IX. Llegenda: PIVS IX PONT MAX AN XVIII. Marca de gravador: T BIANCHI F.<br \/>\n<br \/><b>Revers:<\/b><br \/> Edifici de la Manufactura de Tabacs. Llegenda a<br \/>\nquatre l\u00ednies: NICOTIANIS FOLIIS ELABORANDIS \/ OFFICINAM APTIOREM \/ A NOM\u00c9S EXTRVSIT \/ AN MDCCCLXIII. Marca de gravador: T BIANCHI F.<br \/><b>Pes:<\/b> 37.56 g \u2013 <b>Di\u00e0metre:<\/b> 45 mm \u2013 <b>Eixos:<\/b> 12 h.<br \/><b>Descrita a:<\/b> <br \/><b>Publicada a:<\/b><br \/>Bayo Fuentes, S., Ram\u00f3n S\u00e1nchez, JJ, 2010: \u00abCat\u00e0leg. Col\u00b7leccions\u00bb, a Ram\u00f3n S\u00e1nchez, JJ (ed.), Monedes. Totes les cares de la Hist\u00f2ria. Col\u00b7leccions numism\u00e0tiques del MARQ, Alacant, p. 179.<br \/><b>N\u00famero Inventari Monetari:<\/b> 7949.<br \/>Cessi\u00f3. Col\u00b7lecci\u00f3 Julio Furg\u00fas<\/p>","protected":false},"featured_media":35381,"template":"","meta":{"kia_subtitle":""},"product_brand":[],"product_cat":[2316],"product_tag":[],"class_list":{"0":"post-35869","1":"product","2":"type-product","3":"status-publish","4":"has-post-thumbnail","6":"product_cat-catalogo-numismatico","8":"first","9":"instock","10":"virtual","11":"product-type-simple"},"meta_box":{"ia_expediente":"","ia_ano":"","ia_fechas_de_actuacion":"","ia_municipios_comarcas":"","ia_directores":"","ia_periodos_culturales":"","ia_tipos_de_intervencion":"","ia_equipo_tecnico":"","ia_autores":"","ia_promotores":"","ia_deposito_de_materiales":"","ia_coordenadas_utm":""},"_links":{"self":[{"href":"https:\/\/marqalicante-admin.qwair.com\/va\/wp-json\/wp\/v2\/product\/35869","targetHints":{"allow":["GET"]}}],"collection":[{"href":"https:\/\/marqalicante-admin.qwair.com\/va\/wp-json\/wp\/v2\/product"}],"about":[{"href":"https:\/\/marqalicante-admin.qwair.com\/va\/wp-json\/wp\/v2\/types\/product"}],"wp:featuredmedia":[{"embeddable":true,"href":"https:\/\/marqalicante-admin.qwair.com\/va\/wp-json\/wp\/v2\/media\/35381"}],"wp:attachment":[{"href":"https:\/\/marqalicante-admin.qwair.com\/va\/wp-json\/wp\/v2\/media?parent=35869"}],"wp:term":[{"taxonomy":"product_brand","embeddable":true,"href":"https:\/\/marqalicante-admin.qwair.com\/va\/wp-json\/wp\/v2\/product_brand?post=35869"},{"taxonomy":"product_cat","embeddable":true,"href":"https:\/\/marqalicante-admin.qwair.com\/va\/wp-json\/wp\/v2\/product_cat?post=35869"},{"taxonomy":"product_tag","embeddable":true,"href":"https:\/\/marqalicante-admin.qwair.com\/va\/wp-json\/wp\/v2\/product_tag?post=35869"}],"curies":[{"name":"wp","href":"https:\/\/api.w.org\/{rel}","templated":true}]}}