{"id":35866,"date":"2025-03-05T18:24:38","date_gmt":"2025-03-05T18:24:38","guid":{"rendered":"https:\/\/marqalicante-admin.qwair.com\/item\/medalla-conmemorativa-de-la-inauguracion-del-canal-de-isabel-ii-ano-1858\/"},"modified":"2025-03-05T18:27:46","modified_gmt":"2025-03-05T18:27:46","slug":"medalla-conmemorativa-de-la-inauguracion-del-canal-de-isabel-ii-ano-1858","status":"publish","type":"product","link":"https:\/\/marqalicante-admin.qwair.com\/va\/producte\/medalla-conmemorativa-de-la-inauguracion-del-canal-de-isabel-ii-ano-1858\/","title":{"rendered":"<b>Medalla commemorativa de la inauguraci\u00f3 del canal d&#039;Isabel II<\/b>   Any 1858."},"content":{"rendered":"","protected":false},"excerpt":{"rendered":"<h3>Edat contempor\u00e0nia<\/h3>\n<p><b>Metall:<\/b> Coure.<br \/><b>Entitat emissora: <\/b> Espanya. Isabel II.<br \/><b>Seca:<\/b> Madrid.<br \/><b>Data:<\/b> Any 1858.<br \/><b>Anvers:<\/b><br \/> Bust femen\u00ed llorejat a esquerra. Llegenda: ISABEL 2a REINA DE LES ESPANYES.<br \/>\n<br \/><b>Revers:<\/b><br \/> Al camp, sota una estrella, i en sis l\u00ednies, la llegenda: INAUGURACI\u00d3 DEL CANAL D&#039;ISABEL 2a 24 DE JUNY DE 1858. Medallista: Jos\u00e9 P\u00e9rez Varela. Gravador: Francisco Coromina.<br \/>\n<br \/><b>Pes:<\/b> 7.47 g \u2013 <b>Di\u00e0metre:<\/b> 23 mm \u2013 <b>Eixos:<\/b> 12 h.<br \/><b>Descrita a:<\/b> Almagro-Gorbea, M., 2005: Medalles Espanyoles: Cat\u00e0leg del Gabinet d&#039;Antiguitats, Reial Acad\u00e8mia de la Hist\u00f2ria, Madrid, p. 277, n\u00fam. 624.<br \/><b>Publicada a:<\/b><br \/>Bayo Fuentes, S., Ram\u00f3n S\u00e1nchez, JJ, 2010: \u00abCat\u00e0leg. Col\u00b7leccions\u00bb, a Ram\u00f3n S\u00e1nchez, JJ (ed.), Monedes. Totes les cares de la Hist\u00f2ria. Col\u00b7leccions numism\u00e0tiques del MARQ, Alacant, p. 174.<br \/><b>N\u00famero Inventari Monetari:<\/b> 2684.<br \/>Fons del MARQ. Fons Numism\u00e0tic Antic<\/p>","protected":false},"featured_media":35372,"template":"","meta":{"kia_subtitle":""},"product_brand":[],"product_cat":[2316],"product_tag":[],"class_list":{"0":"post-35866","1":"product","2":"type-product","3":"status-publish","4":"has-post-thumbnail","6":"product_cat-catalogo-numismatico","8":"first","9":"instock","10":"virtual","11":"product-type-simple"},"meta_box":{"ia_expediente":"","ia_ano":"","ia_fechas_de_actuacion":"","ia_municipios_comarcas":"","ia_directores":"","ia_periodos_culturales":"","ia_tipos_de_intervencion":"","ia_equipo_tecnico":"","ia_autores":"","ia_promotores":"","ia_deposito_de_materiales":"","ia_coordenadas_utm":""},"_links":{"self":[{"href":"https:\/\/marqalicante-admin.qwair.com\/va\/wp-json\/wp\/v2\/product\/35866","targetHints":{"allow":["GET"]}}],"collection":[{"href":"https:\/\/marqalicante-admin.qwair.com\/va\/wp-json\/wp\/v2\/product"}],"about":[{"href":"https:\/\/marqalicante-admin.qwair.com\/va\/wp-json\/wp\/v2\/types\/product"}],"wp:featuredmedia":[{"embeddable":true,"href":"https:\/\/marqalicante-admin.qwair.com\/va\/wp-json\/wp\/v2\/media\/35372"}],"wp:attachment":[{"href":"https:\/\/marqalicante-admin.qwair.com\/va\/wp-json\/wp\/v2\/media?parent=35866"}],"wp:term":[{"taxonomy":"product_brand","embeddable":true,"href":"https:\/\/marqalicante-admin.qwair.com\/va\/wp-json\/wp\/v2\/product_brand?post=35866"},{"taxonomy":"product_cat","embeddable":true,"href":"https:\/\/marqalicante-admin.qwair.com\/va\/wp-json\/wp\/v2\/product_cat?post=35866"},{"taxonomy":"product_tag","embeddable":true,"href":"https:\/\/marqalicante-admin.qwair.com\/va\/wp-json\/wp\/v2\/product_tag?post=35866"}],"curies":[{"name":"wp","href":"https:\/\/api.w.org\/{rel}","templated":true}]}}