{"id":35862,"date":"2025-03-05T18:24:36","date_gmt":"2025-03-05T18:24:36","guid":{"rendered":"https:\/\/marqalicante-admin.qwair.com\/item\/jeton-conmemorativo-de-la-boda-entre-augusto-iii-de-polonia-y-maria-josefa-de-austria-ano-1719\/"},"modified":"2025-03-05T18:27:45","modified_gmt":"2025-03-05T18:27:45","slug":"jeton-conmemorativo-de-la-boda-entre-augusto-iii-de-polonia-y-maria-josefa-de-austria-ano-1719","status":"publish","type":"product","link":"https:\/\/marqalicante-admin.qwair.com\/va\/producte\/jeton-conmemorativo-de-la-boda-entre-augusto-iii-de-polonia-y-maria-josefa-de-austria-ano-1719\/","title":{"rendered":"<b>Jet\u00f3n commemoratiu del casament entre August III de Pol\u00f2nia i Maria Josefa d&#039;\u00c0ustria<\/b>   Any 1719."},"content":{"rendered":"","protected":false},"excerpt":{"rendered":"<h3>Edat moderna<\/h3>\n<p><b>Metall:<\/b> Llaut\u00f3.<br \/><b>Entitat emissora: <\/b> Alemanya.<br \/><b>Seca:<\/b> Nuremberg (Alemanya).<br \/><b>Data:<\/b> Any 1719.<br \/><b>Anvers:<\/b><br \/> Bust coronat a dreta. Llegenda: AUG III D(eo)G(r\u00e0tia) POL.REX.<br \/><b>Revers:<\/b><br \/> Bust coronat a esquerra. Llegenda: MARIA IOSEPHA \u2013 sota STADTT.<br \/>\n<br \/><b>Pes:<\/b> 1.31 g \u2013 <b>Di\u00e0metre:<\/b> 23 mm \u2013 <b>Eixos:<\/b> 6 h.<br \/><b>Descrita a:<\/b> http:\/\/franckomas34.kazeo.com\/JETONS&#44;r231570.html<br \/><b>Publicada a:<\/b><br \/>Bayo Fuentes, S., Ram\u00f3n S\u00e1nchez, JJ, 2010: \u00abCat\u00e0leg. Col\u00b7leccions\u00bb, a Ram\u00f3n S\u00e1nchez, JJ (ed.), Monedes. Totes les cares de la Hist\u00f2ria. Col\u00b7leccions numism\u00e0tiques del MARQ, Alacant, p. 172.<br \/><b>N\u00famero Inventari Monetari:<\/b> 2446.<br \/>Fons del MARQ. Fons Numism\u00e0tic Antic<\/p>","protected":false},"featured_media":35360,"template":"","meta":{"kia_subtitle":""},"product_brand":[],"product_cat":[2316],"product_tag":[],"class_list":{"0":"post-35862","1":"product","2":"type-product","3":"status-publish","4":"has-post-thumbnail","6":"product_cat-catalogo-numismatico","8":"first","9":"instock","10":"virtual","11":"product-type-simple"},"meta_box":{"ia_expediente":"","ia_ano":"","ia_fechas_de_actuacion":"","ia_municipios_comarcas":"","ia_directores":"","ia_periodos_culturales":"","ia_tipos_de_intervencion":"","ia_equipo_tecnico":"","ia_autores":"","ia_promotores":"","ia_deposito_de_materiales":"","ia_coordenadas_utm":""},"_links":{"self":[{"href":"https:\/\/marqalicante-admin.qwair.com\/va\/wp-json\/wp\/v2\/product\/35862","targetHints":{"allow":["GET"]}}],"collection":[{"href":"https:\/\/marqalicante-admin.qwair.com\/va\/wp-json\/wp\/v2\/product"}],"about":[{"href":"https:\/\/marqalicante-admin.qwair.com\/va\/wp-json\/wp\/v2\/types\/product"}],"wp:featuredmedia":[{"embeddable":true,"href":"https:\/\/marqalicante-admin.qwair.com\/va\/wp-json\/wp\/v2\/media\/35360"}],"wp:attachment":[{"href":"https:\/\/marqalicante-admin.qwair.com\/va\/wp-json\/wp\/v2\/media?parent=35862"}],"wp:term":[{"taxonomy":"product_brand","embeddable":true,"href":"https:\/\/marqalicante-admin.qwair.com\/va\/wp-json\/wp\/v2\/product_brand?post=35862"},{"taxonomy":"product_cat","embeddable":true,"href":"https:\/\/marqalicante-admin.qwair.com\/va\/wp-json\/wp\/v2\/product_cat?post=35862"},{"taxonomy":"product_tag","embeddable":true,"href":"https:\/\/marqalicante-admin.qwair.com\/va\/wp-json\/wp\/v2\/product_tag?post=35862"}],"curies":[{"name":"wp","href":"https:\/\/api.w.org\/{rel}","templated":true}]}}