{"id":35861,"date":"2025-03-05T18:24:36","date_gmt":"2025-03-05T18:24:36","guid":{"rendered":"https:\/\/marqalicante-admin.qwair.com\/item\/duro-alicantino-falsificacion-de-epoca-de-cinco-pesetas-de-alfonso-xii-ano-1875\/"},"modified":"2025-03-05T18:27:45","modified_gmt":"2025-03-05T18:27:45","slug":"duro-alicantino-falsificacion-de-epoca-de-cinco-pesetas-de-alfonso-xii-ano-1875","status":"publish","type":"product","link":"https:\/\/marqalicante-admin.qwair.com\/va\/producte\/duro-alicantino-falsificacion-de-epoca-de-cinco-pesetas-de-alfonso-xii-ano-1875\/","title":{"rendered":"<b>\u201cDur alacant\u00ed\u201d. Falsificaci\u00f3 d&#039;\u00e8poca de cinc pessetes d&#039;Alfons XII<\/b>   Any 1875."},"content":{"rendered":"","protected":false},"excerpt":{"rendered":"<h3>Edat contempor\u00e0nia<\/h3>\n<p><b>Metall:<\/b> Plata.<br \/><b>Entitat emissora: <\/b> Espanya. Alfons XII.<br \/><b>Seca:<\/b> No \u00e9s precisable.<br \/><b>Data:<\/b> Any 1875.<br \/><b>Anvers:<\/b><br \/> Cap d&#039;Alfons XII a esquerra. Llegenda: ALFONSO XII REI D&#039;ESPANYA 1875.<br \/>\n<br \/><b>Revers:<\/b><br \/> Escut coronat d&#039;Espanya entre les columnes d&#039;H\u00e8rcules. Llegenda: LLEI 900 MILESIMES \u2013 40 PECES EN KILOG 5 PESSETES. Marca d&#039;assajador i jutge de balan\u00e7a: DE i M.<br \/>\n<br \/><b>Pes:<\/b> 21.33 g \u2013 <b>Di\u00e0metre:<\/b> 37 mm \u2013 <b>Eixos:<\/b> 6 h.<br \/><b>Descrita a:<\/b> C\u00f2pia de Calic\u00f3 Estivill, F., Calic\u00f3 Estivill, X., Blat Reial, J., 1994: Les monedes espanyoles des de Fernando i Isabel a Joan Carles I. Anys: 1474 a 1994, Barcelona, p. 668, tipus 5, n\u00fam. 24.<br \/><b>Publicada a:<\/b><br \/>Ramon S\u00e1nchez, JJ, Ib\u00e1\u00f1ez Sarri\u00f3, C., 2010: \u00abCat\u00e0leg. Edat Moderna i contempor\u00e0nia\u00bb, a Ram\u00f3n S\u00e1nchez, JJ (ed.), Monedes. Totes les cares de la Hist\u00f2ria. Col\u00b7leccions numism\u00e0tiques del MARQ, Alacant, p. 169.<br \/><b>N\u00famero Inventari Monetari:<\/b> 6610.<br \/>Compra. Col\u00b7lecci\u00f3 Enrique Llobregat<\/p>","protected":false},"featured_media":35357,"template":"","meta":{"kia_subtitle":""},"product_brand":[],"product_cat":[2316],"product_tag":[],"class_list":{"0":"post-35861","1":"product","2":"type-product","3":"status-publish","4":"has-post-thumbnail","6":"product_cat-catalogo-numismatico","8":"first","9":"instock","10":"virtual","11":"product-type-simple"},"meta_box":{"ia_expediente":"","ia_ano":"","ia_fechas_de_actuacion":"","ia_municipios_comarcas":"","ia_directores":"","ia_periodos_culturales":"","ia_tipos_de_intervencion":"","ia_equipo_tecnico":"","ia_autores":"","ia_promotores":"","ia_deposito_de_materiales":"","ia_coordenadas_utm":""},"_links":{"self":[{"href":"https:\/\/marqalicante-admin.qwair.com\/va\/wp-json\/wp\/v2\/product\/35861","targetHints":{"allow":["GET"]}}],"collection":[{"href":"https:\/\/marqalicante-admin.qwair.com\/va\/wp-json\/wp\/v2\/product"}],"about":[{"href":"https:\/\/marqalicante-admin.qwair.com\/va\/wp-json\/wp\/v2\/types\/product"}],"wp:featuredmedia":[{"embeddable":true,"href":"https:\/\/marqalicante-admin.qwair.com\/va\/wp-json\/wp\/v2\/media\/35357"}],"wp:attachment":[{"href":"https:\/\/marqalicante-admin.qwair.com\/va\/wp-json\/wp\/v2\/media?parent=35861"}],"wp:term":[{"taxonomy":"product_brand","embeddable":true,"href":"https:\/\/marqalicante-admin.qwair.com\/va\/wp-json\/wp\/v2\/product_brand?post=35861"},{"taxonomy":"product_cat","embeddable":true,"href":"https:\/\/marqalicante-admin.qwair.com\/va\/wp-json\/wp\/v2\/product_cat?post=35861"},{"taxonomy":"product_tag","embeddable":true,"href":"https:\/\/marqalicante-admin.qwair.com\/va\/wp-json\/wp\/v2\/product_tag?post=35861"}],"curies":[{"name":"wp","href":"https:\/\/api.w.org\/{rel}","templated":true}]}}