{"id":35860,"date":"2025-03-05T18:24:36","date_gmt":"2025-03-05T18:24:36","guid":{"rendered":"https:\/\/marqalicante-admin.qwair.com\/item\/cuarenta-centimos-de-escudo-ano-1865\/"},"modified":"2025-03-05T18:27:45","modified_gmt":"2025-03-05T18:27:45","slug":"cuarenta-centimos-de-escudo-ano-1865","status":"publish","type":"product","link":"https:\/\/marqalicante-admin.qwair.com\/va\/producte\/cuarenta-centimos-de-escudo-ano-1865\/","title":{"rendered":"<b>Quaranta c\u00e8ntims d&#039;escut<\/b>   Any 1865."},"content":{"rendered":"","protected":false},"excerpt":{"rendered":"<h3>Edat contempor\u00e0nia<\/h3>\n<p><b>Metall:<\/b> Plata.<br \/><b>Entitat emissora: <\/b> Espanya. Isabel II.<br \/><b>Seca:<\/b> Madrid.<br \/><b>Data:<\/b> Any 1865.<br \/><b>Anvers:<\/b><br \/> Cap llorejat d&#039;Isabel II a dreta. Llegenda: ISABEL 2a PER LA G. DE D\u00c9U I LA CONST. 1865.<br \/>\n<br \/><b>Revers:<\/b><br \/> Escut coronat i caserna amb les armes de Castella, Lle\u00f3 i Granada i al centre escus\u00f3 de la casa de Borb\u00f3. Llegenda: REINA DE LES ESPANYES 40 CENTs D&#039;ESCUD.<br \/><b>Pes:<\/b> 5.02 g \u2013 <b>Di\u00e0metre:<\/b> 23 mm \u2013 <b>Eixos:<\/b> 12 h.<br \/><b>Descrita a:<\/b> Calic\u00f3 Estivill, F., Calic\u00f3 Estivill, X., Blat Reial, J., 1994: Les monedes espanyoles des de Fernando i Isabel a Joan Carles I. Anys: 1474 a 1994, Barcelona, p. 625, tipus 76, n\u00fam. 326.<br \/>\n<br \/><b>Publicada a:<\/b><br \/>Ramon S\u00e1nchez, JJ, Ib\u00e1\u00f1ez Sarri\u00f3, C., 2010: \u00abCat\u00e0leg. Edat Moderna i contempor\u00e0nia\u00bb, a Ram\u00f3n S\u00e1nchez, JJ (ed.), Monedes. Totes les cares de la Hist\u00f2ria. Col\u00b7leccions numism\u00e0tiques del MARQ, Alacant, p. 168.<br \/><b>N\u00famero Inventari Monetari:<\/b> 6605.<br \/>Compra. Col\u00b7lecci\u00f3 Enrique Llobregat<\/p>","protected":false},"featured_media":35354,"template":"","meta":{"kia_subtitle":""},"product_brand":[],"product_cat":[2316],"product_tag":[],"class_list":{"0":"post-35860","1":"product","2":"type-product","3":"status-publish","4":"has-post-thumbnail","6":"product_cat-catalogo-numismatico","8":"first","9":"instock","10":"virtual","11":"product-type-simple"},"meta_box":{"ia_expediente":"","ia_ano":"","ia_fechas_de_actuacion":"","ia_municipios_comarcas":"","ia_directores":"","ia_periodos_culturales":"","ia_tipos_de_intervencion":"","ia_equipo_tecnico":"","ia_autores":"","ia_promotores":"","ia_deposito_de_materiales":"","ia_coordenadas_utm":""},"_links":{"self":[{"href":"https:\/\/marqalicante-admin.qwair.com\/va\/wp-json\/wp\/v2\/product\/35860","targetHints":{"allow":["GET"]}}],"collection":[{"href":"https:\/\/marqalicante-admin.qwair.com\/va\/wp-json\/wp\/v2\/product"}],"about":[{"href":"https:\/\/marqalicante-admin.qwair.com\/va\/wp-json\/wp\/v2\/types\/product"}],"wp:featuredmedia":[{"embeddable":true,"href":"https:\/\/marqalicante-admin.qwair.com\/va\/wp-json\/wp\/v2\/media\/35354"}],"wp:attachment":[{"href":"https:\/\/marqalicante-admin.qwair.com\/va\/wp-json\/wp\/v2\/media?parent=35860"}],"wp:term":[{"taxonomy":"product_brand","embeddable":true,"href":"https:\/\/marqalicante-admin.qwair.com\/va\/wp-json\/wp\/v2\/product_brand?post=35860"},{"taxonomy":"product_cat","embeddable":true,"href":"https:\/\/marqalicante-admin.qwair.com\/va\/wp-json\/wp\/v2\/product_cat?post=35860"},{"taxonomy":"product_tag","embeddable":true,"href":"https:\/\/marqalicante-admin.qwair.com\/va\/wp-json\/wp\/v2\/product_tag?post=35860"}],"curies":[{"name":"wp","href":"https:\/\/api.w.org\/{rel}","templated":true}]}}