{"id":35853,"date":"2025-03-05T18:24:33","date_gmt":"2025-03-05T18:24:33","guid":{"rendered":"https:\/\/marqalicante-admin.qwair.com\/item\/real-de-a-8-ano-1809\/"},"modified":"2025-03-05T18:27:44","modified_gmt":"2025-03-05T18:27:44","slug":"real-de-a-8-ano-1809","status":"publish","type":"product","link":"https:\/\/marqalicante-admin.qwair.com\/va\/producte\/real-de-a-8-ano-1809\/","title":{"rendered":"<b>Reial de 8<\/b>   Any 1809."},"content":{"rendered":"","protected":false},"excerpt":{"rendered":"<h3>Edat contempor\u00e0nia<\/h3>\n<p><b>Metall:<\/b> Plata.<br \/><b>Entitat emissora: <\/b> Espanya. Ferran VII.<br \/><b>Seca:<\/b> M\u00e8xic.<br \/><b>Data:<\/b> Any 1809.<br \/><b>Anvers:<\/b><br \/> Bust de Ferran VII llorejat a dreta amb perruqu\u00ed, lla\u00e7, cuirassa i mantell. Llegenda: FERDIN VII DEI GRATIA 1809.<br \/>\n<br \/><b>Revers:<\/b><br \/> Escut coronat i caserna amb les armes de Castella, Lle\u00f3 i Granada i al centre escus\u00f3 de la casa de Borb\u00f3. Als costats columnes d&#039;H\u00e8rcules amb cintes enrotllades i llegenda PLUS ULTRA. Llegenda: HISPAN ET IND REX. Marca de seca: M superada d&#039;O. Marca de valor: 8R. Assajadors: T H.<br \/><b>Pes:<\/b> 27.10 g \u2013 <b>Di\u00e0metre:<\/b> 39 mm \u2013 <b>Eixos:<\/b> 12 h.<br \/><b>Descrita a:<\/b> Calic\u00f3 Estivill, F., Calic\u00f3 Estivill, X., Blat Reial, J., 1994: Les monedes espanyoles des de Fernando i Isabel a Joan Carles I. Anys: 1474 a 1994, Barcelona, p. 565, tipus 122, n\u00fam. 492.<br \/>\n<br \/><b>Publicada a:<\/b><br \/>Ramon S\u00e1nchez, JJ, Ib\u00e1\u00f1ez Sarri\u00f3, C., 2010: \u00abCat\u00e0leg. Edat Moderna i contempor\u00e0nia\u00bb, a Ram\u00f3n S\u00e1nchez, JJ (ed.), Monedes. Totes les cares de la Hist\u00f2ria. Col\u00b7leccions numism\u00e0tiques del MARQ, Alacant, p. 165; Ramon S\u00e1nchez, JJ, 2013: El Tessor de Sant Joan d&#039;Alacant, Alacant, 2013, p. 90 i 146 n\u00fam. 463.<br \/><b>N\u00famero Inventari Monetari:<\/b> 3796.<br \/>Troballa casual. Tresor de Sant Joan d&#039;Alacant<\/p>","protected":false},"featured_media":35333,"template":"","meta":{"kia_subtitle":""},"product_brand":[],"product_cat":[2316],"product_tag":[],"class_list":{"0":"post-35853","1":"product","2":"type-product","3":"status-publish","4":"has-post-thumbnail","6":"product_cat-catalogo-numismatico","8":"first","9":"instock","10":"virtual","11":"product-type-simple"},"meta_box":{"ia_expediente":"","ia_ano":"","ia_fechas_de_actuacion":"","ia_municipios_comarcas":"","ia_directores":"","ia_periodos_culturales":"","ia_tipos_de_intervencion":"","ia_equipo_tecnico":"","ia_autores":"","ia_promotores":"","ia_deposito_de_materiales":"","ia_coordenadas_utm":""},"_links":{"self":[{"href":"https:\/\/marqalicante-admin.qwair.com\/va\/wp-json\/wp\/v2\/product\/35853","targetHints":{"allow":["GET"]}}],"collection":[{"href":"https:\/\/marqalicante-admin.qwair.com\/va\/wp-json\/wp\/v2\/product"}],"about":[{"href":"https:\/\/marqalicante-admin.qwair.com\/va\/wp-json\/wp\/v2\/types\/product"}],"wp:featuredmedia":[{"embeddable":true,"href":"https:\/\/marqalicante-admin.qwair.com\/va\/wp-json\/wp\/v2\/media\/35333"}],"wp:attachment":[{"href":"https:\/\/marqalicante-admin.qwair.com\/va\/wp-json\/wp\/v2\/media?parent=35853"}],"wp:term":[{"taxonomy":"product_brand","embeddable":true,"href":"https:\/\/marqalicante-admin.qwair.com\/va\/wp-json\/wp\/v2\/product_brand?post=35853"},{"taxonomy":"product_cat","embeddable":true,"href":"https:\/\/marqalicante-admin.qwair.com\/va\/wp-json\/wp\/v2\/product_cat?post=35853"},{"taxonomy":"product_tag","embeddable":true,"href":"https:\/\/marqalicante-admin.qwair.com\/va\/wp-json\/wp\/v2\/product_tag?post=35853"}],"curies":[{"name":"wp","href":"https:\/\/api.w.org\/{rel}","templated":true}]}}