{"id":35846,"date":"2025-03-05T18:24:31","date_gmt":"2025-03-05T18:24:31","guid":{"rendered":"https:\/\/marqalicante-admin.qwair.com\/item\/ocho-maravedis-ano-1779\/"},"modified":"2025-03-05T18:27:43","modified_gmt":"2025-03-05T18:27:43","slug":"ocho-maravedis-ano-1779","status":"publish","type":"product","link":"https:\/\/marqalicante-admin.qwair.com\/va\/producte\/ocho-maravedis-ano-1779\/","title":{"rendered":"<b>Vuit maraved\u00eds<\/b>   Any 1779."},"content":{"rendered":"","protected":false},"excerpt":{"rendered":"<h3>Edat moderna<\/h3>\n<p><b>Metall:<\/b> Coure.<br \/><b>Entitat emissora: <\/b> Espanya. Carles III.<br \/><b>Seca:<\/b> Seg\u00f2via.<br \/><b>Data:<\/b> Any 1779.<br \/><b>Anvers:<\/b><br \/> Bust del monarca a dreta amb perruqu\u00ed i lla\u00e7. Llegenda: CAROLUS III DG HISP REX 1779. Marca de seca: aq\u00fceducte. Marca de valor: 8.<br \/>\n<br \/><b>Revers:<\/b><br \/> Creu de l&#039;infant don Pelayo, amb armes de Castella i Lle\u00f3, envoltada amb orla de llorer. Al centre, escus\u00f3 borb\u00f2nic.<br \/><b>Pes:<\/b> 11.50 g \u2013 <b>Di\u00e0metre:<\/b> 30 mm \u2013 <b>Eixos:<\/b> 12 h.<br \/><b>Descrita a:<\/b> Calic\u00f3 Estivill, F., Calic\u00f3 Estivill, X., Blat Reial, J., 1994: Les monedes espanyoles des de Fernando i Isabel a Joan Carles I. Anys: 1474 a 1994, Barcelona, p.489, tipus 169, n\u00fam. 1692.<br \/>\n<br \/><b>Publicada a:<\/b><br \/>Ramon S\u00e1nchez, JJ, Ib\u00e1\u00f1ez Sarri\u00f3, C., 2010: \u00abCat\u00e0leg. Edat Moderna i contempor\u00e0nia\u00bb, a Ram\u00f3n S\u00e1nchez, JJ (ed.), Monedes. Totes les cares de la Hist\u00f2ria. Col\u00b7leccions numism\u00e0tiques del MARQ, Alacant, p. 162.<br \/><b>N\u00famero Inventari Monetari:<\/b> 2356.<br \/>Fons del MARQ. Fons Numism\u00e0tic Antic<\/p>","protected":false},"featured_media":35312,"template":"","meta":{"kia_subtitle":""},"product_brand":[],"product_cat":[2316],"product_tag":[],"class_list":{"0":"post-35846","1":"product","2":"type-product","3":"status-publish","4":"has-post-thumbnail","6":"product_cat-catalogo-numismatico","8":"first","9":"instock","10":"virtual","11":"product-type-simple"},"meta_box":{"ia_expediente":"","ia_ano":"","ia_fechas_de_actuacion":"","ia_municipios_comarcas":"","ia_directores":"","ia_periodos_culturales":"","ia_tipos_de_intervencion":"","ia_equipo_tecnico":"","ia_autores":"","ia_promotores":"","ia_deposito_de_materiales":"","ia_coordenadas_utm":""},"_links":{"self":[{"href":"https:\/\/marqalicante-admin.qwair.com\/va\/wp-json\/wp\/v2\/product\/35846","targetHints":{"allow":["GET"]}}],"collection":[{"href":"https:\/\/marqalicante-admin.qwair.com\/va\/wp-json\/wp\/v2\/product"}],"about":[{"href":"https:\/\/marqalicante-admin.qwair.com\/va\/wp-json\/wp\/v2\/types\/product"}],"wp:featuredmedia":[{"embeddable":true,"href":"https:\/\/marqalicante-admin.qwair.com\/va\/wp-json\/wp\/v2\/media\/35312"}],"wp:attachment":[{"href":"https:\/\/marqalicante-admin.qwair.com\/va\/wp-json\/wp\/v2\/media?parent=35846"}],"wp:term":[{"taxonomy":"product_brand","embeddable":true,"href":"https:\/\/marqalicante-admin.qwair.com\/va\/wp-json\/wp\/v2\/product_brand?post=35846"},{"taxonomy":"product_cat","embeddable":true,"href":"https:\/\/marqalicante-admin.qwair.com\/va\/wp-json\/wp\/v2\/product_cat?post=35846"},{"taxonomy":"product_tag","embeddable":true,"href":"https:\/\/marqalicante-admin.qwair.com\/va\/wp-json\/wp\/v2\/product_tag?post=35846"}],"curies":[{"name":"wp","href":"https:\/\/api.w.org\/{rel}","templated":true}]}}