{"id":35836,"date":"2025-03-05T18:24:27","date_gmt":"2025-03-05T18:24:27","guid":{"rendered":"https:\/\/marqalicante-admin.qwair.com\/item\/dihuite-anos-1516-1548\/"},"modified":"2025-03-05T18:27:40","modified_gmt":"2025-03-05T18:27:40","slug":"dihuite-anos-1516-1548","status":"publish","type":"product","link":"https:\/\/marqalicante-admin.qwair.com\/va\/producte\/dihuite-anos-1516-1548\/","title":{"rendered":"<b>Dihuit<\/b>   Anys 1516-1548."},"content":{"rendered":"","protected":false},"excerpt":{"rendered":"<h3>Edat moderna<\/h3>\n<p><b>Metall:<\/b> Plata.<br \/><b>Entitat emissora: <\/b> Espanya. Carles I.<br \/><b>Seca:<\/b> Val\u00e8ncia.<br \/><b>Data:<\/b> Anys 1516-1548.<br \/><b>Anvers:<\/b><br \/> Ef\u00edgie de front coronat i l\u00f2buls als costats. Llegenda: CAROLVS DEI GR\u00c0CIA REX ARAG. Marca: corona.<br \/>\n<br \/><b>Revers:<\/b><br \/> Armes de Val\u00e8ncia coronades entre bil\u00f2buls. Llegenda: VALENCIE MAIORICARVM SA. Marca: escudit amb lle\u00f3.<br \/>\n<br \/><b>Pes:<\/b> 5.32 g \u2013 <b>Di\u00e0metre:<\/b> 28 mm \u2013 <b>Eixos:<\/b> 1 h.<br \/><b>Descrita a:<\/b> Calic\u00f3 Estivill, F., Calic\u00f3 Estivill, X., Blat Reial, J., 1994: Les monedes espanyoles des de Fernando i Isabel a Joan Carles I. Anys: 1474 a 1994, Barcelona, p. 127, tipus 30, var. n\u00fam. 86.<br \/><b>Publicada a:<\/b><br \/>Ramon S\u00e1nchez, JJ, Ib\u00e1\u00f1ez Sarri\u00f3, C., 2010: \u00abCat\u00e0leg. Edat Moderna i contempor\u00e0nia\u00bb, a Ram\u00f3n S\u00e1nchez, JJ (ed.), Monedes. Totes les cares de la Hist\u00f2ria. Col\u00b7leccions numism\u00e0tiques del MARQ, Alacant, p. 155.<br \/><b>N\u00famero Inventari Monetari:<\/b> 429.<br \/>Compra. Col\u00b7lecci\u00f3 Isidro Albert<\/p>","protected":false},"featured_media":35282,"template":"","meta":{"kia_subtitle":""},"product_brand":[],"product_cat":[2316],"product_tag":[],"class_list":{"0":"post-35836","1":"product","2":"type-product","3":"status-publish","4":"has-post-thumbnail","6":"product_cat-catalogo-numismatico","8":"first","9":"instock","10":"virtual","11":"product-type-simple"},"meta_box":{"ia_expediente":"","ia_ano":"","ia_fechas_de_actuacion":"","ia_municipios_comarcas":"","ia_directores":"","ia_periodos_culturales":"","ia_tipos_de_intervencion":"","ia_equipo_tecnico":"","ia_autores":"","ia_promotores":"","ia_deposito_de_materiales":"","ia_coordenadas_utm":""},"_links":{"self":[{"href":"https:\/\/marqalicante-admin.qwair.com\/va\/wp-json\/wp\/v2\/product\/35836","targetHints":{"allow":["GET"]}}],"collection":[{"href":"https:\/\/marqalicante-admin.qwair.com\/va\/wp-json\/wp\/v2\/product"}],"about":[{"href":"https:\/\/marqalicante-admin.qwair.com\/va\/wp-json\/wp\/v2\/types\/product"}],"wp:featuredmedia":[{"embeddable":true,"href":"https:\/\/marqalicante-admin.qwair.com\/va\/wp-json\/wp\/v2\/media\/35282"}],"wp:attachment":[{"href":"https:\/\/marqalicante-admin.qwair.com\/va\/wp-json\/wp\/v2\/media?parent=35836"}],"wp:term":[{"taxonomy":"product_brand","embeddable":true,"href":"https:\/\/marqalicante-admin.qwair.com\/va\/wp-json\/wp\/v2\/product_brand?post=35836"},{"taxonomy":"product_cat","embeddable":true,"href":"https:\/\/marqalicante-admin.qwair.com\/va\/wp-json\/wp\/v2\/product_cat?post=35836"},{"taxonomy":"product_tag","embeddable":true,"href":"https:\/\/marqalicante-admin.qwair.com\/va\/wp-json\/wp\/v2\/product_tag?post=35836"}],"curies":[{"name":"wp","href":"https:\/\/api.w.org\/{rel}","templated":true}]}}