{"id":35831,"date":"2025-03-05T18:24:26","date_gmt":"2025-03-05T18:24:26","guid":{"rendered":"https:\/\/marqalicante-admin.qwair.com\/item\/carlin-anos-1416-1458\/"},"modified":"2025-03-05T18:27:39","modified_gmt":"2025-03-05T18:27:39","slug":"carlin-anos-1416-1458","status":"publish","type":"product","link":"https:\/\/marqalicante-admin.qwair.com\/va\/producte\/carlin-anos-1416-1458\/","title":{"rendered":"<b>Carl\u00edn<\/b>   Anys 1416-1458."},"content":{"rendered":"","protected":false},"excerpt":{"rendered":"<h3>Feudal<\/h3>\n<p><b>Metall:<\/b> Plata.<br \/><b>Entitat emissora: <\/b> Corona d\u00b4Arag\u00f3. Alfons el Magn\u00e0nim.<br \/><b>Seca:<\/b> N\u00e0pols.<br \/><b>Data:<\/b> Anys 1416-1458.<br \/><b>Anvers:<\/b><br \/> Figura del rei assegut en tron amb lleons amb ceptre i globus cruc\u00edfer. Llegenda: DNS ADIVT ET EGO VAIG DONAR M. A camp, S.<br \/>\n<br \/><b>Revers:<\/b><br \/> Armes catalano-napolitanes casernades ocupant tot el camp. Llegenda. ALFONSVS DGR AR SCV FA.<br \/>\n<br \/><b>Pes:<\/b> 4.7 g \u2013 <b>Di\u00e0metre:<\/b> 27 mm \u2013 <b>Eixos:<\/b> 12 h.<br \/><b>Descrita a:<\/b> Crusafont Sabater, M., 1992: Encunyacions de la Corona Catalano- Aragonesa i dels Regnes d&#039;Arag\u00f3 i Navarra. Mitjana i tr\u00e0nsit a l&#039;Edat Moderna, Cat\u00e0leg general de les monedes espanyoles, vol. IV, Madrid, p. 141, n\u00fam. 889.<br \/>\n<br \/><b>Publicada a:<\/b><br \/>Dom\u00e8nech Belda, C., Ramon S\u00e1nchez, JJ, Ahuir Dom\u00ednguez, JA, 2010: \u00abCat\u00e0leg. Edat Mitjana\u00bb, a Ram\u00f3n S\u00e1nchez, JJ (ed.), Monedes. Totes les cares de la Hist\u00f2ria. Col\u00b7leccions numism\u00e0tiques del MARQ, Alacant, p. 149.<br \/><b>N\u00famero Inventari Monetari:<\/b> 4529.<br \/>Compra. <\/p>","protected":false},"featured_media":35267,"template":"","meta":{"kia_subtitle":""},"product_brand":[],"product_cat":[2316],"product_tag":[],"class_list":{"0":"post-35831","1":"product","2":"type-product","3":"status-publish","4":"has-post-thumbnail","6":"product_cat-catalogo-numismatico","8":"first","9":"instock","10":"virtual","11":"product-type-simple"},"meta_box":{"ia_expediente":"","ia_ano":"","ia_fechas_de_actuacion":"","ia_municipios_comarcas":"","ia_directores":"","ia_periodos_culturales":"","ia_tipos_de_intervencion":"","ia_equipo_tecnico":"","ia_autores":"","ia_promotores":"","ia_deposito_de_materiales":"","ia_coordenadas_utm":""},"_links":{"self":[{"href":"https:\/\/marqalicante-admin.qwair.com\/va\/wp-json\/wp\/v2\/product\/35831","targetHints":{"allow":["GET"]}}],"collection":[{"href":"https:\/\/marqalicante-admin.qwair.com\/va\/wp-json\/wp\/v2\/product"}],"about":[{"href":"https:\/\/marqalicante-admin.qwair.com\/va\/wp-json\/wp\/v2\/types\/product"}],"wp:featuredmedia":[{"embeddable":true,"href":"https:\/\/marqalicante-admin.qwair.com\/va\/wp-json\/wp\/v2\/media\/35267"}],"wp:attachment":[{"href":"https:\/\/marqalicante-admin.qwair.com\/va\/wp-json\/wp\/v2\/media?parent=35831"}],"wp:term":[{"taxonomy":"product_brand","embeddable":true,"href":"https:\/\/marqalicante-admin.qwair.com\/va\/wp-json\/wp\/v2\/product_brand?post=35831"},{"taxonomy":"product_cat","embeddable":true,"href":"https:\/\/marqalicante-admin.qwair.com\/va\/wp-json\/wp\/v2\/product_cat?post=35831"},{"taxonomy":"product_tag","embeddable":true,"href":"https:\/\/marqalicante-admin.qwair.com\/va\/wp-json\/wp\/v2\/product_tag?post=35831"}],"curies":[{"name":"wp","href":"https:\/\/api.w.org\/{rel}","templated":true}]}}