{"id":35829,"date":"2025-03-05T18:24:25","date_gmt":"2025-03-05T18:24:25","guid":{"rendered":"https:\/\/marqalicante-admin.qwair.com\/item\/ducado-anos-1356-1361\/"},"modified":"2025-03-05T18:27:39","modified_gmt":"2025-03-05T18:27:39","slug":"ducado-anos-1356-1361","status":"publish","type":"product","link":"https:\/\/marqalicante-admin.qwair.com\/va\/producte\/ducado-anos-1356-1361\/","title":{"rendered":"<b>Ducat<\/b>   Anys 1356-1361."},"content":{"rendered":"","protected":false},"excerpt":{"rendered":"<h3>Feudal<\/h3>\n<p><b>Metall:<\/b> Or.<br \/><b>Entitat emissora: <\/b> Rep\u00fablica de Ven\u00e8cia (It\u00e0lia). Duc Giovanni Dolfin.<br \/><b>Seca:<\/b> Ven\u00e8cia.<br \/><b>Data:<\/b> Anys 1356-1361.<br \/><b>Anvers:<\/b><br \/> Sant Marc, dret a l&#039;esquerra, d\u00f3na un estendard al duc, agenollat a la dreta. Llegenda: IO \u2022 DELPHYNO \u2013 \u2022 S \u2022 M \u2022 VENETI \u2022 DVX.<br \/>\n<br \/><b>Revers:<\/b><br \/> Crist dins una mandorla amb estrelles. Llegenda: \u2022 SIT \u2022 T \u2022 XPE \u2022 DAT&#039; \u2022 Q \u2022 TV \u2022 REGIS \u2022 ISTE \u2022 DVCAT&#039;.<br \/>\n<br \/><b>Pes:<\/b> 3.54 g \u2013 <b>Di\u00e0metre:<\/b> 19 mm \u2013 <b>Eixos:<\/b> 8 h.<br \/><b>Descrita a:<\/b> Corpus Nummorum Italicorum, vol.VII. Veneto (Venezia \u2013 Part I \u2013 Dalle origini a Mar\u00ed Grimaldi), Roma, 1915, p\u00e0g. 86, n\u00fam. 326.<br \/><b>Publicada a:<\/b><br \/>Dom\u00e8nech Belda, C., Ramon S\u00e1nchez, JJ, Ahuir Dom\u00ednguez, JA, 2010: \u00abCat\u00e0leg. Edat Mitjana\u00bb, a Ram\u00f3n S\u00e1nchez, JJ (ed.), Monedes. Totes les cares de la Hist\u00f2ria. Col\u00b7leccions numism\u00e0tiques del MARQ, Alacant, p.149.<br \/><b>N\u00famero Inventari Monetari:<\/b> 6576.<br \/>Compra. Col\u00b7lecci\u00f3 Enrique Llobregat<\/p>","protected":false},"featured_media":35261,"template":"","meta":{"kia_subtitle":""},"product_brand":[],"product_cat":[2316],"product_tag":[],"class_list":{"0":"post-35829","1":"product","2":"type-product","3":"status-publish","4":"has-post-thumbnail","6":"product_cat-catalogo-numismatico","8":"first","9":"instock","10":"virtual","11":"product-type-simple"},"meta_box":{"ia_expediente":"","ia_ano":"","ia_fechas_de_actuacion":"","ia_municipios_comarcas":"","ia_directores":"","ia_periodos_culturales":"","ia_tipos_de_intervencion":"","ia_equipo_tecnico":"","ia_autores":"","ia_promotores":"","ia_deposito_de_materiales":"","ia_coordenadas_utm":""},"_links":{"self":[{"href":"https:\/\/marqalicante-admin.qwair.com\/va\/wp-json\/wp\/v2\/product\/35829","targetHints":{"allow":["GET"]}}],"collection":[{"href":"https:\/\/marqalicante-admin.qwair.com\/va\/wp-json\/wp\/v2\/product"}],"about":[{"href":"https:\/\/marqalicante-admin.qwair.com\/va\/wp-json\/wp\/v2\/types\/product"}],"wp:featuredmedia":[{"embeddable":true,"href":"https:\/\/marqalicante-admin.qwair.com\/va\/wp-json\/wp\/v2\/media\/35261"}],"wp:attachment":[{"href":"https:\/\/marqalicante-admin.qwair.com\/va\/wp-json\/wp\/v2\/media?parent=35829"}],"wp:term":[{"taxonomy":"product_brand","embeddable":true,"href":"https:\/\/marqalicante-admin.qwair.com\/va\/wp-json\/wp\/v2\/product_brand?post=35829"},{"taxonomy":"product_cat","embeddable":true,"href":"https:\/\/marqalicante-admin.qwair.com\/va\/wp-json\/wp\/v2\/product_cat?post=35829"},{"taxonomy":"product_tag","embeddable":true,"href":"https:\/\/marqalicante-admin.qwair.com\/va\/wp-json\/wp\/v2\/product_tag?post=35829"}],"curies":[{"name":"wp","href":"https:\/\/api.w.org\/{rel}","templated":true}]}}