{"id":35826,"date":"2025-03-05T18:24:24","date_gmt":"2025-03-05T18:24:24","guid":{"rendered":"https:\/\/marqalicante-admin.qwair.com\/item\/sueldo-anos-1250-1310\/"},"modified":"2025-03-05T18:27:39","modified_gmt":"2025-03-05T18:27:39","slug":"sueldo-anos-1250-1310","status":"publish","type":"product","link":"https:\/\/marqalicante-admin.qwair.com\/va\/producte\/sueldo-anos-1250-1310\/","title":{"rendered":"<b>Sou<\/b>   Anys 1250-1310."},"content":{"rendered":"","protected":false},"excerpt":{"rendered":"<h3>Feudal<\/h3>\n<p><b>Metal:<\/b> Plata.<br \/><b>Entidad emisora: <\/b> Primera Rep\u00fablica de Mil\u00e1n (Italia).<br \/><b>Ceca:<\/b> Mil\u00e1n.<br \/><b>Fecha:<\/b> A\u00f1os 1250-1310.<br \/><b>Anverso:<\/b><br \/> Cruz patada con tres gr\u00e1nulos en cada \u00e1ngulo. Leyenda: MEDIOLANVM<br \/>\n<br \/><b>Reverso:<\/b><br \/> Ambrosio sentado&#44; de frente&#44; en trono&#44; levantando una mano en acci\u00f3n de bendecir y sosteniendo b\u00e1culo. Leyenda: [s amb]ROSIVS.<br \/>\n<br \/><b>Peso:<\/b> 3.18 g &#8211; <b>Di\u00e1metro:<\/b> 21 mm &#8211; <b>Ejes:<\/b> 12 h.<br \/><b>Descrita en:<\/b> Corpus Nummorum Italicorum&#44; vol. V. Lombard\u00eda (Milano). Roma&#44; 1914&#44; p. 59&#44; tipo III&#44; 17.<br \/><b>Publicada en:<\/b><br \/>Dom\u00e9nech Belda&#44; C.&#44; Ram\u00f3n S\u00e1nchez&#44; J.J.&#44; Ahuir Dom\u00ednguez&#44; J.A.&#44; 2010: \u00abCat\u00e1logo. Edad Media\u00bb&#44; en Ram\u00f3n S\u00e1nchez&#44; J.J. (ed.)&#44; Monedas. Todas las caras de la Historia. Colecciones numism\u00e1ticas del MARQ&#44; Alicante&#44; p.146.<br \/><b>N\u00famero Inventario Monetario:<\/b> 6577.<br \/>Compra. Colecci\u00f3n Enrique Llobregat<\/p>\n","protected":false},"featured_media":35252,"template":"","meta":{"kia_subtitle":""},"product_brand":[],"product_cat":[2316],"product_tag":[],"class_list":{"0":"post-35826","1":"product","2":"type-product","3":"status-publish","4":"has-post-thumbnail","6":"product_cat-catalogo-numismatico","8":"first","9":"instock","10":"virtual","11":"product-type-simple"},"meta_box":{"ia_expediente":"","ia_ano":"","ia_fechas_de_actuacion":"","ia_municipios_comarcas":"","ia_directores":"","ia_periodos_culturales":"","ia_tipos_de_intervencion":"","ia_equipo_tecnico":"","ia_autores":"","ia_promotores":"","ia_deposito_de_materiales":"","ia_coordenadas_utm":""},"_links":{"self":[{"href":"https:\/\/marqalicante-admin.qwair.com\/va\/wp-json\/wp\/v2\/product\/35826","targetHints":{"allow":["GET"]}}],"collection":[{"href":"https:\/\/marqalicante-admin.qwair.com\/va\/wp-json\/wp\/v2\/product"}],"about":[{"href":"https:\/\/marqalicante-admin.qwair.com\/va\/wp-json\/wp\/v2\/types\/product"}],"wp:featuredmedia":[{"embeddable":true,"href":"https:\/\/marqalicante-admin.qwair.com\/va\/wp-json\/wp\/v2\/media\/35252"}],"wp:attachment":[{"href":"https:\/\/marqalicante-admin.qwair.com\/va\/wp-json\/wp\/v2\/media?parent=35826"}],"wp:term":[{"taxonomy":"product_brand","embeddable":true,"href":"https:\/\/marqalicante-admin.qwair.com\/va\/wp-json\/wp\/v2\/product_brand?post=35826"},{"taxonomy":"product_cat","embeddable":true,"href":"https:\/\/marqalicante-admin.qwair.com\/va\/wp-json\/wp\/v2\/product_cat?post=35826"},{"taxonomy":"product_tag","embeddable":true,"href":"https:\/\/marqalicante-admin.qwair.com\/va\/wp-json\/wp\/v2\/product_tag?post=35826"}],"curies":[{"name":"wp","href":"https:\/\/api.w.org\/{rel}","templated":true}]}}