{"id":35818,"date":"2025-03-05T18:24:21","date_gmt":"2025-03-05T18:24:21","guid":{"rendered":"https:\/\/marqalicante-admin.qwair.com\/item\/dinar-ano-551-h-1156-1157-d-c\/"},"modified":"2025-03-05T18:27:37","modified_gmt":"2025-03-05T18:27:37","slug":"dinar-ano-551-h-1156-1157-d-c","status":"publish","type":"product","link":"https:\/\/marqalicante-admin.qwair.com\/va\/producte\/dinar-ano-551-h-1156-1157-d-c\/","title":{"rendered":"<b>Dinar<\/b>   Any 551 H. \/ 1156-1157 d. C."},"content":{"rendered":"","protected":false},"excerpt":{"rendered":"<h3>Medieval isl\u00e0mic<\/h3>\n<p><b>Metall:<\/b> Or.<br \/><b>Entitat emissora: <\/b> Taifes Almor\u00e0vits. Muhammad ibn Mardan\u012b\u0161.<br \/><b>Seca:<\/b> M\u00farcia.<br \/><b>Data:<\/b> Any 551 H. \/ 1156-1157 d. C.<br \/><b>Anvers:<\/b><br \/> IAC: \u0644\u0627 \u0627\u0644\u0647 \u0627\u0644\u0627 \u0627\u0644\u0644\u0647<br \/>\n        &#1605;&#1581;&#1605;&#1583; &#1585;&#1587;&#1608;&#1604; &#1575;&#1604;&#1604;&#1607;<br \/>\n        &#1610;&#1593;&#1578;&#1589;&#1605; &#1576;&#1581;&#1576;&#1604; &#1575;&#1604;&#1604;&#1607;<br \/>\n        &#1575;&#1604;&#1575;&#1605;&#1610;&#1585; &#1575;&#1576;&#1608;&#1593;&#1576;&#1583; &#1575;&#1604;&#1604;&#1607;<br \/>\n        &#1605;&#1581;&#1605;&#1583; &#1575;&#1576;&#1606; &#1587;&#1593;&#1583; &#1575;&#1610;&#1583;&#1607;<br \/>\n        &#1575;&#1604;&#1604;&#1607;<br \/>\nIAM: Alcor\u00e0 3, 85.<br \/>\n        <br \/><b>Revers:<\/b><br \/> IIAC: \u0627\u0644\u0627\u0645\u0627\u0645<br \/>\n         &#1575;&#1576;&#1608;&#1593;&#1576;&#1583; &#1575;&#1604;&#1604;&#1607;<br \/>\n         &#1605;&#1581;&#1605;&#1583; &#1575;&#1604;&#1605;&#1602;&#1578;&#1601;&#1609;<br \/>\n         &#1604;&#1575;&#1605;&#1585;&#1575;&#1604;&#1604;&#1607; &#1575;&#1605;&#1610;&#1585;<br \/>\n         &#1575;&#1604;&#1605;&#1608;&#1605;&#1606;&#1610;&#1606; &#1575;&#1604;&#1593;&#1576;&#1575;&#1587;&#1609;<br \/>\nIIAM: Valor, seca i data.<br \/><b>Pes:<\/b> 3.92 g \u2013 <b>Di\u00e0metre:<\/b> 25 mm \u2013 <b>Eixos:<\/b> 12 h.<br \/><b>Descrita a:<\/b> Vives 1945.<br \/><b>Publicada a:<\/b><br \/>Dom\u00e8nech Belda, C., Ramon S\u00e1nchez, JJ, Ahuir Dom\u00ednguez, JA, 2010: \u00abCat\u00e0leg. Edat Mitjana\u00bb, a Ram\u00f3n S\u00e1nchez, JJ (ed.), Monedes. Totes les cares de la Hist\u00f2ria. Col\u00b7leccions numism\u00e0tiques del MARQ, Alacant, p. 141.<br \/><b>N\u00famero Inventari Monetari:<\/b> 7394.<br \/>Cessi\u00f3. Col\u00b7lecci\u00f3 Julio Furg\u00fas<\/p>","protected":false},"featured_media":35228,"template":"","meta":{"kia_subtitle":""},"product_brand":[],"product_cat":[2316],"product_tag":[],"class_list":{"0":"post-35818","1":"product","2":"type-product","3":"status-publish","4":"has-post-thumbnail","6":"product_cat-catalogo-numismatico","8":"first","9":"instock","10":"virtual","11":"product-type-simple"},"meta_box":{"ia_expediente":"","ia_ano":"","ia_fechas_de_actuacion":"","ia_municipios_comarcas":"","ia_directores":"","ia_periodos_culturales":"","ia_tipos_de_intervencion":"","ia_equipo_tecnico":"","ia_autores":"","ia_promotores":"","ia_deposito_de_materiales":"","ia_coordenadas_utm":""},"_links":{"self":[{"href":"https:\/\/marqalicante-admin.qwair.com\/va\/wp-json\/wp\/v2\/product\/35818","targetHints":{"allow":["GET"]}}],"collection":[{"href":"https:\/\/marqalicante-admin.qwair.com\/va\/wp-json\/wp\/v2\/product"}],"about":[{"href":"https:\/\/marqalicante-admin.qwair.com\/va\/wp-json\/wp\/v2\/types\/product"}],"wp:featuredmedia":[{"embeddable":true,"href":"https:\/\/marqalicante-admin.qwair.com\/va\/wp-json\/wp\/v2\/media\/35228"}],"wp:attachment":[{"href":"https:\/\/marqalicante-admin.qwair.com\/va\/wp-json\/wp\/v2\/media?parent=35818"}],"wp:term":[{"taxonomy":"product_brand","embeddable":true,"href":"https:\/\/marqalicante-admin.qwair.com\/va\/wp-json\/wp\/v2\/product_brand?post=35818"},{"taxonomy":"product_cat","embeddable":true,"href":"https:\/\/marqalicante-admin.qwair.com\/va\/wp-json\/wp\/v2\/product_cat?post=35818"},{"taxonomy":"product_tag","embeddable":true,"href":"https:\/\/marqalicante-admin.qwair.com\/va\/wp-json\/wp\/v2\/product_tag?post=35818"}],"curies":[{"name":"wp","href":"https:\/\/api.w.org\/{rel}","templated":true}]}}