{"id":35814,"date":"2025-03-05T18:24:20","date_gmt":"2025-03-05T18:24:20","guid":{"rendered":"https:\/\/marqalicante-admin.qwair.com\/item\/dirham-anos-465-468-h-1072-1076-d-c\/"},"modified":"2025-03-05T18:27:36","modified_gmt":"2025-03-05T18:27:36","slug":"dirham-anos-465-468-h-1072-1076-d-c","status":"publish","type":"product","link":"https:\/\/marqalicante-admin.qwair.com\/va\/producte\/dirham-anos-465-468-h-1072-1076-d-c\/","title":{"rendered":"<b>Dirham<\/b>   Anys 465-468 H. \/ 1072-1076 d. C."},"content":{"rendered":"","protected":false},"excerpt":{"rendered":"<h3>Medieval isl\u00e0mic<\/h3>\n<p><b>Metall:<\/b> Plata.<br \/><b>Entitat emissora: <\/b> Taifa de Toledo. Al-Ma&#039;m\u016bn.<br \/><b>Seca:<\/b> Toledo.<br \/><b>Data:<\/b> Anys 465-468 H. \/ 1072-1076 d. C.<br \/><b>Anvers:<\/b><br \/> IAC: \u0644\u0627 \u0627\u0644\u0647<br \/>\n        &#1575;&#1604;&#1605;&#1575;&#1605;&#1608;&#1606; &#1584;&#1608;<br \/>\n       &#1575;&#1604;&#1605;&#1580;&#1583;&#65268;&#65254;<br \/>\n        &#1575;&#1604;&#1575; &#1604;&#1604;&#1607;<br \/><b>Revers:<\/b><br \/> IIAC: \u0645\u062d\u0645\u062f<br \/>\n         &#1575;&#1604;&#1581;&#1575;&#1580;&#1576; &#1587;&#1585;&#1601;<br \/>\n        &#1575;&#1604;&#1583;&#1608; &#1604;&#1577;<br \/>\n        &#1585;&#1587;&#1608;&#1604; &#1575;&#1604;&#1604;&#1607;<br \/><b>Pes:<\/b> 2.32 g \u2013 <b>Di\u00e0metre:<\/b> 20 mm \u2013 <b>Eixos:<\/b> 4 h.<br \/><b>Descrita a:<\/b> Prieto, 1926, 338.<br \/><b>Publicada a:<\/b><br \/>Dom\u00e8nech Belda, C., Ramon S\u00e1nchez, JJ, Ahuir Dom\u00ednguez, JA, 2010: \u00abCat\u00e0leg. Edat Mitjana\u00bb, a Ram\u00f3n S\u00e1nchez, JJ (ed.), Monedes. Totes les cares de la Hist\u00f2ria. Col\u00b7leccions numism\u00e0tiques del MARQ, Alacant, p. 138.<br \/><b>N\u00famero Inventari Monetari:<\/b> 6090.<br \/>Donaci\u00f3. Col\u00b7lecci\u00f3 Andrea Azuar<\/p>","protected":false},"featured_media":35216,"template":"","meta":{"kia_subtitle":""},"product_brand":[],"product_cat":[2316],"product_tag":[],"class_list":{"0":"post-35814","1":"product","2":"type-product","3":"status-publish","4":"has-post-thumbnail","6":"product_cat-catalogo-numismatico","8":"first","9":"instock","10":"virtual","11":"product-type-simple"},"meta_box":{"ia_expediente":"","ia_ano":"","ia_fechas_de_actuacion":"","ia_municipios_comarcas":"","ia_directores":"","ia_periodos_culturales":"","ia_tipos_de_intervencion":"","ia_equipo_tecnico":"","ia_autores":"","ia_promotores":"","ia_deposito_de_materiales":"","ia_coordenadas_utm":""},"_links":{"self":[{"href":"https:\/\/marqalicante-admin.qwair.com\/va\/wp-json\/wp\/v2\/product\/35814","targetHints":{"allow":["GET"]}}],"collection":[{"href":"https:\/\/marqalicante-admin.qwair.com\/va\/wp-json\/wp\/v2\/product"}],"about":[{"href":"https:\/\/marqalicante-admin.qwair.com\/va\/wp-json\/wp\/v2\/types\/product"}],"wp:featuredmedia":[{"embeddable":true,"href":"https:\/\/marqalicante-admin.qwair.com\/va\/wp-json\/wp\/v2\/media\/35216"}],"wp:attachment":[{"href":"https:\/\/marqalicante-admin.qwair.com\/va\/wp-json\/wp\/v2\/media?parent=35814"}],"wp:term":[{"taxonomy":"product_brand","embeddable":true,"href":"https:\/\/marqalicante-admin.qwair.com\/va\/wp-json\/wp\/v2\/product_brand?post=35814"},{"taxonomy":"product_cat","embeddable":true,"href":"https:\/\/marqalicante-admin.qwair.com\/va\/wp-json\/wp\/v2\/product_cat?post=35814"},{"taxonomy":"product_tag","embeddable":true,"href":"https:\/\/marqalicante-admin.qwair.com\/va\/wp-json\/wp\/v2\/product_tag?post=35814"}],"curies":[{"name":"wp","href":"https:\/\/api.w.org\/{rel}","templated":true}]}}