{"id":35813,"date":"2025-03-05T18:24:20","date_gmt":"2025-03-05T18:24:20","guid":{"rendered":"https:\/\/marqalicante-admin.qwair.com\/item\/dirham-ano-441-h-1049-1050-d-c\/"},"modified":"2025-03-05T18:27:36","modified_gmt":"2025-03-05T18:27:36","slug":"dirham-ano-441-h-1049-1050-d-c","status":"publish","type":"product","link":"https:\/\/marqalicante-admin.qwair.com\/va\/producte\/dirham-ano-441-h-1049-1050-d-c\/","title":{"rendered":"<b>Dirham<\/b>   Any 441 H. \/ 1049-1050 dC C."},"content":{"rendered":"","protected":false},"excerpt":{"rendered":"<h3>Medieval isl\u00e0mic<\/h3>\n<p><b>Metall:<\/b> Vell\u00f3n.<br \/><b>Entitat emissora: <\/b> Taifa de Tortosa. Muq\u0101til.<br \/><b>Seca:<\/b> Tortosa (Tarragona).<br \/><b>Data:<\/b> Any 441 H. \/ 1049-1050 dC C.<br \/><b>Anvers:<\/b><br \/> IC:<br \/>\n     &#65227;&#65170;&#65194; &#65165;&#65248;&#65252;&#65248;&#65244;<br \/>\n     &#65275; &#65165;&#65248;&#65258; &#65165;&#65275;<br \/>\n     &#1604;&#1604;&#1607; &#1608;&#1581;&#1583;&#1607;<br \/>\n     &#1604;&#1575; &#1588;&#1585;&#1610;&#1603; &#1604;&#1607;<br \/>\n     &#1575;&#1576;&#1606; &#1585;&#1590;&#1609;<br \/>\nIM: Valor, data i seca.<br \/>\n<br \/><b>Revers:<\/b><br \/> IIC:<br \/>\n      &#1587;&#1610;&#1601; &#1575;&#1604;&#1605;&#1575;&#1604;&#1577;<br \/>\n      &#1575;&#1604;&#1575;&#1605;&#1575;&#1605; &#1607;&#1588;&#1575;&#1605;<br \/>\n      &#1575;&#1604;&#1605;&#1608;&#1610;&#1583; &#1576;&#1575;&#1604;&#1604;&#1607;<br \/>\n      &#1605;&#1602;&#1575;&#1578;&#1604;<\/p>\n<p>IIM:<br \/>\n       &#1605;&#1581;&#1605;&#1583;&#1585;&#1587;&#1608;&#1604; &#1575;&#1604;&#1604;&#1607; &#1575;&#1585;&#1587;&#1604;&#1726; &#1576;&#1575;&#1604;&#1607;&#1583;&#1610; &#1608;&#1583;&#65268;&#65254; &#1575;&#65247;&#65188;&#1602;<br \/>\n       &#1604;&#1610;&#1592;&#1607;&#1585;&#1607;&#1593;&#1604;&#1740; &#1575;&#1604;&#1583;&#65268;&#65254; &#1603;&#1604;&#1726; &#1608;&#1604;&#1608;&#1603;&#1585;&#1607; &#1575;&#65247;&#65252;&#1588;&#1585;&#1603;&#1608;&#1606;<br \/>\n<br \/><b>Pes:<\/b> 3.05 g \u2013 <b>Di\u00e0metre:<\/b> 24 mm \u2013 <b>Eixos:<\/b> 1 h.<br \/><b>Descrita a:<\/b> Prieto i Vives, A. 1926: Els Reis de Taifes: Estudi hist\u00f2ric-numism\u00e0tic dels musulmans espanyols al segle V de l&#039;H\u00e8gira (XI de JC), Madrid, 187 a.<br \/><b>Publicada a:<\/b><br \/>Dom\u00e8nech Belda, C., Ramon S\u00e1nchez, JJ, Ahuir Dom\u00ednguez, JA, 2010: \u00abCat\u00e0leg. Edat Mitjana\u00bb, a Ram\u00f3n S\u00e1nchez, JJ (ed.), Monedes. Totes les cares de la Hist\u00f2ria. Col\u00b7leccions numism\u00e0tiques del MARQ, Alacant, p. 138.<br \/><b>N\u00famero Inventari Monetari:<\/b> 326.<br \/>Compra. Col\u00b7lecci\u00f3 Isidro Albert<\/p>","protected":false},"featured_media":35213,"template":"","meta":{"kia_subtitle":""},"product_brand":[],"product_cat":[2316],"product_tag":[],"class_list":{"0":"post-35813","1":"product","2":"type-product","3":"status-publish","4":"has-post-thumbnail","6":"product_cat-catalogo-numismatico","8":"first","9":"instock","10":"virtual","11":"product-type-simple"},"meta_box":{"ia_expediente":"","ia_ano":"","ia_fechas_de_actuacion":"","ia_municipios_comarcas":"","ia_directores":"","ia_periodos_culturales":"","ia_tipos_de_intervencion":"","ia_equipo_tecnico":"","ia_autores":"","ia_promotores":"","ia_deposito_de_materiales":"","ia_coordenadas_utm":""},"_links":{"self":[{"href":"https:\/\/marqalicante-admin.qwair.com\/va\/wp-json\/wp\/v2\/product\/35813","targetHints":{"allow":["GET"]}}],"collection":[{"href":"https:\/\/marqalicante-admin.qwair.com\/va\/wp-json\/wp\/v2\/product"}],"about":[{"href":"https:\/\/marqalicante-admin.qwair.com\/va\/wp-json\/wp\/v2\/types\/product"}],"wp:featuredmedia":[{"embeddable":true,"href":"https:\/\/marqalicante-admin.qwair.com\/va\/wp-json\/wp\/v2\/media\/35213"}],"wp:attachment":[{"href":"https:\/\/marqalicante-admin.qwair.com\/va\/wp-json\/wp\/v2\/media?parent=35813"}],"wp:term":[{"taxonomy":"product_brand","embeddable":true,"href":"https:\/\/marqalicante-admin.qwair.com\/va\/wp-json\/wp\/v2\/product_brand?post=35813"},{"taxonomy":"product_cat","embeddable":true,"href":"https:\/\/marqalicante-admin.qwair.com\/va\/wp-json\/wp\/v2\/product_cat?post=35813"},{"taxonomy":"product_tag","embeddable":true,"href":"https:\/\/marqalicante-admin.qwair.com\/va\/wp-json\/wp\/v2\/product_tag?post=35813"}],"curies":[{"name":"wp","href":"https:\/\/api.w.org\/{rel}","templated":true}]}}