{"id":35812,"date":"2025-03-05T18:24:19","date_gmt":"2025-03-05T18:24:19","guid":{"rendered":"https:\/\/marqalicante-admin.qwair.com\/item\/ruba-o-cuarto-de-dinar-anos-411-427-h-1021-1036-d-c\/"},"modified":"2025-03-05T18:27:35","modified_gmt":"2025-03-05T18:27:35","slug":"ruba-o-cuarto-de-dinar-anos-411-427-h-1021-1036-d-c","status":"publish","type":"product","link":"https:\/\/marqalicante-admin.qwair.com\/va\/producte\/ruba-o-cuarto-de-dinar-anos-411-427-h-1021-1036-d-c\/","title":{"rendered":"<b>Ruba&#039;\u0101 o quart de dinar <\/b>   Anys 411-427 H. \/ 1021-1036 d. C."},"content":{"rendered":"","protected":false},"excerpt":{"rendered":"<h3>Medieval isl\u00e0mic<\/h3>\n<p><b>Metall:<\/b> Or.<br \/><b>Entitat emissora: <\/b> Califat Fatim\u00ed. Al-Z\u0101hir.<br \/><b>Seca:<\/b> No \u00e9s precisable.<br \/><b>Data:<\/b> Anys 411-427 H. \/ 1021-1036 d. C.<br \/><b>Anvers:<\/b><br \/> IC: \u0627\u0644\u0638\u0627\u0647\u0631<br \/>\n     &#1604;&#1575;&#1593;&#1586;&#1575;&#1586;&#1583;&#1610;&#1606; &#1604;&#1604;&#1607;<br \/>\n     &#1575;&#1605;&#1610;&#1585; &#1575;&#1604;&#1605;&#1608;&#1605;&#1606;&#1610;&#1606;<\/p>\n<p>IIM: \u0627\u0644\u0627\u0645\u0627\u0645 \u0639\u0628\u062f \u0644\u0644\u0647 \u0648\u0648\u0644\u064a\u0647 \u0639\u0644\u0649 \u0627\u0628\u0648 \u0627\u0644\u062d\u0633\u0646<br \/><b>Revers:<\/b><br \/> IIC: \u0644\u0627 \u0627\u0644\u0647 \u0627\u0644\u0627 \u0644\u0644\u0647<br \/>\n      &#1605;&#1581;&#1605;&#1583; &#1585;&#1587;&#1608;&#1604; &#1575;&#1604;&#1604;&#1607;<br \/>\n      &#1593;&#1604;&#1609; &#1608;&#1604;&#1609; &#1604;&#1604;&#1607;<\/p>\n<p>IIM: \u0645\u062d\u0645\u062f\u0631\u0633\u0648\u0644 \u0627\u0644\u0644\u0647 \u0627\u0631\u0633\u0644\u06be \u0628\u0627\u0644\u0647\u062f\u064a \u0648\u062f\ufef4\ufee6 \u0627\ufedf\ufea4\u0642<br \/>\n       &#1604;&#1610;&#1592;&#1607;&#1585;&#1607;&#1593;&#1604;&#1740; &#1575;&#1604;&#1583;&#65268;&#65254; &#1603;&#1604;&#1726; &#1608;&#1604;&#1608;&#1603;&#1585;&#1607; &#1575;&#65247;&#65252;&#1588;&#1585;&#1603;&#1608;&#1606;<br \/><b>Pes:<\/b> 0.92 g \u2013 <b>Di\u00e0metre:<\/b> 13 mm \u2013 <b>Eixos:<\/b> 6 h.<br \/><b>Descrita a:<\/b> Nicol, ND 2006: A Corpus of F\u00e0timid Coins, Giulio Bernardi, Trieste, n\u00fam. 1610.<br \/>\n<br \/><b>Publicada a:<\/b><br \/>Dom\u00e8nech Belda, C., Ramon S\u00e1nchez, JJ, Ahuir Dom\u00ednguez, JA, 2010: \u00abCat\u00e0leg. Edat Mitjana\u00bb, a Ram\u00f3n S\u00e1nchez, JJ (ed.), Monedes. Totes les cares de la Hist\u00f2ria. Col\u00b7leccions numism\u00e0tiques del MARQ, Alacant, p. 137.<br \/><b>N\u00famero Inventari Monetari:<\/b> 6505.<br \/>Compra. Col\u00b7lecci\u00f3 Enrique Llobregat<\/p>","protected":false},"featured_media":35210,"template":"","meta":{"kia_subtitle":""},"product_brand":[],"product_cat":[2316],"product_tag":[],"class_list":{"0":"post-35812","1":"product","2":"type-product","3":"status-publish","4":"has-post-thumbnail","6":"product_cat-catalogo-numismatico","8":"first","9":"instock","10":"virtual","11":"product-type-simple"},"meta_box":{"ia_expediente":"","ia_ano":"","ia_fechas_de_actuacion":"","ia_municipios_comarcas":"","ia_directores":"","ia_periodos_culturales":"","ia_tipos_de_intervencion":"","ia_equipo_tecnico":"","ia_autores":"","ia_promotores":"","ia_deposito_de_materiales":"","ia_coordenadas_utm":""},"_links":{"self":[{"href":"https:\/\/marqalicante-admin.qwair.com\/va\/wp-json\/wp\/v2\/product\/35812","targetHints":{"allow":["GET"]}}],"collection":[{"href":"https:\/\/marqalicante-admin.qwair.com\/va\/wp-json\/wp\/v2\/product"}],"about":[{"href":"https:\/\/marqalicante-admin.qwair.com\/va\/wp-json\/wp\/v2\/types\/product"}],"wp:featuredmedia":[{"embeddable":true,"href":"https:\/\/marqalicante-admin.qwair.com\/va\/wp-json\/wp\/v2\/media\/35210"}],"wp:attachment":[{"href":"https:\/\/marqalicante-admin.qwair.com\/va\/wp-json\/wp\/v2\/media?parent=35812"}],"wp:term":[{"taxonomy":"product_brand","embeddable":true,"href":"https:\/\/marqalicante-admin.qwair.com\/va\/wp-json\/wp\/v2\/product_brand?post=35812"},{"taxonomy":"product_cat","embeddable":true,"href":"https:\/\/marqalicante-admin.qwair.com\/va\/wp-json\/wp\/v2\/product_cat?post=35812"},{"taxonomy":"product_tag","embeddable":true,"href":"https:\/\/marqalicante-admin.qwair.com\/va\/wp-json\/wp\/v2\/product_tag?post=35812"}],"curies":[{"name":"wp","href":"https:\/\/api.w.org\/{rel}","templated":true}]}}