{"id":35810,"date":"2025-03-05T18:24:18","date_gmt":"2025-03-05T18:24:18","guid":{"rendered":"https:\/\/marqalicante-admin.qwair.com\/item\/dirham-ano-351-h-962-963-d-c\/"},"modified":"2025-03-05T18:27:35","modified_gmt":"2025-03-05T18:27:35","slug":"dirham-ano-351-h-962-963-d-c","status":"publish","type":"product","link":"https:\/\/marqalicante-admin.qwair.com\/va\/producte\/dirham-ano-351-h-962-963-d-c\/","title":{"rendered":"<b>Dirham<\/b>   Any 351 H. \/ 962-963 d. C."},"content":{"rendered":"","protected":false},"excerpt":{"rendered":"<h3>Medieval isl\u00e0mic<\/h3>\n<p><b>Metall:<\/b> Plata.<br \/><b>Entitat emissora: <\/b> Califat Omeya. Al-Hakam II.<br \/><b>Seca:<\/b> Mad\u012bnat al-Zahr\u0101&#039; (C\u00f2rdova).<br \/><b>Data:<\/b> Any 351 H. \/ 962-963 d. C.<br \/><b>Anvers:<\/b><br \/> IC: \u0644\u0627 \u0627\u0644\u0647 \u0627\u0644\u0627<br \/>\n     &#1604;&#1604;&#1607; &#1608;&#1581;&#1583;&#1607;<br \/>\n     &#1604;&#1575; &#1588;&#1585;&#1610;&#1603; &#1604;&#1607;<br \/>\nIM: Valor, data i seca.<br \/><b>Revers:<\/b><br \/> IIC: \u0639\u0628\u062f<br \/>\n      &#1575;&#1604;&#1575;&#1605;&#1575;&#1605; &#1575;&#1604;&#1581;&#1603;&#1605;<br \/>\n      &#1575;&#65267;&#65252;&#1585; &#1575;&#1604;&#1605;&#1608;&#65255;&#65252;&#1610;&#1606;<br \/>\n      &#1575;&#1604;&#1605;&#1587;&#1578;&#1606;&#1589;&#1585; &#1576;&#1575;&#1604;&#1604;&#1607;<br \/>\n      &#1575;&#1604;&#1585;&#1581;&#1605;&#1606;<\/p>\n<p>IIM: \u0645\u062d\u0645\u062f\u0631\u0633\u0648\u0644 \u0627\u0644\u0644\u0647 \u0627\u0631\u0633\u0644\u06be \u0628\u0627\u0644\u0647\u062f\u064a \u0648\u062f\ufef4\ufee6 \u0627\ufedf\ufea4\u0642<br \/>\n      &#1604;&#1610;&#1592;&#1607;&#1585;&#1607;&#1593;&#1604;&#1740; &#1575;&#1604;&#1583;&#65268;&#65254; &#1603;&#1604;&#1726; &#1608;&#1604;&#1608;&#1603;&#1585;&#1607; &#1575;&#65247;&#65252;&#1588;&#1585;&#1603;&#1608;&#1606;<br \/>\n<br \/><b>Pes:<\/b> 2.44 g \u2013 <b>Di\u00e0metre:<\/b> 25 mm \u2013 <b>Eixos:<\/b> 3 h.<br \/><b>Descrita a:<\/b> Vives 449; Milers 243 s.<br \/><b>Publicada a:<\/b><br \/>Dom\u00e8nech Belda, C., Ramon S\u00e1nchez, JJ, Ahuir Dom\u00ednguez, JA, 2010: \u00abCat\u00e0leg. Edat Mitjana\u00bb, a Ram\u00f3n S\u00e1nchez, JJ (ed.), Monedes. Totes les cares de la Hist\u00f2ria. Col\u00b7leccions numism\u00e0tiques del MARQ, Alacant, p. 135.<br \/><b>N\u00famero Inventari Monetari:<\/b> 331.<br \/>Compra. Col\u00b7lecci\u00f3 Quiles<\/p>","protected":false},"featured_media":35204,"template":"","meta":{"kia_subtitle":""},"product_brand":[],"product_cat":[2316],"product_tag":[],"class_list":{"0":"post-35810","1":"product","2":"type-product","3":"status-publish","4":"has-post-thumbnail","6":"product_cat-catalogo-numismatico","8":"first","9":"instock","10":"virtual","11":"product-type-simple"},"meta_box":{"ia_expediente":"","ia_ano":"","ia_fechas_de_actuacion":"","ia_municipios_comarcas":"","ia_directores":"","ia_periodos_culturales":"","ia_tipos_de_intervencion":"","ia_equipo_tecnico":"","ia_autores":"","ia_promotores":"","ia_deposito_de_materiales":"","ia_coordenadas_utm":""},"_links":{"self":[{"href":"https:\/\/marqalicante-admin.qwair.com\/va\/wp-json\/wp\/v2\/product\/35810","targetHints":{"allow":["GET"]}}],"collection":[{"href":"https:\/\/marqalicante-admin.qwair.com\/va\/wp-json\/wp\/v2\/product"}],"about":[{"href":"https:\/\/marqalicante-admin.qwair.com\/va\/wp-json\/wp\/v2\/types\/product"}],"wp:featuredmedia":[{"embeddable":true,"href":"https:\/\/marqalicante-admin.qwair.com\/va\/wp-json\/wp\/v2\/media\/35204"}],"wp:attachment":[{"href":"https:\/\/marqalicante-admin.qwair.com\/va\/wp-json\/wp\/v2\/media?parent=35810"}],"wp:term":[{"taxonomy":"product_brand","embeddable":true,"href":"https:\/\/marqalicante-admin.qwair.com\/va\/wp-json\/wp\/v2\/product_brand?post=35810"},{"taxonomy":"product_cat","embeddable":true,"href":"https:\/\/marqalicante-admin.qwair.com\/va\/wp-json\/wp\/v2\/product_cat?post=35810"},{"taxonomy":"product_tag","embeddable":true,"href":"https:\/\/marqalicante-admin.qwair.com\/va\/wp-json\/wp\/v2\/product_tag?post=35810"}],"curies":[{"name":"wp","href":"https:\/\/api.w.org\/{rel}","templated":true}]}}