{"id":35807,"date":"2025-03-05T18:24:17","date_gmt":"2025-03-05T18:24:17","guid":{"rendered":"https:\/\/marqalicante-admin.qwair.com\/item\/dirham-ano-160-h-776-777-d-c\/"},"modified":"2025-03-05T18:27:35","modified_gmt":"2025-03-05T18:27:35","slug":"dirham-ano-160-h-776-777-d-c","status":"publish","type":"product","link":"https:\/\/marqalicante-admin.qwair.com\/va\/producte\/dirham-ano-160-h-776-777-d-c\/","title":{"rendered":"<b>Dirham<\/b>   Any 160 H. \/ 776-777 d. C."},"content":{"rendered":"","protected":false},"excerpt":{"rendered":"<h3>Medieval isl\u00e0mic<\/h3>\n<p><b>Metall:<\/b> Plata.<br \/><b>Entitat emissora: <\/b> Emirat Independent. &#039;Abd al-Rahman I.<br \/><b>Seca:<\/b> Al-Andalus.<br \/><b>Data:<\/b> Any 160 H. \/ 776-777 d. C.<br \/><b>Anvers:<\/b><br \/> IC: \u0644\u0627 \u0627\u0644\u0647 \u0627\u0644\u0627<br \/>\n      &#1604;&#1604;&#1607; &#1608;&#1581;&#1583;&#1607;<br \/>\n      &#1604;&#1575; &#1588;&#1585;&#1610;&#1603; &#1604;&#1607;<br \/>\nIM: Valor, seca i data.<br \/><b>Revers:<\/b><br \/> IIC: \u0627\u0644\u0644\u0647 \u0627\u062d\u062f \u0627\u0644\u0644\u0647<br \/>\n      &#1575;&#1604;&#1589;&#1605;&#1583; &#1604;&#1605; &#1610;&#1604;&#1583; &#1608;<br \/>\n      &#1604;&#1605; &#1610;&#1608;&#1604;&#1583; &#1608; &#1604;&#1605; &#1610;&#1603;&#1606;<br \/>\n      &#1604;&#1607; &#1603;&#1601;&#1608;&#1575; &#1575;&#1581;&#1583;<br \/>\nIIM: Alcor\u00e0 61, 9.<br \/><b>Pes:<\/b> 2.75 g \u2013 <b>Di\u00e0metre:<\/b> 30 mm \u2013 <b>Eixos:<\/b> 10 h.<br \/><b>Descrita a:<\/b> Vives 58.<br \/><b>Publicada a:<\/b><br \/>Dom\u00e8nech Belda, C., Ramon S\u00e1nchez, JJ, Ahuir Dom\u00ednguez, JA, 2010: \u00abCat\u00e0leg. Edat Mitjana\u00bb, a Ram\u00f3n S\u00e1nchez, JJ (ed.), Monedes. Totes les cares de la Hist\u00f2ria. Col\u00b7leccions numism\u00e0tiques del MARQ, Alacant, p. 131.<br \/><b>N\u00famero Inventari Monetari:<\/b> 324.<br \/>Compra. Col\u00b7lecci\u00f3 Isidro Albert<\/p>","protected":false},"featured_media":35195,"template":"","meta":{"kia_subtitle":""},"product_brand":[],"product_cat":[2316],"product_tag":[],"class_list":{"0":"post-35807","1":"product","2":"type-product","3":"status-publish","4":"has-post-thumbnail","6":"product_cat-catalogo-numismatico","8":"first","9":"instock","10":"virtual","11":"product-type-simple"},"meta_box":{"ia_expediente":"","ia_ano":"","ia_fechas_de_actuacion":"","ia_municipios_comarcas":"","ia_directores":"","ia_periodos_culturales":"","ia_tipos_de_intervencion":"","ia_equipo_tecnico":"","ia_autores":"","ia_promotores":"","ia_deposito_de_materiales":"","ia_coordenadas_utm":""},"_links":{"self":[{"href":"https:\/\/marqalicante-admin.qwair.com\/va\/wp-json\/wp\/v2\/product\/35807","targetHints":{"allow":["GET"]}}],"collection":[{"href":"https:\/\/marqalicante-admin.qwair.com\/va\/wp-json\/wp\/v2\/product"}],"about":[{"href":"https:\/\/marqalicante-admin.qwair.com\/va\/wp-json\/wp\/v2\/types\/product"}],"wp:featuredmedia":[{"embeddable":true,"href":"https:\/\/marqalicante-admin.qwair.com\/va\/wp-json\/wp\/v2\/media\/35195"}],"wp:attachment":[{"href":"https:\/\/marqalicante-admin.qwair.com\/va\/wp-json\/wp\/v2\/media?parent=35807"}],"wp:term":[{"taxonomy":"product_brand","embeddable":true,"href":"https:\/\/marqalicante-admin.qwair.com\/va\/wp-json\/wp\/v2\/product_brand?post=35807"},{"taxonomy":"product_cat","embeddable":true,"href":"https:\/\/marqalicante-admin.qwair.com\/va\/wp-json\/wp\/v2\/product_cat?post=35807"},{"taxonomy":"product_tag","embeddable":true,"href":"https:\/\/marqalicante-admin.qwair.com\/va\/wp-json\/wp\/v2\/product_tag?post=35807"}],"curies":[{"name":"wp","href":"https:\/\/api.w.org\/{rel}","templated":true}]}}