{"id":35805,"date":"2025-03-05T18:24:16","date_gmt":"2025-03-05T18:24:16","guid":{"rendered":"https:\/\/marqalicante-admin.qwair.com\/item\/nummus-anos-530-534-d-c\/"},"modified":"2025-03-05T18:27:34","modified_gmt":"2025-03-05T18:27:34","slug":"nummus-anos-530-534-d-c","status":"publish","type":"product","link":"https:\/\/marqalicante-admin.qwair.com\/va\/producte\/nummus-anos-530-534-d-c\/","title":{"rendered":"<b>Nummus<\/b>   Anys 530-534 d. C."},"content":{"rendered":"","protected":false},"excerpt":{"rendered":"<h3>Antiguitat tardana<\/h3>\n<p><b>Metall:<\/b> Bronze.<br \/><b>Entitat emissora: <\/b> Regne v\u00e0ndal. Gelimer.<br \/><b>Seca:<\/b> Cartago (Tun\u00edsia).<br \/><b>Data:<\/b> Anys 530-534 d. C.<br \/><b>Anvers:<\/b><br \/> Bust diademat, a dreta. Llegenda il\u00b7legible.<br \/><b>Revers:<\/b><br \/> Monograma de Gelimer.<br \/><b>Pes:<\/b> 0.78 g \u2013 <b>Di\u00e0metre:<\/b> 10 mm \u2013 <b>Eixos:<\/b> 3 h.<br \/><b>Descrita a:<\/b> Grierson, P. i Blackburn, M., 1991: Medieval European Coinage I: The Early Middle Ages (5-10 Centuries), Universitat de Cambridge, 28-30.<br \/><b>Publicada a:<\/b><br \/>Ram\u00f3n S\u00e1nchez, JJ: 2011, Troballes numism\u00e0tiques de la Vila Joiosa dipositats al MARQ, a AAVV: 2011, Vila Joiosa, Arqueologia i Museu. Museus Municipals al MARQ, Alacant, 296 s.<br \/><b>N\u00famero Inventari Monetari:<\/b> 4554.<br \/>Donaci\u00f3. Terme municipal de la Vila Joiosa<\/p>","protected":false},"featured_media":35189,"template":"","meta":{"kia_subtitle":""},"product_brand":[],"product_cat":[2316],"product_tag":[],"class_list":{"0":"post-35805","1":"product","2":"type-product","3":"status-publish","4":"has-post-thumbnail","6":"product_cat-catalogo-numismatico","8":"first","9":"instock","10":"virtual","11":"product-type-simple"},"meta_box":{"ia_expediente":"","ia_ano":"","ia_fechas_de_actuacion":"","ia_municipios_comarcas":"","ia_directores":"","ia_periodos_culturales":"","ia_tipos_de_intervencion":"","ia_equipo_tecnico":"","ia_autores":"","ia_promotores":"","ia_deposito_de_materiales":"","ia_coordenadas_utm":""},"_links":{"self":[{"href":"https:\/\/marqalicante-admin.qwair.com\/va\/wp-json\/wp\/v2\/product\/35805","targetHints":{"allow":["GET"]}}],"collection":[{"href":"https:\/\/marqalicante-admin.qwair.com\/va\/wp-json\/wp\/v2\/product"}],"about":[{"href":"https:\/\/marqalicante-admin.qwair.com\/va\/wp-json\/wp\/v2\/types\/product"}],"wp:featuredmedia":[{"embeddable":true,"href":"https:\/\/marqalicante-admin.qwair.com\/va\/wp-json\/wp\/v2\/media\/35189"}],"wp:attachment":[{"href":"https:\/\/marqalicante-admin.qwair.com\/va\/wp-json\/wp\/v2\/media?parent=35805"}],"wp:term":[{"taxonomy":"product_brand","embeddable":true,"href":"https:\/\/marqalicante-admin.qwair.com\/va\/wp-json\/wp\/v2\/product_brand?post=35805"},{"taxonomy":"product_cat","embeddable":true,"href":"https:\/\/marqalicante-admin.qwair.com\/va\/wp-json\/wp\/v2\/product_cat?post=35805"},{"taxonomy":"product_tag","embeddable":true,"href":"https:\/\/marqalicante-admin.qwair.com\/va\/wp-json\/wp\/v2\/product_tag?post=35805"}],"curies":[{"name":"wp","href":"https:\/\/api.w.org\/{rel}","templated":true}]}}