{"id":35802,"date":"2025-03-05T18:24:15","date_gmt":"2025-03-05T18:24:15","guid":{"rendered":"https:\/\/marqalicante-admin.qwair.com\/item\/solido-anos-394-395-d-c\/"},"modified":"2025-03-05T18:27:34","modified_gmt":"2025-03-05T18:27:34","slug":"solido-anos-394-395-d-c","status":"publish","type":"product","link":"https:\/\/marqalicante-admin.qwair.com\/va\/producte\/solido-anos-394-395-d-c\/","title":{"rendered":"<b>S\u00f2lid<\/b>   Anys 394-395 d. C."},"content":{"rendered":"","protected":false},"excerpt":{"rendered":"<h3>Imperi rom\u00e0<\/h3>\n<p><b>Metall:<\/b> Or.<br \/><b>Entitat emissora: <\/b> Roma. Honori.<br \/><b>Seca:<\/b> Mediolanum (Mil\u00e0, It\u00e0lia).<br \/><b>Data:<\/b> Anys 394-395 d. C.<br \/><b>Anvers:<\/b><br \/> Bust drapejat i amb diadema de perles. Llegenda: DN HONORIVS PF AVG.<br \/>\n<br \/><b>Revers:<\/b><br \/> Emperador de peu a dreta sostenint estendard i Vict\u00f2ria sobre globus, i trepitjant captiu. Llegenda: VICTORI \u2013 A AVGGG. Marca de seca: M \u2013 D \/ COMOB.<br \/><b>Pes:<\/b> 4.37 g \u2013 <b>Di\u00e0metre:<\/b> 21 mm \u2013 <b>Eixos:<\/b> 6 h.<br \/><b>Descrita a:<\/b> RIC IX 35 c.<br \/><b>Publicada a:<\/b><br \/>Llobregat Conesa, EA, 1973-74. \u00abRecents troballes de monedes de l&#039;Edat Antiga a Alacant\u00bb, Numisma, 120-131, pp. 91-104; Ramon S\u00e1nchez, JJ, Garc\u00eda Barrachina, A., Verd\u00fa Parra, E., Bayo Fuentes, S., 2010: \u00abCat\u00e0leg. Antiguitat\u00bb, a Ram\u00f3n S\u00e1nchez, JJ (ed.), Monedes. Totes les cares de la Hist\u00f2ria. Col\u00b7leccions numism\u00e0tiques del MARQ, Alacant, p. 126.<br \/><b>N\u00famero Inventari Monetari:<\/b> 6382.<br \/>Compra. Troballa submarina illa de Tabarca. Col\u00b7lecci\u00f3 Enrique Llobregat<\/p>","protected":false},"featured_media":35180,"template":"","meta":{"kia_subtitle":""},"product_brand":[],"product_cat":[2316],"product_tag":[],"class_list":{"0":"post-35802","1":"product","2":"type-product","3":"status-publish","4":"has-post-thumbnail","6":"product_cat-catalogo-numismatico","8":"first","9":"instock","10":"virtual","11":"product-type-simple"},"meta_box":{"ia_expediente":"","ia_ano":"","ia_fechas_de_actuacion":"","ia_municipios_comarcas":"","ia_directores":"","ia_periodos_culturales":"","ia_tipos_de_intervencion":"","ia_equipo_tecnico":"","ia_autores":"","ia_promotores":"","ia_deposito_de_materiales":"","ia_coordenadas_utm":""},"_links":{"self":[{"href":"https:\/\/marqalicante-admin.qwair.com\/va\/wp-json\/wp\/v2\/product\/35802","targetHints":{"allow":["GET"]}}],"collection":[{"href":"https:\/\/marqalicante-admin.qwair.com\/va\/wp-json\/wp\/v2\/product"}],"about":[{"href":"https:\/\/marqalicante-admin.qwair.com\/va\/wp-json\/wp\/v2\/types\/product"}],"wp:featuredmedia":[{"embeddable":true,"href":"https:\/\/marqalicante-admin.qwair.com\/va\/wp-json\/wp\/v2\/media\/35180"}],"wp:attachment":[{"href":"https:\/\/marqalicante-admin.qwair.com\/va\/wp-json\/wp\/v2\/media?parent=35802"}],"wp:term":[{"taxonomy":"product_brand","embeddable":true,"href":"https:\/\/marqalicante-admin.qwair.com\/va\/wp-json\/wp\/v2\/product_brand?post=35802"},{"taxonomy":"product_cat","embeddable":true,"href":"https:\/\/marqalicante-admin.qwair.com\/va\/wp-json\/wp\/v2\/product_cat?post=35802"},{"taxonomy":"product_tag","embeddable":true,"href":"https:\/\/marqalicante-admin.qwair.com\/va\/wp-json\/wp\/v2\/product_tag?post=35802"}],"curies":[{"name":"wp","href":"https:\/\/api.w.org\/{rel}","templated":true}]}}