{"id":35799,"date":"2025-03-05T18:24:14","date_gmt":"2025-03-05T18:24:14","guid":{"rendered":"https:\/\/marqalicante-admin.qwair.com\/item\/moneda-ae2-anos-378-383-d-c\/"},"modified":"2025-03-05T18:27:33","modified_gmt":"2025-03-05T18:27:33","slug":"moneda-ae2-anos-378-383-d-c","status":"publish","type":"product","link":"https:\/\/marqalicante-admin.qwair.com\/va\/producte\/moneda-ae2-anos-378-383-d-c\/","title":{"rendered":"<b>Moneda (Ae2)<\/b>   Anys 378-383 d. C."},"content":{"rendered":"","protected":false},"excerpt":{"rendered":"<h3>Imperi rom\u00e0<\/h3>\n<p><b>Metall:<\/b> Bronze.<br \/><b>Entitat emissora: <\/b> Roma. Teodosi I.<br \/><b>Seca:<\/b> Roma.<br \/><b>Data:<\/b> Anys 378-383 d. C.<br \/><b>Anvers:<\/b><br \/> Bust amb diadema de perles i drapejat a dreta. Llegenda: DN THEODO \u2013 SIVS PF AVG<br \/>\n<br \/><b>Revers:<\/b><br \/> Emperador de peu a esquerra, amb m\u00e0 dreta incorporant figura femenina agenollada i sostenint Vict\u00f2ria sobre globus amb m\u00e0 esquerra. Llegenda: REPARATIO \u2013 REI PVB. Marca de seca: SMRT.<br \/><b>Pes:<\/b> 4.3 g \u2013 <b>Di\u00e0metre:<\/b> 24 mm \u2013 <b>Eixos:<\/b> 12 h.<br \/><b>Descrita a:<\/b> RIC IX 43 d.<br \/><b>Publicada a:<\/b><br \/>Ramon S\u00e1nchez, JJ, Garc\u00eda Barrachina, A., Verd\u00fa Parra, E., Bayo Fuentes, S., 2010: \u00abCat\u00e0leg. Antiguitat\u00bb, a Ram\u00f3n S\u00e1nchez, JJ (ed.), Monedes. Totes les cares de la Hist\u00f2ria. Col\u00b7leccions numism\u00e0tiques del MARQ, Alacant, p. 125.<br \/><b>N\u00famero Inventari Monetari:<\/b> 1254.<br \/>Fons del MARQ. Fons Numism\u00e0tic Antic<\/p>","protected":false},"featured_media":35171,"template":"","meta":{"kia_subtitle":""},"product_brand":[],"product_cat":[2316],"product_tag":[],"class_list":{"0":"post-35799","1":"product","2":"type-product","3":"status-publish","4":"has-post-thumbnail","6":"product_cat-catalogo-numismatico","8":"first","9":"instock","10":"virtual","11":"product-type-simple"},"meta_box":{"ia_expediente":"","ia_ano":"","ia_fechas_de_actuacion":"","ia_municipios_comarcas":"","ia_directores":"","ia_periodos_culturales":"","ia_tipos_de_intervencion":"","ia_equipo_tecnico":"","ia_autores":"","ia_promotores":"","ia_deposito_de_materiales":"","ia_coordenadas_utm":""},"_links":{"self":[{"href":"https:\/\/marqalicante-admin.qwair.com\/va\/wp-json\/wp\/v2\/product\/35799","targetHints":{"allow":["GET"]}}],"collection":[{"href":"https:\/\/marqalicante-admin.qwair.com\/va\/wp-json\/wp\/v2\/product"}],"about":[{"href":"https:\/\/marqalicante-admin.qwair.com\/va\/wp-json\/wp\/v2\/types\/product"}],"wp:featuredmedia":[{"embeddable":true,"href":"https:\/\/marqalicante-admin.qwair.com\/va\/wp-json\/wp\/v2\/media\/35171"}],"wp:attachment":[{"href":"https:\/\/marqalicante-admin.qwair.com\/va\/wp-json\/wp\/v2\/media?parent=35799"}],"wp:term":[{"taxonomy":"product_brand","embeddable":true,"href":"https:\/\/marqalicante-admin.qwair.com\/va\/wp-json\/wp\/v2\/product_brand?post=35799"},{"taxonomy":"product_cat","embeddable":true,"href":"https:\/\/marqalicante-admin.qwair.com\/va\/wp-json\/wp\/v2\/product_cat?post=35799"},{"taxonomy":"product_tag","embeddable":true,"href":"https:\/\/marqalicante-admin.qwair.com\/va\/wp-json\/wp\/v2\/product_tag?post=35799"}],"curies":[{"name":"wp","href":"https:\/\/api.w.org\/{rel}","templated":true}]}}