{"id":35795,"date":"2025-03-05T18:24:13","date_gmt":"2025-03-05T18:24:13","guid":{"rendered":"https:\/\/marqalicante-admin.qwair.com\/item\/nummus-anos-330-333-d-c\/"},"modified":"2025-03-05T18:27:33","modified_gmt":"2025-03-05T18:27:33","slug":"nummus-anos-330-333-d-c","status":"publish","type":"product","link":"https:\/\/marqalicante-admin.qwair.com\/va\/producte\/nummus-anos-330-333-d-c\/","title":{"rendered":"<b>Nummus<\/b>   Anys 330-333 d. C."},"content":{"rendered":"","protected":false},"excerpt":{"rendered":"<h3>Imperi rom\u00e0<\/h3>\n<p><b>Metall:<\/b> Bronze.<br \/><b>Entitat emissora: <\/b> Roma. Constant\u00ed II.<br \/><b>Seca:<\/b> Constantinoble (Istanbul, Turquia).<br \/><b>Data:<\/b> Anys 330-333 d. C.<br \/><b>Anvers:<\/b><br \/> Bust drapejat i diademat a dreta. Llegenda:<br \/>\nCONSTANTINVS IVN NOB C.<br \/>\n<br \/><b>Revers:<\/b><br \/> Dos soldats amb casc enfrontats sostenint llan\u00e7a i recolzant-se en escut; entre ells, dos estendards. Llegenda: GLOR \u2013 IA EXERC \u2013 ITVS. Marca de seca: CONS\u04e8.<br \/>\n<br \/><b>Pes:<\/b> 2.11 g \u2013 <b>Di\u00e0metre:<\/b> 19 mm \u2013 <b>Eixos:<\/b> 12 h.<br \/><b>Descrita a:<\/b> RIC VII 60.<br \/><b>Publicada a:<\/b><br \/>Arroyo Ilera, R., 1988: \u201cEstudi numism\u00e0tic del jaciment<br \/>\ntardorrom\u00e0 de l&#039;Albir (Altea-Alacant)\u201d, Acta Numism\u00e0tica, 17-18, p. 165, n\u00fam. 5; Ramon S\u00e1nchez, JJ, Garc\u00eda Barrachina, A., Verd\u00fa Parra, E., Bayo Fuentes, S., 2010: \u00abCat\u00e0leg. Antiguitat\u00bb, a Ram\u00f3n S\u00e1nchez, JJ (ed.), Monedes. Totes les cares de la Hist\u00f2ria. Col\u00b7leccions numism\u00e0tiques del MARQ, Alacant, p. 122.<br \/><b>N\u00famero Inventari Monetari:<\/b> 4318.<br \/>Excavaci\u00f3. Necr\u00f2polis de L&#039;Albir<\/p>","protected":false},"featured_media":35159,"template":"","meta":{"kia_subtitle":""},"product_brand":[],"product_cat":[2316],"product_tag":[],"class_list":{"0":"post-35795","1":"product","2":"type-product","3":"status-publish","4":"has-post-thumbnail","6":"product_cat-catalogo-numismatico","8":"first","9":"instock","10":"virtual","11":"product-type-simple"},"meta_box":{"ia_expediente":"","ia_ano":"","ia_fechas_de_actuacion":"","ia_municipios_comarcas":"","ia_directores":"","ia_periodos_culturales":"","ia_tipos_de_intervencion":"","ia_equipo_tecnico":"","ia_autores":"","ia_promotores":"","ia_deposito_de_materiales":"","ia_coordenadas_utm":""},"_links":{"self":[{"href":"https:\/\/marqalicante-admin.qwair.com\/va\/wp-json\/wp\/v2\/product\/35795","targetHints":{"allow":["GET"]}}],"collection":[{"href":"https:\/\/marqalicante-admin.qwair.com\/va\/wp-json\/wp\/v2\/product"}],"about":[{"href":"https:\/\/marqalicante-admin.qwair.com\/va\/wp-json\/wp\/v2\/types\/product"}],"wp:featuredmedia":[{"embeddable":true,"href":"https:\/\/marqalicante-admin.qwair.com\/va\/wp-json\/wp\/v2\/media\/35159"}],"wp:attachment":[{"href":"https:\/\/marqalicante-admin.qwair.com\/va\/wp-json\/wp\/v2\/media?parent=35795"}],"wp:term":[{"taxonomy":"product_brand","embeddable":true,"href":"https:\/\/marqalicante-admin.qwair.com\/va\/wp-json\/wp\/v2\/product_brand?post=35795"},{"taxonomy":"product_cat","embeddable":true,"href":"https:\/\/marqalicante-admin.qwair.com\/va\/wp-json\/wp\/v2\/product_cat?post=35795"},{"taxonomy":"product_tag","embeddable":true,"href":"https:\/\/marqalicante-admin.qwair.com\/va\/wp-json\/wp\/v2\/product_tag?post=35795"}],"curies":[{"name":"wp","href":"https:\/\/api.w.org\/{rel}","templated":true}]}}