{"id":35776,"date":"2025-03-05T18:24:06","date_gmt":"2025-03-05T18:24:06","guid":{"rendered":"https:\/\/marqalicante-admin.qwair.com\/item\/denario-ano-76-d-c\/"},"modified":"2025-03-05T18:27:29","modified_gmt":"2025-03-05T18:27:29","slug":"denario-ano-76-d-c","status":"publish","type":"product","link":"https:\/\/marqalicante-admin.qwair.com\/va\/producte\/denario-ano-76-d-c\/","title":{"rendered":"<b>Denari<\/b>   Any 76 d. C."},"content":{"rendered":"","protected":false},"excerpt":{"rendered":"<h3>Imperi rom\u00e0<\/h3>\n<p><b>Metall:<\/b> Plata.<br \/><b>Entitat emissora: <\/b> Roma. Vespasi\u00e0 (a nom de Tito).<br \/><b>Seca:<\/b> Roma.<br \/><b>Data:<\/b> Any 76 d. C.<br \/><b>Anvers:<\/b><br \/> Cap llorejat a dreta. Llegenda: T CAESAR IMP VESPASIANVS.<br \/><b>Revers:<\/b><br \/> \u00c0liga de peu a esquerra sobre cipo amb les ales desplegades i llegenda COS \u2013 V a banda i banda.<br \/><b>Pes:<\/b> 3.15 g \u2013 <b>Di\u00e0metre:<\/b> 20 mm \u2013 <b>Eixos:<\/b> 6 h.<br \/><b>Descrita a:<\/b> RIC II 191.<br \/><b>Publicada a:<\/b><br \/>Rosell\u00f3 Cremades, N., 1990: \u201cCatalogaci\u00f3 dels fons numism\u00e0tics ib\u00e8rics i romans de les col\u00b7leccions de: D. Isidro Albert, D. Ram\u00f3n Quiles i d&#039;un tresoret de monedes tardoromanes\u201d, Ajudes a la investigaci\u00f3 1986-1987. Institut de Cultura Juan Gil-Albert, p. 178, 182, n\u00fam. 278; Ramon S\u00e1nchez, JJ, Garc\u00eda Barrachina, A., Verd\u00fa Parra, E., Bayo Fuentes, S., 2010: \u00abCat\u00e0leg. Antiguitat\u00bb, a Ram\u00f3n S\u00e1nchez, JJ (ed.), Monedes. Totes les cares de la Hist\u00f2ria. Col\u00b7leccions numism\u00e0tiques del MARQ, Alacant, p. 111.<br \/><b>N\u00famero Inventari Monetari:<\/b> 279.<br \/>Compra. Col\u00b7lecci\u00f3 Isidro Albert<\/p>","protected":false},"featured_media":35102,"template":"","meta":{"kia_subtitle":""},"product_brand":[],"product_cat":[2316],"product_tag":[],"class_list":{"0":"post-35776","1":"product","2":"type-product","3":"status-publish","4":"has-post-thumbnail","6":"product_cat-catalogo-numismatico","8":"first","9":"instock","10":"virtual","11":"product-type-simple"},"meta_box":{"ia_expediente":"","ia_ano":"","ia_fechas_de_actuacion":"","ia_municipios_comarcas":"","ia_directores":"","ia_periodos_culturales":"","ia_tipos_de_intervencion":"","ia_equipo_tecnico":"","ia_autores":"","ia_promotores":"","ia_deposito_de_materiales":"","ia_coordenadas_utm":""},"_links":{"self":[{"href":"https:\/\/marqalicante-admin.qwair.com\/va\/wp-json\/wp\/v2\/product\/35776","targetHints":{"allow":["GET"]}}],"collection":[{"href":"https:\/\/marqalicante-admin.qwair.com\/va\/wp-json\/wp\/v2\/product"}],"about":[{"href":"https:\/\/marqalicante-admin.qwair.com\/va\/wp-json\/wp\/v2\/types\/product"}],"wp:featuredmedia":[{"embeddable":true,"href":"https:\/\/marqalicante-admin.qwair.com\/va\/wp-json\/wp\/v2\/media\/35102"}],"wp:attachment":[{"href":"https:\/\/marqalicante-admin.qwair.com\/va\/wp-json\/wp\/v2\/media?parent=35776"}],"wp:term":[{"taxonomy":"product_brand","embeddable":true,"href":"https:\/\/marqalicante-admin.qwair.com\/va\/wp-json\/wp\/v2\/product_brand?post=35776"},{"taxonomy":"product_cat","embeddable":true,"href":"https:\/\/marqalicante-admin.qwair.com\/va\/wp-json\/wp\/v2\/product_cat?post=35776"},{"taxonomy":"product_tag","embeddable":true,"href":"https:\/\/marqalicante-admin.qwair.com\/va\/wp-json\/wp\/v2\/product_tag?post=35776"}],"curies":[{"name":"wp","href":"https:\/\/api.w.org\/{rel}","templated":true}]}}