{"id":35761,"date":"2025-03-05T18:24:01","date_gmt":"2025-03-05T18:24:01","guid":{"rendered":"https:\/\/marqalicante-admin.qwair.com\/item\/unidad-mitad-uncial-reducida-segunda-mitad-del-siglo-ii-a-c\/"},"modified":"2025-03-05T18:27:27","modified_gmt":"2025-03-05T18:27:27","slug":"unidad-mitad-uncial-reducida-segunda-mitad-del-siglo-ii-a-c","status":"publish","type":"product","link":"https:\/\/marqalicante-admin.qwair.com\/va\/producte\/unidad-mitad-uncial-reducida-segunda-mitad-del-siglo-ii-a-c\/","title":{"rendered":"<b>Unitat\/meitat uncial redu\u00efda<\/b>   Segona meitat del segle II a. C."},"content":{"rendered":"","protected":false},"excerpt":{"rendered":"<h3>Ib\u00e8ric final o Tardorrepublic\u00e0<\/h3>\n<p><b>Metall:<\/b> Bronze.<br \/><b>Entitat emissora: <\/b> Saitabi (X\u00e0tiva, Val\u00e8ncia).<br \/><b>Seca:<\/b> Saitabi (X\u00e0tiva).<br \/><b>Data:<\/b> Segona meitat del segle II a. C.<br \/><b>Anvers:<\/b><br \/> Cap mascul\u00ed diademat a dreta, amb mantell i f\u00edbula anular amb punt central al coll, darrere palmell<br \/><b>Revers:<\/b><br \/> Genet llancer a dreta; a sota, sobre l\u00ednia, inscripci\u00f3 ib\u00e8rica SAITI.<br \/><b>Pes:<\/b> 13.22 g \u2013 <b>Di\u00e0metre:<\/b> 26 mm \u2013 <b>Eixos:<\/b> 3 h.<br \/><b>Descrita a:<\/b> CNH, 315, n\u00fam. 3; Vives, 20-2; Ripoll\u00e8s Alegre, PP, 2007: Saitabi, Val\u00e8ncia, p\u00e0g. 103, 136.<br \/><b>Publicada a:<\/b><br \/>Tarradell i Mateu, M., 1985: \u201cEl poblat ib\u00e8ric del Tossal de la Cala de Benidorm. Notes d&#039;excavaci\u00f3\u201d, Fonaments, 5, p. 115, n\u00fam. 2, l\u00e0m. 3.2; Bayo Fuentes, S., 2010: El jaciment ib\u00e8ric del Tossal de la Cala, Museu Arqueol\u00f2gic d&#039;Alacant, S\u00e8rie Treballs d&#039;Arqueologia I, Alacant, pp. 132, 133, 162; Ramon S\u00e1nchez, JJ, Garc\u00eda Barrachina, A., Verd\u00fa Parra, E., Bayo Fuentes, S., 2010: \u00abCat\u00e0leg. Antiguitat\u00bb, a Ram\u00f3n S\u00e1nchez, JJ (ed.), Monedes. Totes les cares de la Hist\u00f2ria. Col\u00b7leccions numism\u00e0tiques del MARQ, Alacant, p. 100.<br \/><b>N\u00famero Inventari Monetari:<\/b> 4629.<br \/>Excavaci\u00f3. Tossal de la Cala<\/p>","protected":false},"featured_media":35057,"template":"","meta":{"kia_subtitle":""},"product_brand":[],"product_cat":[2316],"product_tag":[],"class_list":{"0":"post-35761","1":"product","2":"type-product","3":"status-publish","4":"has-post-thumbnail","6":"product_cat-catalogo-numismatico","8":"first","9":"instock","10":"virtual","11":"product-type-simple"},"meta_box":{"ia_expediente":"","ia_ano":"","ia_fechas_de_actuacion":"","ia_municipios_comarcas":"","ia_directores":"","ia_periodos_culturales":"","ia_tipos_de_intervencion":"","ia_equipo_tecnico":"","ia_autores":"","ia_promotores":"","ia_deposito_de_materiales":"","ia_coordenadas_utm":""},"_links":{"self":[{"href":"https:\/\/marqalicante-admin.qwair.com\/va\/wp-json\/wp\/v2\/product\/35761","targetHints":{"allow":["GET"]}}],"collection":[{"href":"https:\/\/marqalicante-admin.qwair.com\/va\/wp-json\/wp\/v2\/product"}],"about":[{"href":"https:\/\/marqalicante-admin.qwair.com\/va\/wp-json\/wp\/v2\/types\/product"}],"wp:featuredmedia":[{"embeddable":true,"href":"https:\/\/marqalicante-admin.qwair.com\/va\/wp-json\/wp\/v2\/media\/35057"}],"wp:attachment":[{"href":"https:\/\/marqalicante-admin.qwair.com\/va\/wp-json\/wp\/v2\/media?parent=35761"}],"wp:term":[{"taxonomy":"product_brand","embeddable":true,"href":"https:\/\/marqalicante-admin.qwair.com\/va\/wp-json\/wp\/v2\/product_brand?post=35761"},{"taxonomy":"product_cat","embeddable":true,"href":"https:\/\/marqalicante-admin.qwair.com\/va\/wp-json\/wp\/v2\/product_cat?post=35761"},{"taxonomy":"product_tag","embeddable":true,"href":"https:\/\/marqalicante-admin.qwair.com\/va\/wp-json\/wp\/v2\/product_tag?post=35761"}],"curies":[{"name":"wp","href":"https:\/\/api.w.org\/{rel}","templated":true}]}}