{"id":35759,"date":"2025-03-05T18:24:00","date_gmt":"2025-03-05T18:24:00","guid":{"rendered":"https:\/\/marqalicante-admin.qwair.com\/item\/divisor-anos-221-218-a-c\/"},"modified":"2025-03-05T18:27:27","modified_gmt":"2025-03-05T18:27:27","slug":"divisor-anos-221-218-a-c","status":"publish","type":"product","link":"https:\/\/marqalicante-admin.qwair.com\/va\/producte\/divisor-anos-221-218-a-c\/","title":{"rendered":"<b>Divisor<\/b>   Anys 221-218 a. C."},"content":{"rendered":"","protected":false},"excerpt":{"rendered":"<h3>Ib\u00e8ric ple<\/h3>\n<p><b>Metall:<\/b> Coure.<br \/><b>Entitat emissora: <\/b> Carthago (Tun\u00edsia).<br \/><b>Seca:<\/b> Hispanocartaginesa.<br \/><b>Data:<\/b> Anys 221-218 a. C.<br \/><b>Anvers:<\/b><br \/> Cap de Tanit, tosca, a esquerra.<br \/><b>Revers:<\/b><br \/> Casc, tosc, a esquerra.<br \/><b>Pes:<\/b> 1.37 g \u2013 <b>Di\u00e0metre:<\/b> 12 mm \u2013 <b>Eixos:<\/b> 12 h.<br \/><b>Descrita a:<\/b> CNH, 69, n\u00fam. 46; Villaronga Garrigues, L., 1973, Les monedes hispanocartagineses, Barcelona, n\u00fam. 117.<br \/><b>Publicada a:<\/b><br \/>Llobregat Conesa, EA, 1966: \u201cUna troballa de moneda p\u00fanica a Alacant\u201d, Caesaraugusta, 27-28, pp. 71-75; Ram\u00f3n S\u00e1nchez, JJ, 2002: \u201cLa troballa de moneda hispanocartaginesa de l&#039;Escuera (Alacant)\u201d, X Congr\u00e9s Nacional de Numism\u00e0tica, Albacete (1998), Madrid. pp. 244, 250; Ramon S\u00e1nchez, JJ, Garc\u00eda Barrachina, A., Verd\u00fa Parra, E., Bayo Fuentes, S., 2010: \u00abCat\u00e0leg. Antiguitat\u00bb, a Ram\u00f3n S\u00e1nchez, JJ (ed.), Monedes. Totes les cares de la Hist\u00f2ria. Col\u00b7leccions numism\u00e0tiques del MARQ, Alacant, p. 97.<br \/><b>N\u00famero Inventari Monetari:<\/b> 2799.<br \/>Troballa casual. L&#039;Escora<\/p>","protected":false},"featured_media":35051,"template":"","meta":{"kia_subtitle":""},"product_brand":[],"product_cat":[2316],"product_tag":[],"class_list":{"0":"post-35759","1":"product","2":"type-product","3":"status-publish","4":"has-post-thumbnail","6":"product_cat-catalogo-numismatico","8":"first","9":"instock","10":"virtual","11":"product-type-simple"},"meta_box":{"ia_expediente":"","ia_ano":"","ia_fechas_de_actuacion":"","ia_municipios_comarcas":"","ia_directores":"","ia_periodos_culturales":"","ia_tipos_de_intervencion":"","ia_equipo_tecnico":"","ia_autores":"","ia_promotores":"","ia_deposito_de_materiales":"","ia_coordenadas_utm":""},"_links":{"self":[{"href":"https:\/\/marqalicante-admin.qwair.com\/va\/wp-json\/wp\/v2\/product\/35759","targetHints":{"allow":["GET"]}}],"collection":[{"href":"https:\/\/marqalicante-admin.qwair.com\/va\/wp-json\/wp\/v2\/product"}],"about":[{"href":"https:\/\/marqalicante-admin.qwair.com\/va\/wp-json\/wp\/v2\/types\/product"}],"wp:featuredmedia":[{"embeddable":true,"href":"https:\/\/marqalicante-admin.qwair.com\/va\/wp-json\/wp\/v2\/media\/35051"}],"wp:attachment":[{"href":"https:\/\/marqalicante-admin.qwair.com\/va\/wp-json\/wp\/v2\/media?parent=35759"}],"wp:term":[{"taxonomy":"product_brand","embeddable":true,"href":"https:\/\/marqalicante-admin.qwair.com\/va\/wp-json\/wp\/v2\/product_brand?post=35759"},{"taxonomy":"product_cat","embeddable":true,"href":"https:\/\/marqalicante-admin.qwair.com\/va\/wp-json\/wp\/v2\/product_cat?post=35759"},{"taxonomy":"product_tag","embeddable":true,"href":"https:\/\/marqalicante-admin.qwair.com\/va\/wp-json\/wp\/v2\/product_tag?post=35759"}],"curies":[{"name":"wp","href":"https:\/\/api.w.org\/{rel}","templated":true}]}}