{"id":35754,"date":"2025-03-05T18:23:58","date_gmt":"2025-03-05T18:23:58","guid":{"rendered":"https:\/\/marqalicante-admin.qwair.com\/item\/divisor-octavo-ultimo-tercio-del-siglo-iv-a-c\/"},"modified":"2025-03-05T18:27:26","modified_gmt":"2025-03-05T18:27:26","slug":"divisor-octavo-ultimo-tercio-del-siglo-iv-a-c","status":"publish","type":"product","link":"https:\/\/marqalicante-admin.qwair.com\/va\/producte\/divisor-octavo-ultimo-tercio-del-siglo-iv-a-c\/","title":{"rendered":"<b>Divisor (vuit\u00e8)<\/b>   Darrer ter\u00e7 del segle IV a. C."},"content":{"rendered":"","protected":false},"excerpt":{"rendered":"<h3>Ib\u00e8ric ple<\/h3>\n<p><b>Metall:<\/b> Bronze.<br \/><b>Entitat emissora: <\/b> Ebusus (Eivissa).<br \/><b>Seca:<\/b> Ebusus (Eivissa).<br \/><b>Data:<\/b> Darrer ter\u00e7 del segle IV a. C.<br \/><b>Anvers:<\/b><br \/> D\u00e9u Bes nu de front sostenint una ma\u00e7a i una serp.<br \/><b>Revers:<\/b><br \/> D\u00e9u Bes nu de front sostenint una ma\u00e7a i una serp.<br \/><b>Pes:<\/b> 1.28 g \u2013 <b>Di\u00e0metre:<\/b> 9.5 mm \u2013 <b>Eixos:<\/b> 6 h.<br \/><b>Descrita a:<\/b> CNH, 92, n\u00fam. 5; Vives, 11-11; Camp D\u00edaz, M., 1976: Les monedes d&#039;Ebusus. Barcelona, per\u00edode Ia, grup III.<br \/><b>Publicada a:<\/b><br \/>Aranegui Gasc\u00f3, C., Jodin, A., Llobregat Conesa, EA, Rouillard, P. i Uroz S\u00e1ez, J., 1993: La necr\u00f2pole ib\u00e8rica de CabezoLucero (Guardamar del Segura, Alacant), Casa de Vel\u00e1zquez, Col\u00b7lecci\u00f3 Patrimoni, 17, Madrid-Alacant, . 46, 182, l\u00e0m. 171; Ramon S\u00e1nchez, JJ, Garc\u00eda Barrachina, A., Verd\u00fa Parra, E., Bayo Fuentes, S., 2010: \u00abCat\u00e0leg. Antiguitat\u00bb, a Ram\u00f3n S\u00e1nchez, JJ (ed.), Monedes. Totes les cares de la Hist\u00f2ria. Col\u00b7leccions numism\u00e0tiques del MARQ, Alacant, p. 96; Verd\u00fa Parra, E. 2010: \u201cSobre la pres\u00e8ncia de monedes p\u00faniques en sepultures de la necr\u00f2polis de l&#039;Albufereta (Alacant) i les seves implicacions al ritual funerari\u201d, Els P\u00fanics d&#039;Iberia: projectes, revisions i s\u00edntesi. VI Col\u00b7loqui Internacional del Centre d&#039;Estudis Fenicis i P\u00fanics, Sevilla (30 de setembre-2 d&#039;octubre del 2009), Mainake 32, 1, M\u00e0laga, p. 312 s., l\u00e0m. X. <br \/><b>N\u00famero Inventari Monetari:<\/b> 4661.<br \/>Excavaci\u00f3. Necr\u00f2polis de Cabezo Lucero<\/p>","protected":false},"featured_media":35036,"template":"","meta":{"kia_subtitle":""},"product_brand":[],"product_cat":[2316],"product_tag":[],"class_list":{"0":"post-35754","1":"product","2":"type-product","3":"status-publish","4":"has-post-thumbnail","6":"product_cat-catalogo-numismatico","8":"first","9":"instock","10":"virtual","11":"product-type-simple"},"meta_box":{"ia_expediente":"","ia_ano":"","ia_fechas_de_actuacion":"","ia_municipios_comarcas":"","ia_directores":"","ia_periodos_culturales":"","ia_tipos_de_intervencion":"","ia_equipo_tecnico":"","ia_autores":"","ia_promotores":"","ia_deposito_de_materiales":"","ia_coordenadas_utm":""},"_links":{"self":[{"href":"https:\/\/marqalicante-admin.qwair.com\/va\/wp-json\/wp\/v2\/product\/35754","targetHints":{"allow":["GET"]}}],"collection":[{"href":"https:\/\/marqalicante-admin.qwair.com\/va\/wp-json\/wp\/v2\/product"}],"about":[{"href":"https:\/\/marqalicante-admin.qwair.com\/va\/wp-json\/wp\/v2\/types\/product"}],"wp:featuredmedia":[{"embeddable":true,"href":"https:\/\/marqalicante-admin.qwair.com\/va\/wp-json\/wp\/v2\/media\/35036"}],"wp:attachment":[{"href":"https:\/\/marqalicante-admin.qwair.com\/va\/wp-json\/wp\/v2\/media?parent=35754"}],"wp:term":[{"taxonomy":"product_brand","embeddable":true,"href":"https:\/\/marqalicante-admin.qwair.com\/va\/wp-json\/wp\/v2\/product_brand?post=35754"},{"taxonomy":"product_cat","embeddable":true,"href":"https:\/\/marqalicante-admin.qwair.com\/va\/wp-json\/wp\/v2\/product_cat?post=35754"},{"taxonomy":"product_tag","embeddable":true,"href":"https:\/\/marqalicante-admin.qwair.com\/va\/wp-json\/wp\/v2\/product_tag?post=35754"}],"curies":[{"name":"wp","href":"https:\/\/api.w.org\/{rel}","templated":true}]}}