{"id":18956,"date":"2025-01-20T07:07:35","date_gmt":"2025-01-20T07:07:35","guid":{"rendered":"https:\/\/marqalicante-admin.qwair.com\/item\/vivencias-iii-certamen-de-narrativa-breve-dibujo-y-pintura\/"},"modified":"2025-03-03T14:09:54","modified_gmt":"2025-03-03T14:09:54","slug":"vivencias-iii-certamen-de-narrativa-breve-dibujo-y-pintura","status":"publish","type":"product","link":"https:\/\/marqalicante-admin.qwair.com\/va\/producte\/vivencias-iii-certamen-de-narrativa-breve-dibujo-y-pintura\/","title":{"rendered":"VIV\u00c8NCIES III. CERTAMEN DE NARRATIVA BREU, DIBUIX I PINTURA"},"content":{"rendered":"<div class=\"documento-item\">\n                    <h2 class=\"documento-title\">Llibre<\/h2>\n        \n        \n                    <a href=\"https:\/\/marqalicante.com\/contenido\/genericas\/LIBRO%20VIVENCIASOK%20B.pdf\" class=\"documento-btn\" target=\"_blank\" rel=\"noopener\">\n                <i class=\"fas fa-file-pdf\"><\/i> Descarregar PDF\n            <\/a>\n            <\/div>","protected":false},"excerpt":{"rendered":"<p>Publicaci\u00f3 que recull els treballs art\u00edstics i literaris dels membres de l&#039;associaci\u00f3 cultural ASAUTE (Aulas Tercera Edad). Aquest certamen de narrativa breu i expressi\u00f3 pl\u00e0stica pret\u00e9n rescatar de la mem\u00f2ria les viv\u00e8ncies dels nostres avis a trav\u00e9s de l&#039;escriptura i l&#039;art. Els relats curts han tingut com a tem\u00e0tica els records relacionats amb la vida a Alacant (costums, oficis i ensenyament\u2026), mentre que els dibuixos i pintures s&#039;han centrat majorit\u00e0riament al MARQ.<\/p>","protected":false},"featured_media":18831,"template":"","meta":{"kia_subtitle":""},"product_brand":[],"product_cat":[1717],"product_tag":[],"class_list":{"0":"post-18956","1":"product","2":"type-product","3":"status-publish","4":"has-post-thumbnail","6":"product_cat-guias-didacticas","8":"first","9":"instock","10":"virtual","11":"product-type-simple"},"meta_box":{"ia_expediente":"","ia_ano":"","ia_fechas_de_actuacion":"","ia_municipios_comarcas":"","ia_directores":"","ia_periodos_culturales":"","ia_tipos_de_intervencion":"","ia_equipo_tecnico":"","ia_autores":"","ia_promotores":"","ia_deposito_de_materiales":"","ia_coordenadas_utm":""},"_links":{"self":[{"href":"https:\/\/marqalicante-admin.qwair.com\/va\/wp-json\/wp\/v2\/product\/18956","targetHints":{"allow":["GET"]}}],"collection":[{"href":"https:\/\/marqalicante-admin.qwair.com\/va\/wp-json\/wp\/v2\/product"}],"about":[{"href":"https:\/\/marqalicante-admin.qwair.com\/va\/wp-json\/wp\/v2\/types\/product"}],"wp:featuredmedia":[{"embeddable":true,"href":"https:\/\/marqalicante-admin.qwair.com\/va\/wp-json\/wp\/v2\/media\/18831"}],"wp:attachment":[{"href":"https:\/\/marqalicante-admin.qwair.com\/va\/wp-json\/wp\/v2\/media?parent=18956"}],"wp:term":[{"taxonomy":"product_brand","embeddable":true,"href":"https:\/\/marqalicante-admin.qwair.com\/va\/wp-json\/wp\/v2\/product_brand?post=18956"},{"taxonomy":"product_cat","embeddable":true,"href":"https:\/\/marqalicante-admin.qwair.com\/va\/wp-json\/wp\/v2\/product_cat?post=18956"},{"taxonomy":"product_tag","embeddable":true,"href":"https:\/\/marqalicante-admin.qwair.com\/va\/wp-json\/wp\/v2\/product_tag?post=18956"}],"curies":[{"name":"wp","href":"https:\/\/api.w.org\/{rel}","templated":true}]}}