{"id":18946,"date":"2025-01-20T07:07:33","date_gmt":"2025-01-20T07:07:33","guid":{"rendered":"https:\/\/marqalicante-admin.qwair.com\/item\/santa-pola-arqueologia-i-museu\/"},"modified":"2025-03-03T14:09:52","modified_gmt":"2025-03-03T14:09:52","slug":"santa-pola-arqueologia-i-museu","status":"publish","type":"product","link":"https:\/\/marqalicante-admin.qwair.com\/va\/producte\/santa-pola-arqueologia-i-museu\/","title":{"rendered":"Santa Pola. Arqueologia i museu"},"content":{"rendered":"<div class=\"documento-item\">\n                    <h2 class=\"documento-title\">Guia completa<\/h2>\n        \n        \n                    <a href=\"https:\/\/marqalicante.com\/contenido\/genericas\/santa%20pola%20valenciano.pdf\" class=\"documento-btn\" target=\"_blank\" rel=\"noopener\">\n                <i class=\"fas fa-file-pdf\"><\/i> Descarregar PDF\n            <\/a>\n            <\/div>","protected":false},"excerpt":{"rendered":"<p>Aquesta guia orientada a alumnes de Prim\u00e0ria i Secund\u00e0ria et permetr\u00e0 fer un recorregut did\u00e0ctic per la hist\u00f2ria de Santa Pola. Descobrir\u00e0s la seva import\u00e0ncia hist\u00f2rica i arqueol\u00f2gica a qu\u00e8 ha contribu\u00eft el seu port, el qual, des de l&#039;\u00e8poca dels ibers, \u00e9s un dels m\u00e9s importants del nostre litoral.\u00a0<\/p>","protected":false},"featured_media":18822,"template":"","meta":{"kia_subtitle":""},"product_brand":[],"product_cat":[1717],"product_tag":[],"class_list":{"0":"post-18946","1":"product","2":"type-product","3":"status-publish","4":"has-post-thumbnail","6":"product_cat-guias-didacticas","8":"first","9":"instock","10":"virtual","11":"product-type-simple"},"meta_box":{"ia_expediente":"","ia_ano":"","ia_fechas_de_actuacion":"","ia_municipios_comarcas":"","ia_directores":"","ia_periodos_culturales":"","ia_tipos_de_intervencion":"","ia_equipo_tecnico":"","ia_autores":"","ia_promotores":"","ia_deposito_de_materiales":"","ia_coordenadas_utm":""},"_links":{"self":[{"href":"https:\/\/marqalicante-admin.qwair.com\/va\/wp-json\/wp\/v2\/product\/18946","targetHints":{"allow":["GET"]}}],"collection":[{"href":"https:\/\/marqalicante-admin.qwair.com\/va\/wp-json\/wp\/v2\/product"}],"about":[{"href":"https:\/\/marqalicante-admin.qwair.com\/va\/wp-json\/wp\/v2\/types\/product"}],"wp:featuredmedia":[{"embeddable":true,"href":"https:\/\/marqalicante-admin.qwair.com\/va\/wp-json\/wp\/v2\/media\/18822"}],"wp:attachment":[{"href":"https:\/\/marqalicante-admin.qwair.com\/va\/wp-json\/wp\/v2\/media?parent=18946"}],"wp:term":[{"taxonomy":"product_brand","embeddable":true,"href":"https:\/\/marqalicante-admin.qwair.com\/va\/wp-json\/wp\/v2\/product_brand?post=18946"},{"taxonomy":"product_cat","embeddable":true,"href":"https:\/\/marqalicante-admin.qwair.com\/va\/wp-json\/wp\/v2\/product_cat?post=18946"},{"taxonomy":"product_tag","embeddable":true,"href":"https:\/\/marqalicante-admin.qwair.com\/va\/wp-json\/wp\/v2\/product_tag?post=18946"}],"curies":[{"name":"wp","href":"https:\/\/api.w.org\/{rel}","templated":true}]}}