{"id":18940,"date":"2025-01-20T07:07:31","date_gmt":"2025-01-20T07:07:31","guid":{"rendered":"https:\/\/marqalicante-admin.qwair.com\/item\/rupestre-els-primers-santuaris\/"},"modified":"2025-03-03T14:09:52","modified_gmt":"2025-03-03T14:09:52","slug":"rupestre-els-primers-santuaris","status":"publish","type":"product","link":"https:\/\/marqalicante-admin.qwair.com\/va\/producte\/rupestre-els-primers-santuaris\/","title":{"rendered":"Rupestre. Els primers santuaris"},"content":{"rendered":"<div class=\"documento-item\">\n                    <h2 class=\"documento-title\">Guia completa<\/h2>\n        \n        \n                    <a href=\"https:\/\/marqalicante.com\/contenido\/genericas\/GUIA%20RUPESTRE%20val.pdf\" class=\"documento-btn\" target=\"_blank\" rel=\"noopener\">\n                <i class=\"fas fa-file-pdf\"><\/i> Descarregar PDF\n            <\/a>\n            <\/div>","protected":false},"excerpt":{"rendered":"<p>uia did\u00e0ctica daquesta exposici\u00f3 temporal dirigida a docents dEducaci\u00f3 Prim\u00e0ria i Secund\u00e0ria i, tamb\u00e9, al p\u00fablic en general. Es fa un recorregut pels 4 estils d&#039;art rupestre prehist\u00f2ric a la nostra prov\u00edncia: art paleol\u00edtic, macroesquem\u00e0tic, llevant\u00ed i esquem\u00e0tic. Tamb\u00e9 s&#039;estudien els objectes d&#039;art moble al llarg de les etapes de la nostra prehist\u00f2ria.\u00a0<\/p>","protected":false},"featured_media":18816,"template":"","meta":{"kia_subtitle":""},"product_brand":[],"product_cat":[1717],"product_tag":[],"class_list":{"0":"post-18940","1":"product","2":"type-product","3":"status-publish","4":"has-post-thumbnail","6":"product_cat-guias-didacticas","8":"first","9":"instock","10":"virtual","11":"product-type-simple"},"meta_box":{"ia_expediente":"","ia_ano":"","ia_fechas_de_actuacion":"","ia_municipios_comarcas":"","ia_directores":"","ia_periodos_culturales":"","ia_tipos_de_intervencion":"","ia_equipo_tecnico":"","ia_autores":"","ia_promotores":"","ia_deposito_de_materiales":"","ia_coordenadas_utm":""},"_links":{"self":[{"href":"https:\/\/marqalicante-admin.qwair.com\/va\/wp-json\/wp\/v2\/product\/18940","targetHints":{"allow":["GET"]}}],"collection":[{"href":"https:\/\/marqalicante-admin.qwair.com\/va\/wp-json\/wp\/v2\/product"}],"about":[{"href":"https:\/\/marqalicante-admin.qwair.com\/va\/wp-json\/wp\/v2\/types\/product"}],"wp:featuredmedia":[{"embeddable":true,"href":"https:\/\/marqalicante-admin.qwair.com\/va\/wp-json\/wp\/v2\/media\/18816"}],"wp:attachment":[{"href":"https:\/\/marqalicante-admin.qwair.com\/va\/wp-json\/wp\/v2\/media?parent=18940"}],"wp:term":[{"taxonomy":"product_brand","embeddable":true,"href":"https:\/\/marqalicante-admin.qwair.com\/va\/wp-json\/wp\/v2\/product_brand?post=18940"},{"taxonomy":"product_cat","embeddable":true,"href":"https:\/\/marqalicante-admin.qwair.com\/va\/wp-json\/wp\/v2\/product_cat?post=18940"},{"taxonomy":"product_tag","embeddable":true,"href":"https:\/\/marqalicante-admin.qwair.com\/va\/wp-json\/wp\/v2\/product_tag?post=18940"}],"curies":[{"name":"wp","href":"https:\/\/api.w.org\/{rel}","templated":true}]}}