{"id":18938,"date":"2025-01-20T07:07:31","date_gmt":"2025-01-20T07:07:31","guid":{"rendered":"https:\/\/marqalicante-admin.qwair.com\/item\/cocentaina-arqueologia-i-museus-2\/"},"modified":"2025-03-03T14:09:51","modified_gmt":"2025-03-03T14:09:51","slug":"cocentaina-arqueologia-i-museus-2","status":"publish","type":"product","link":"https:\/\/marqalicante-admin.qwair.com\/va\/producte\/cocentaina-arqueologia-i-museus-2\/","title":{"rendered":"Cocenta\u00efna. Arqueologia i museus"},"content":{"rendered":"<div class=\"documento-item\">\n                    <h2 class=\"documento-title\">Guia completa<\/h2>\n        \n        \n                    <a href=\"https:\/\/marqalicante.com\/contenido\/genericas\/guia%20didactica%20cocentaina%20val.pdf\" class=\"documento-btn\" target=\"_blank\" rel=\"noopener\">\n                <i class=\"fas fa-file-pdf\"><\/i> Descarregar PDF\n            <\/a>\n            <\/div>","protected":false},"excerpt":{"rendered":"<p>Guia did\u00e0ctica de l&#039;exposici\u00f3 temporal orientada a Educaci\u00f3 Prim\u00e0ria i Secund\u00e0ria amb la qual podreu fer un recorregut per la hist\u00f2ria i el patrimoni arqueol\u00f2gic de Cocentaina i su comarca, des de la m\u00e9s remota prehist\u00f2ria fins als nostres dies, amb exercicis autocorregibles, diferenciats per nivells educatius.\u00a0\u00a0<\/p>","protected":false},"featured_media":18814,"template":"","meta":{"kia_subtitle":""},"product_brand":[],"product_cat":[1717],"product_tag":[],"class_list":{"0":"post-18938","1":"product","2":"type-product","3":"status-publish","4":"has-post-thumbnail","6":"product_cat-guias-didacticas","8":"first","9":"instock","10":"virtual","11":"product-type-simple"},"meta_box":{"ia_expediente":"","ia_ano":"","ia_fechas_de_actuacion":"","ia_municipios_comarcas":"","ia_directores":"","ia_periodos_culturales":"","ia_tipos_de_intervencion":"","ia_equipo_tecnico":"","ia_autores":"","ia_promotores":"","ia_deposito_de_materiales":"","ia_coordenadas_utm":""},"_links":{"self":[{"href":"https:\/\/marqalicante-admin.qwair.com\/va\/wp-json\/wp\/v2\/product\/18938","targetHints":{"allow":["GET"]}}],"collection":[{"href":"https:\/\/marqalicante-admin.qwair.com\/va\/wp-json\/wp\/v2\/product"}],"about":[{"href":"https:\/\/marqalicante-admin.qwair.com\/va\/wp-json\/wp\/v2\/types\/product"}],"wp:featuredmedia":[{"embeddable":true,"href":"https:\/\/marqalicante-admin.qwair.com\/va\/wp-json\/wp\/v2\/media\/18814"}],"wp:attachment":[{"href":"https:\/\/marqalicante-admin.qwair.com\/va\/wp-json\/wp\/v2\/media?parent=18938"}],"wp:term":[{"taxonomy":"product_brand","embeddable":true,"href":"https:\/\/marqalicante-admin.qwair.com\/va\/wp-json\/wp\/v2\/product_brand?post=18938"},{"taxonomy":"product_cat","embeddable":true,"href":"https:\/\/marqalicante-admin.qwair.com\/va\/wp-json\/wp\/v2\/product_cat?post=18938"},{"taxonomy":"product_tag","embeddable":true,"href":"https:\/\/marqalicante-admin.qwair.com\/va\/wp-json\/wp\/v2\/product_tag?post=18938"}],"curies":[{"name":"wp","href":"https:\/\/api.w.org\/{rel}","templated":true}]}}