{"id":18937,"date":"2025-01-20T07:07:31","date_gmt":"2025-01-20T07:07:31","guid":{"rendered":"https:\/\/marqalicante-admin.qwair.com\/item\/la-immortalitat-del-guerrer-lestela-funeraria-iberica-daltea-la-vella\/"},"modified":"2025-03-03T14:09:51","modified_gmt":"2025-03-03T14:09:51","slug":"la-immortalitat-del-guerrer-lestela-funeraria-iberica-daltea-la-vella","status":"publish","type":"product","link":"https:\/\/marqalicante-admin.qwair.com\/va\/producte\/la-immortalitat-del-guerrer-lestela-funeraria-iberica-daltea-la-vella\/","title":{"rendered":"La immortalitat del guerrer. L&#039;estela funer\u00e0ria ib\u00e8rica d&#039;Altea la Vella. \u00a0\u00a0"},"content":{"rendered":"<div class=\"documento-item\">\n                    <h2 class=\"documento-title\">Guia completa<\/h2>\n        \n        \n                    <a href=\"https:\/\/marqalicante.com\/contenido\/genericas\/GUIA%20GUERRERO%20ALTEA_valen.pdf\" class=\"documento-btn\" target=\"_blank\" rel=\"noopener\">\n                <i class=\"fas fa-file-pdf\"><\/i> Descarregar PDF\n            <\/a>\n            <\/div>","protected":false},"excerpt":{"rendered":"<p>Guia did\u00e0ctica destinada a Educaci\u00f3 Prim\u00e0ria i Secund\u00e0ria. Es tracta d&#039;una pe\u00e7a important\u00edssima de gran valor per a l&#039;estudi del m\u00f3n funerari dels ibers. Amb el pdf s&#039;acompanya un recortable perqu\u00e8 tinguis la teva pr\u00f2pia estela d&#039;un guerrer ib\u00e8ric.\u00a0<\/p>","protected":false},"featured_media":18813,"template":"","meta":{"kia_subtitle":""},"product_brand":[],"product_cat":[1717],"product_tag":[],"class_list":{"0":"post-18937","1":"product","2":"type-product","3":"status-publish","4":"has-post-thumbnail","6":"product_cat-guias-didacticas","8":"first","9":"instock","10":"virtual","11":"product-type-simple"},"meta_box":{"ia_expediente":"","ia_ano":"","ia_fechas_de_actuacion":"","ia_municipios_comarcas":"","ia_directores":"","ia_periodos_culturales":"","ia_tipos_de_intervencion":"","ia_equipo_tecnico":"","ia_autores":"","ia_promotores":"","ia_deposito_de_materiales":"","ia_coordenadas_utm":""},"_links":{"self":[{"href":"https:\/\/marqalicante-admin.qwair.com\/va\/wp-json\/wp\/v2\/product\/18937","targetHints":{"allow":["GET"]}}],"collection":[{"href":"https:\/\/marqalicante-admin.qwair.com\/va\/wp-json\/wp\/v2\/product"}],"about":[{"href":"https:\/\/marqalicante-admin.qwair.com\/va\/wp-json\/wp\/v2\/types\/product"}],"wp:featuredmedia":[{"embeddable":true,"href":"https:\/\/marqalicante-admin.qwair.com\/va\/wp-json\/wp\/v2\/media\/18813"}],"wp:attachment":[{"href":"https:\/\/marqalicante-admin.qwair.com\/va\/wp-json\/wp\/v2\/media?parent=18937"}],"wp:term":[{"taxonomy":"product_brand","embeddable":true,"href":"https:\/\/marqalicante-admin.qwair.com\/va\/wp-json\/wp\/v2\/product_brand?post=18937"},{"taxonomy":"product_cat","embeddable":true,"href":"https:\/\/marqalicante-admin.qwair.com\/va\/wp-json\/wp\/v2\/product_cat?post=18937"},{"taxonomy":"product_tag","embeddable":true,"href":"https:\/\/marqalicante-admin.qwair.com\/va\/wp-json\/wp\/v2\/product_tag?post=18937"}],"curies":[{"name":"wp","href":"https:\/\/api.w.org\/{rel}","templated":true}]}}