{"id":18934,"date":"2025-01-20T07:07:30","date_gmt":"2025-01-20T07:07:30","guid":{"rendered":"https:\/\/marqalicante-admin.qwair.com\/item\/maies-lenigma-de-les-ciutats-perdudes\/"},"modified":"2025-03-03T14:09:51","modified_gmt":"2025-03-03T14:09:51","slug":"maies-lenigma-de-les-ciutats-perdudes","status":"publish","type":"product","link":"https:\/\/marqalicante-admin.qwair.com\/va\/producte\/maies-lenigma-de-les-ciutats-perdudes\/","title":{"rendered":"Maies. L&#039;enigma de les ciutats perdudes"},"content":{"rendered":"<div class=\"documento-item\">\n                    <h2 class=\"documento-title\">Guia completa<\/h2>\n        \n        \n                    <a href=\"https:\/\/marqalicante.com\/contenido\/genericas\/GUIA%20MAYAS%20VALENC.pdf\" class=\"documento-btn\" target=\"_blank\" rel=\"noopener\">\n                <i class=\"fas fa-file-pdf\"><\/i> Descarregar PDF\n            <\/a>\n            <\/div>","protected":false},"excerpt":{"rendered":"<p>Guia did\u00e0ctica de la magn\u00edfica exposici\u00f3 internacional que va visitar l&#039;any 2017. Orientada als docents d&#039;educaci\u00f3 prim\u00e0ria i secund\u00e0ria i al p\u00fablic en general. En ella es desenvolupen tots els aspectes relacionats amb la cultura i la vida quotidiana de la civilitzaci\u00f3 maia, la qual es va desenvolupar principalment a les terres de Guatemala i M\u00e8xic. Podr\u00e0s con\u00e8ixer, per exemple, l&#039;escriptura, el calendari, les ciutats o els mites dels maies.<\/p>","protected":false},"featured_media":18810,"template":"","meta":{"kia_subtitle":""},"product_brand":[],"product_cat":[1717],"product_tag":[],"class_list":{"0":"post-18934","1":"product","2":"type-product","3":"status-publish","4":"has-post-thumbnail","6":"product_cat-guias-didacticas","8":"first","9":"instock","10":"virtual","11":"product-type-simple"},"meta_box":{"ia_expediente":"","ia_ano":"","ia_fechas_de_actuacion":"","ia_municipios_comarcas":"","ia_directores":"","ia_periodos_culturales":"","ia_tipos_de_intervencion":"","ia_equipo_tecnico":"","ia_autores":"","ia_promotores":"","ia_deposito_de_materiales":"","ia_coordenadas_utm":""},"_links":{"self":[{"href":"https:\/\/marqalicante-admin.qwair.com\/va\/wp-json\/wp\/v2\/product\/18934","targetHints":{"allow":["GET"]}}],"collection":[{"href":"https:\/\/marqalicante-admin.qwair.com\/va\/wp-json\/wp\/v2\/product"}],"about":[{"href":"https:\/\/marqalicante-admin.qwair.com\/va\/wp-json\/wp\/v2\/types\/product"}],"wp:featuredmedia":[{"embeddable":true,"href":"https:\/\/marqalicante-admin.qwair.com\/va\/wp-json\/wp\/v2\/media\/18810"}],"wp:attachment":[{"href":"https:\/\/marqalicante-admin.qwair.com\/va\/wp-json\/wp\/v2\/media?parent=18934"}],"wp:term":[{"taxonomy":"product_brand","embeddable":true,"href":"https:\/\/marqalicante-admin.qwair.com\/va\/wp-json\/wp\/v2\/product_brand?post=18934"},{"taxonomy":"product_cat","embeddable":true,"href":"https:\/\/marqalicante-admin.qwair.com\/va\/wp-json\/wp\/v2\/product_cat?post=18934"},{"taxonomy":"product_tag","embeddable":true,"href":"https:\/\/marqalicante-admin.qwair.com\/va\/wp-json\/wp\/v2\/product_tag?post=18934"}],"curies":[{"name":"wp","href":"https:\/\/api.w.org\/{rel}","templated":true}]}}