{"id":18918,"date":"2025-01-20T07:07:25","date_gmt":"2025-01-20T07:07:25","guid":{"rendered":"https:\/\/marqalicante-admin.qwair.com\/item\/luz-de-roma-lucernas-romanas\/"},"modified":"2025-03-03T14:09:47","modified_gmt":"2025-03-03T14:09:47","slug":"luz-de-roma-lucernas-romanas","status":"publish","type":"product","link":"https:\/\/marqalicante-admin.qwair.com\/va\/producte\/luz-de-roma-lucernas-romanas\/","title":{"rendered":"Llum de Roma. Lucernes romanes"},"content":{"rendered":"<div class=\"documento-item\">\n                    <h2 class=\"documento-title\">Guia completa<\/h2>\n        \n        \n                    <a href=\"https:\/\/marqalicante.com\/contenido\/genericas\/GUIA%20LUCERNASREED.pdf\" class=\"documento-btn\" target=\"_blank\" rel=\"noopener\">\n                <i class=\"fas fa-file-pdf\"><\/i> Descarregar PDF\n            <\/a>\n            <\/div>","protected":false},"excerpt":{"rendered":"<p>Guia did\u00e0ctica de lexposici\u00f3 itinerant orientada a Educaci\u00f3 Prim\u00e0ria i Secund\u00e0ria. \u00c9s una guia dedicada monogr\u00e0ficament a les lluernes (l\u00e0mpades d&#039;argila per a la il\u00b7luminaci\u00f3) romanes. Podr\u00e0s con\u00e8ixer-ne les formes, els tipus i l&#039;\u00fas.<\/p>","protected":false},"featured_media":18794,"template":"","meta":{"kia_subtitle":""},"product_brand":[],"product_cat":[1717],"product_tag":[],"class_list":{"0":"post-18918","1":"product","2":"type-product","3":"status-publish","4":"has-post-thumbnail","6":"product_cat-guias-didacticas","8":"first","9":"instock","10":"virtual","11":"product-type-simple"},"meta_box":{"ia_expediente":"","ia_ano":"","ia_fechas_de_actuacion":"","ia_municipios_comarcas":"","ia_directores":"","ia_periodos_culturales":"","ia_tipos_de_intervencion":"","ia_equipo_tecnico":"","ia_autores":"","ia_promotores":"","ia_deposito_de_materiales":"","ia_coordenadas_utm":""},"_links":{"self":[{"href":"https:\/\/marqalicante-admin.qwair.com\/va\/wp-json\/wp\/v2\/product\/18918","targetHints":{"allow":["GET"]}}],"collection":[{"href":"https:\/\/marqalicante-admin.qwair.com\/va\/wp-json\/wp\/v2\/product"}],"about":[{"href":"https:\/\/marqalicante-admin.qwair.com\/va\/wp-json\/wp\/v2\/types\/product"}],"wp:featuredmedia":[{"embeddable":true,"href":"https:\/\/marqalicante-admin.qwair.com\/va\/wp-json\/wp\/v2\/media\/18794"}],"wp:attachment":[{"href":"https:\/\/marqalicante-admin.qwair.com\/va\/wp-json\/wp\/v2\/media?parent=18918"}],"wp:term":[{"taxonomy":"product_brand","embeddable":true,"href":"https:\/\/marqalicante-admin.qwair.com\/va\/wp-json\/wp\/v2\/product_brand?post=18918"},{"taxonomy":"product_cat","embeddable":true,"href":"https:\/\/marqalicante-admin.qwair.com\/va\/wp-json\/wp\/v2\/product_cat?post=18918"},{"taxonomy":"product_tag","embeddable":true,"href":"https:\/\/marqalicante-admin.qwair.com\/va\/wp-json\/wp\/v2\/product_tag?post=18918"}],"curies":[{"name":"wp","href":"https:\/\/api.w.org\/{rel}","templated":true}]}}