{"id":18915,"date":"2025-01-20T07:07:25","date_gmt":"2025-01-20T07:07:25","guid":{"rendered":"https:\/\/marqalicante-admin.qwair.com\/item\/vikingos-guerreros-del-norte-gigantes-del-mar-2\/"},"modified":"2025-03-03T14:09:47","modified_gmt":"2025-03-03T14:09:47","slug":"vikingos-guerreros-del-norte-gigantes-del-mar-2","status":"publish","type":"product","link":"https:\/\/marqalicante-admin.qwair.com\/va\/producte\/vikingos-guerreros-del-norte-gigantes-del-mar-2\/","title":{"rendered":"V\u00edkings. Guerrers del Nord, gegants del mar"},"content":{"rendered":"<div class=\"documento-item\">\n                    <h2 class=\"documento-title\">Guia completa<\/h2>\n        \n        \n                    <a href=\"https:\/\/marqalicante.com\/contenido\/genericas\/VIKINGOS%20RED.pdf\" class=\"documento-btn\" target=\"_blank\" rel=\"noopener\">\n                <i class=\"fas fa-file-pdf\"><\/i> Descarregar PDF\n            <\/a>\n            <\/div>","protected":false},"excerpt":{"rendered":"<p>Guia did\u00e0ctica d\u00b4aquesta magn\u00edfica exposici\u00f3 temporal internacional orientada a Educaci\u00f3 Prim\u00e0ria i Secund\u00e0ria. Coneixer\u00e0s tots els aspectes relacionats amb la vida di\u00e0ria d&#039;aquesta civilitzaci\u00f3 n\u00f2rdica, que va assolar durant un parell de segles les costes de l&#039;Europa atl\u00e0ntica, arribant fins i tot a la Mediterr\u00e0nia. Et sorprendr\u00e0s de les incursions que van realitzar a les nostres terres, arribant fins i tot a saquejar Oriola.<\/p>","protected":false},"featured_media":18791,"template":"","meta":{"kia_subtitle":""},"product_brand":[],"product_cat":[1717],"product_tag":[],"class_list":{"0":"post-18915","1":"product","2":"type-product","3":"status-publish","4":"has-post-thumbnail","6":"product_cat-guias-didacticas","8":"first","9":"instock","10":"virtual","11":"product-type-simple"},"meta_box":{"ia_expediente":"","ia_ano":"","ia_fechas_de_actuacion":"","ia_municipios_comarcas":"","ia_directores":"","ia_periodos_culturales":"","ia_tipos_de_intervencion":"","ia_equipo_tecnico":"","ia_autores":"","ia_promotores":"","ia_deposito_de_materiales":"","ia_coordenadas_utm":""},"_links":{"self":[{"href":"https:\/\/marqalicante-admin.qwair.com\/va\/wp-json\/wp\/v2\/product\/18915","targetHints":{"allow":["GET"]}}],"collection":[{"href":"https:\/\/marqalicante-admin.qwair.com\/va\/wp-json\/wp\/v2\/product"}],"about":[{"href":"https:\/\/marqalicante-admin.qwair.com\/va\/wp-json\/wp\/v2\/types\/product"}],"wp:featuredmedia":[{"embeddable":true,"href":"https:\/\/marqalicante-admin.qwair.com\/va\/wp-json\/wp\/v2\/media\/18791"}],"wp:attachment":[{"href":"https:\/\/marqalicante-admin.qwair.com\/va\/wp-json\/wp\/v2\/media?parent=18915"}],"wp:term":[{"taxonomy":"product_brand","embeddable":true,"href":"https:\/\/marqalicante-admin.qwair.com\/va\/wp-json\/wp\/v2\/product_brand?post=18915"},{"taxonomy":"product_cat","embeddable":true,"href":"https:\/\/marqalicante-admin.qwair.com\/va\/wp-json\/wp\/v2\/product_cat?post=18915"},{"taxonomy":"product_tag","embeddable":true,"href":"https:\/\/marqalicante-admin.qwair.com\/va\/wp-json\/wp\/v2\/product_tag?post=18915"}],"curies":[{"name":"wp","href":"https:\/\/api.w.org\/{rel}","templated":true}]}}