{"id":18914,"date":"2025-01-20T07:07:24","date_gmt":"2025-01-20T07:07:24","guid":{"rendered":"https:\/\/marqalicante-admin.qwair.com\/item\/romanos-contra-romanos-sertorio-y-las-guerras-civiles-en-el-sudeste-de-hispania\/"},"modified":"2025-03-03T14:09:46","modified_gmt":"2025-03-03T14:09:46","slug":"romanos-contra-romanos-sertorio-y-las-guerras-civiles-en-el-sudeste-de-hispania","status":"publish","type":"product","link":"https:\/\/marqalicante-admin.qwair.com\/va\/producte\/romanos-contra-romanos-sertorio-y-las-guerras-civiles-en-el-sudeste-de-hispania\/","title":{"rendered":"Romans contra romans. Sertori i les Guerres civils al Sud-est d&#039;Hisp\u00e0nia"},"content":{"rendered":"<div class=\"documento-item\">\n                    <h2 class=\"documento-title\">Guia completa<\/h2>\n        \n        \n                    <a href=\"https:\/\/marqalicante.com\/contenido\/genericas\/ROMANOS%20CONTRA%20ROMANOS%20RED.pdf\" class=\"documento-btn\" target=\"_blank\" rel=\"noopener\">\n                <i class=\"fas fa-file-pdf\"><\/i> Descarregar PDF\n            <\/a>\n            <\/div>","protected":false},"excerpt":{"rendered":"<p>Guia did\u00e0ctica de lexposici\u00f3 temporal orientada a Educaci\u00f3 Prim\u00e0ria i Secund\u00e0ria. Se centra en un episodi fonamental de la hist\u00f2ria de la Hisp\u00e0nia romana, la guerra Sertoriana, que va tenir com a escenari, entre d&#039;altres, les terres del nord de la nostra prov\u00edncia, al mass\u00eds del Montg\u00f3. Coneixer\u00e0s moltes altres dades sobre com s&#039;organitzava l&#039;ex\u00e8rcit rom\u00e0.<\/p>","protected":false},"featured_media":18790,"template":"","meta":{"kia_subtitle":""},"product_brand":[],"product_cat":[1717],"product_tag":[],"class_list":{"0":"post-18914","1":"product","2":"type-product","3":"status-publish","4":"has-post-thumbnail","6":"product_cat-guias-didacticas","8":"first","9":"instock","10":"virtual","11":"product-type-simple"},"meta_box":{"ia_expediente":"","ia_ano":"","ia_fechas_de_actuacion":"","ia_municipios_comarcas":"","ia_directores":"","ia_periodos_culturales":"","ia_tipos_de_intervencion":"","ia_equipo_tecnico":"","ia_autores":"","ia_promotores":"","ia_deposito_de_materiales":"","ia_coordenadas_utm":""},"_links":{"self":[{"href":"https:\/\/marqalicante-admin.qwair.com\/va\/wp-json\/wp\/v2\/product\/18914","targetHints":{"allow":["GET"]}}],"collection":[{"href":"https:\/\/marqalicante-admin.qwair.com\/va\/wp-json\/wp\/v2\/product"}],"about":[{"href":"https:\/\/marqalicante-admin.qwair.com\/va\/wp-json\/wp\/v2\/types\/product"}],"wp:featuredmedia":[{"embeddable":true,"href":"https:\/\/marqalicante-admin.qwair.com\/va\/wp-json\/wp\/v2\/media\/18790"}],"wp:attachment":[{"href":"https:\/\/marqalicante-admin.qwair.com\/va\/wp-json\/wp\/v2\/media?parent=18914"}],"wp:term":[{"taxonomy":"product_brand","embeddable":true,"href":"https:\/\/marqalicante-admin.qwair.com\/va\/wp-json\/wp\/v2\/product_brand?post=18914"},{"taxonomy":"product_cat","embeddable":true,"href":"https:\/\/marqalicante-admin.qwair.com\/va\/wp-json\/wp\/v2\/product_cat?post=18914"},{"taxonomy":"product_tag","embeddable":true,"href":"https:\/\/marqalicante-admin.qwair.com\/va\/wp-json\/wp\/v2\/product_tag?post=18914"}],"curies":[{"name":"wp","href":"https:\/\/api.w.org\/{rel}","templated":true}]}}