{"id":18912,"date":"2025-01-20T07:07:24","date_gmt":"2025-01-20T07:07:24","guid":{"rendered":"https:\/\/marqalicante-admin.qwair.com\/item\/el-marq-y-las-salas-tematicas-guia-didactica-para-secundaria\/"},"modified":"2025-03-03T14:09:46","modified_gmt":"2025-03-03T14:09:46","slug":"el-marq-y-las-salas-tematicas-guia-didactica-para-secundaria","status":"publish","type":"product","link":"https:\/\/marqalicante-admin.qwair.com\/va\/producte\/el-marq-y-las-salas-tematicas-guia-didactica-para-secundaria\/","title":{"rendered":"EL MARQ I LES SALES TEM\u00c0TIQUES. Guia did\u00e0ctica per a Secund\u00e0ria"},"content":{"rendered":"","protected":false},"excerpt":{"rendered":"<p>Aquest quadern est\u00e0 dividit en dues parts. A la primera , s&#039;explica qu\u00e8 \u00e9s l&#039;Arqueologia i com \u00e9s el MARQ (la distribuci\u00f3, el funcionament intern,\u2026). A la segona part, s&#039;exposen les tres sales tem\u00e0tiques que expliquen la metodologia arqueol\u00f2gica en diferents ambients: en una cova (Arqueologia de Camp), a l&#039;interior d&#039;un edifici medieval (Arqueologia Urbana) i sota el mar (Arqueologia Subaqu\u00e0tica).<\/p>","protected":false},"featured_media":18788,"template":"","meta":{"kia_subtitle":""},"product_brand":[],"product_cat":[1717],"product_tag":[],"class_list":{"0":"post-18912","1":"product","2":"type-product","3":"status-publish","4":"has-post-thumbnail","6":"product_cat-guias-didacticas","8":"first","9":"instock","10":"virtual","11":"product-type-simple"},"meta_box":{"ia_expediente":"","ia_ano":"","ia_fechas_de_actuacion":"","ia_municipios_comarcas":"","ia_directores":"","ia_periodos_culturales":"","ia_tipos_de_intervencion":"","ia_equipo_tecnico":"","ia_autores":"","ia_promotores":"","ia_deposito_de_materiales":"","ia_coordenadas_utm":""},"_links":{"self":[{"href":"https:\/\/marqalicante-admin.qwair.com\/va\/wp-json\/wp\/v2\/product\/18912","targetHints":{"allow":["GET"]}}],"collection":[{"href":"https:\/\/marqalicante-admin.qwair.com\/va\/wp-json\/wp\/v2\/product"}],"about":[{"href":"https:\/\/marqalicante-admin.qwair.com\/va\/wp-json\/wp\/v2\/types\/product"}],"wp:featuredmedia":[{"embeddable":true,"href":"https:\/\/marqalicante-admin.qwair.com\/va\/wp-json\/wp\/v2\/media\/18788"}],"wp:attachment":[{"href":"https:\/\/marqalicante-admin.qwair.com\/va\/wp-json\/wp\/v2\/media?parent=18912"}],"wp:term":[{"taxonomy":"product_brand","embeddable":true,"href":"https:\/\/marqalicante-admin.qwair.com\/va\/wp-json\/wp\/v2\/product_brand?post=18912"},{"taxonomy":"product_cat","embeddable":true,"href":"https:\/\/marqalicante-admin.qwair.com\/va\/wp-json\/wp\/v2\/product_cat?post=18912"},{"taxonomy":"product_tag","embeddable":true,"href":"https:\/\/marqalicante-admin.qwair.com\/va\/wp-json\/wp\/v2\/product_tag?post=18912"}],"curies":[{"name":"wp","href":"https:\/\/api.w.org\/{rel}","templated":true}]}}