{"id":18910,"date":"2025-01-20T07:07:23","date_gmt":"2025-01-20T07:07:23","guid":{"rendered":"https:\/\/marqalicante-admin.qwair.com\/item\/el-reino-de-la-sal-7-000-anos-de-historia-de-hallstatt\/"},"modified":"2025-03-03T14:09:46","modified_gmt":"2025-03-03T14:09:46","slug":"el-reino-de-la-sal-7-000-anos-de-historia-de-hallstatt","status":"publish","type":"product","link":"https:\/\/marqalicante-admin.qwair.com\/va\/producte\/el-reino-de-la-sal-7-000-anos-de-historia-de-hallstatt\/","title":{"rendered":"EL REGNE DE LA SAL. 7.000 ANYS D&#039;HIST\u00d2RIA DE HALLSTATT"},"content":{"rendered":"<div class=\"documento-item\">\n                    <h2 class=\"documento-title\">Guia completa<\/h2>\n        \n        \n                    <a href=\"https:\/\/marqalicante.com\/contenido\/genericas\/Hallstatt_%20El%20reino%20de%20la%20sal_.pdf\" class=\"documento-btn\" target=\"_blank\" rel=\"noopener\">\n                <i class=\"fas fa-file-pdf\"><\/i> Descarregar PDF\n            <\/a>\n            <\/div>","protected":false},"excerpt":{"rendered":"<p>Hallstatt (\u00c0ustria) \u00e9s un conegut i important jaciment arqueol\u00f2gic de les Edats del Bronze i del Ferro, fam\u00f3s al Prehist\u00f2ria europea per la seva rica necr\u00f2polis. Per\u00f2 tamb\u00e9 mundialment conegut per les mines de sal, que estan sent objecte d&#039;estudi per part de l&#039;arqueologia. La guia detalla com era el treball a les mines i com eren els utensilis prehist\u00f2rics que hi havia, procedents del Museu d&#039;Hist\u00f2ria Natural de Viena. Tamb\u00e9 s&#039;hi inclou un recorregut hist\u00f2ric del paper de la sal a la prov\u00edncia d&#039;Alacant.<\/p>","protected":false},"featured_media":18786,"template":"","meta":{"kia_subtitle":""},"product_brand":[],"product_cat":[1717],"product_tag":[],"class_list":{"0":"post-18910","1":"product","2":"type-product","3":"status-publish","4":"has-post-thumbnail","6":"product_cat-guias-didacticas","8":"first","9":"instock","10":"virtual","11":"product-type-simple"},"meta_box":{"ia_expediente":"","ia_ano":"","ia_fechas_de_actuacion":"","ia_municipios_comarcas":"","ia_directores":"","ia_periodos_culturales":"","ia_tipos_de_intervencion":"","ia_equipo_tecnico":"","ia_autores":"","ia_promotores":"","ia_deposito_de_materiales":"","ia_coordenadas_utm":""},"_links":{"self":[{"href":"https:\/\/marqalicante-admin.qwair.com\/va\/wp-json\/wp\/v2\/product\/18910","targetHints":{"allow":["GET"]}}],"collection":[{"href":"https:\/\/marqalicante-admin.qwair.com\/va\/wp-json\/wp\/v2\/product"}],"about":[{"href":"https:\/\/marqalicante-admin.qwair.com\/va\/wp-json\/wp\/v2\/types\/product"}],"wp:featuredmedia":[{"embeddable":true,"href":"https:\/\/marqalicante-admin.qwair.com\/va\/wp-json\/wp\/v2\/media\/18786"}],"wp:attachment":[{"href":"https:\/\/marqalicante-admin.qwair.com\/va\/wp-json\/wp\/v2\/media?parent=18910"}],"wp:term":[{"taxonomy":"product_brand","embeddable":true,"href":"https:\/\/marqalicante-admin.qwair.com\/va\/wp-json\/wp\/v2\/product_brand?post=18910"},{"taxonomy":"product_cat","embeddable":true,"href":"https:\/\/marqalicante-admin.qwair.com\/va\/wp-json\/wp\/v2\/product_cat?post=18910"},{"taxonomy":"product_tag","embeddable":true,"href":"https:\/\/marqalicante-admin.qwair.com\/va\/wp-json\/wp\/v2\/product_tag?post=18910"}],"curies":[{"name":"wp","href":"https:\/\/api.w.org\/{rel}","templated":true}]}}