{"id":18909,"date":"2025-01-20T07:07:23","date_gmt":"2025-01-20T07:07:23","guid":{"rendered":"https:\/\/marqalicante-admin.qwair.com\/item\/senores-del-cielo-y-de-la-tierra\/"},"modified":"2025-03-03T14:09:45","modified_gmt":"2025-03-03T14:09:45","slug":"senores-del-cielo-y-de-la-tierra","status":"publish","type":"product","link":"https:\/\/marqalicante-admin.qwair.com\/va\/producte\/senores-del-cielo-y-de-la-tierra\/","title":{"rendered":"SENYORS DEL CEL I DE LA TERRA"},"content":{"rendered":"","protected":false},"excerpt":{"rendered":"<p>Recorregut per la hist\u00f2ria i la cultura de l&#039;antiga Xina durant la dinastia Han (segles III aC-III dC). En aquesta guia que posa a disposici\u00f3 el MARQ es podr\u00e0 con\u00e8ixer cadascun dels aspectes m\u00e9s destacats de la civilitzaci\u00f3 xinesa durant aquest per\u00edode: cal\u00b7ligrafia, art, ci\u00e8ncia, t\u00e8cnica, creences i m\u00f3n funerari. Es reserva un paper important a la Ruta de la Seda i als contactes espor\u00e0dics que hi va haver entre l&#039;imperi Rom\u00e0 i el dels Han.<\/p>","protected":false},"featured_media":18785,"template":"","meta":{"kia_subtitle":""},"product_brand":[],"product_cat":[1717],"product_tag":[],"class_list":{"0":"post-18909","1":"product","2":"type-product","3":"status-publish","4":"has-post-thumbnail","6":"product_cat-guias-didacticas","8":"first","9":"instock","10":"virtual","11":"product-type-simple"},"meta_box":{"ia_expediente":"","ia_ano":"","ia_fechas_de_actuacion":"","ia_municipios_comarcas":"","ia_directores":"","ia_periodos_culturales":"","ia_tipos_de_intervencion":"","ia_equipo_tecnico":"","ia_autores":"","ia_promotores":"","ia_deposito_de_materiales":"","ia_coordenadas_utm":""},"_links":{"self":[{"href":"https:\/\/marqalicante-admin.qwair.com\/va\/wp-json\/wp\/v2\/product\/18909","targetHints":{"allow":["GET"]}}],"collection":[{"href":"https:\/\/marqalicante-admin.qwair.com\/va\/wp-json\/wp\/v2\/product"}],"about":[{"href":"https:\/\/marqalicante-admin.qwair.com\/va\/wp-json\/wp\/v2\/types\/product"}],"wp:featuredmedia":[{"embeddable":true,"href":"https:\/\/marqalicante-admin.qwair.com\/va\/wp-json\/wp\/v2\/media\/18785"}],"wp:attachment":[{"href":"https:\/\/marqalicante-admin.qwair.com\/va\/wp-json\/wp\/v2\/media?parent=18909"}],"wp:term":[{"taxonomy":"product_brand","embeddable":true,"href":"https:\/\/marqalicante-admin.qwair.com\/va\/wp-json\/wp\/v2\/product_brand?post=18909"},{"taxonomy":"product_cat","embeddable":true,"href":"https:\/\/marqalicante-admin.qwair.com\/va\/wp-json\/wp\/v2\/product_cat?post=18909"},{"taxonomy":"product_tag","embeddable":true,"href":"https:\/\/marqalicante-admin.qwair.com\/va\/wp-json\/wp\/v2\/product_tag?post=18909"}],"curies":[{"name":"wp","href":"https:\/\/api.w.org\/{rel}","templated":true}]}}