{"id":18908,"date":"2025-01-20T07:07:23","date_gmt":"2025-01-20T07:07:23","guid":{"rendered":"https:\/\/marqalicante-admin.qwair.com\/item\/deltebre-i-la-historia-de-un-naufragio\/"},"modified":"2025-03-03T14:09:45","modified_gmt":"2025-03-03T14:09:45","slug":"deltebre-i-la-historia-de-un-naufragio","status":"publish","type":"product","link":"https:\/\/marqalicante-admin.qwair.com\/va\/producte\/deltebre-i-la-historia-de-un-naufragio\/","title":{"rendered":"DELTEBRE I. LA HIST\u00d2RIA D&#039;UN NAUFRAGI"},"content":{"rendered":"","protected":false},"excerpt":{"rendered":"<p>En aquesta guia s&#039;il\u00b7lustra el descobriment i estudi d&#039;un restes (vaixell enfonsat) de principis del segle XIX, anomenat Deltebre I, que va participar en una operaci\u00f3 de setge de la ciutat de Tarragona durant la Guerra del Franc\u00e8s (1808-1814). Aquesta troballa t\u00e9 una relaci\u00f3 estreta i directa amb Alacant, ja que l&#039;expedici\u00f3 militar va partir i va tornar al port d&#039;Alacant. Entre les troballes d&#039;aquest vaixell enfonsat hi ha una ampolla sense destapar de vi Fondill\u00f3n d&#039;Alacant, a m\u00e9s d&#039;aparells, objectes de la tripulaci\u00f3 i material de guerra abundant.<\/p>","protected":false},"featured_media":18784,"template":"","meta":{"kia_subtitle":""},"product_brand":[],"product_cat":[1717],"product_tag":[],"class_list":{"0":"post-18908","1":"product","2":"type-product","3":"status-publish","4":"has-post-thumbnail","6":"product_cat-guias-didacticas","8":"first","9":"instock","10":"virtual","11":"product-type-simple"},"meta_box":{"ia_expediente":"","ia_ano":"","ia_fechas_de_actuacion":"","ia_municipios_comarcas":"","ia_directores":"","ia_periodos_culturales":"","ia_tipos_de_intervencion":"","ia_equipo_tecnico":"","ia_autores":"","ia_promotores":"","ia_deposito_de_materiales":"","ia_coordenadas_utm":""},"_links":{"self":[{"href":"https:\/\/marqalicante-admin.qwair.com\/va\/wp-json\/wp\/v2\/product\/18908","targetHints":{"allow":["GET"]}}],"collection":[{"href":"https:\/\/marqalicante-admin.qwair.com\/va\/wp-json\/wp\/v2\/product"}],"about":[{"href":"https:\/\/marqalicante-admin.qwair.com\/va\/wp-json\/wp\/v2\/types\/product"}],"wp:featuredmedia":[{"embeddable":true,"href":"https:\/\/marqalicante-admin.qwair.com\/va\/wp-json\/wp\/v2\/media\/18784"}],"wp:attachment":[{"href":"https:\/\/marqalicante-admin.qwair.com\/va\/wp-json\/wp\/v2\/media?parent=18908"}],"wp:term":[{"taxonomy":"product_brand","embeddable":true,"href":"https:\/\/marqalicante-admin.qwair.com\/va\/wp-json\/wp\/v2\/product_brand?post=18908"},{"taxonomy":"product_cat","embeddable":true,"href":"https:\/\/marqalicante-admin.qwair.com\/va\/wp-json\/wp\/v2\/product_cat?post=18908"},{"taxonomy":"product_tag","embeddable":true,"href":"https:\/\/marqalicante-admin.qwair.com\/va\/wp-json\/wp\/v2\/product_tag?post=18908"}],"curies":[{"name":"wp","href":"https:\/\/api.w.org\/{rel}","templated":true}]}}